{"id":3149,"date":"2024-06-25T16:59:47","date_gmt":"2024-06-25T14:59:47","guid":{"rendered":"https:\/\/integrationdesign.se\/lutron\/"},"modified":"2025-03-28T14:58:09","modified_gmt":"2025-03-28T13:58:09","slug":"lutron","status":"publish","type":"page","link":"https:\/\/integrationdesign.se\/es\/lutron\/","title":{"rendered":"Lutron"},"content":{"rendered":"<section class=\"l-section wpb_row us_custom_2a11415a height_huge with_img\"><div class=\"l-section-img\" data-img-width=\"1800\" data-img-height=\"1200\" style=\"background-image: url(https:\/\/integrationdesign.se\/wp-content\/uploads\/ERCO-Axis.png);background-repeat: no-repeat;\"><\/div><div class=\"l-section-overlay\" style=\"background:rgba(26,26,26,0.30)\"><\/div><div class=\"l-section-h i-cf\"><div class=\"g-cols vc_row via_grid cols_1 laptops-cols_inherit tablets-cols_inherit mobiles-cols_1 valign_top type_default stacking_default\"><div class=\"wpb_column vc_column_container\"><div class=\"vc_column-inner\"><div class=\"wpb_text_column us_custom_3b745cf9\"><div class=\"wpb_wrapper\"><h1>Integrador autorizado de Lutron en Estocolmo Suecia<\/h1>\n<\/div><\/div><\/div><\/div><\/div><\/div><\/section><section class=\"l-section wpb_row height_medium\"><div class=\"l-section-h i-cf\"><div class=\"g-cols vc_row via_grid cols_1 laptops-cols_inherit tablets-cols_inherit mobiles-cols_1 valign_top type_default stacking_default\"><div class=\"wpb_column vc_column_container\"><div class=\"vc_column-inner\"><div class=\"w-separator size_huge\"><\/div><div class=\"g-cols wpb_row via_grid cols_2-1 laptops-cols_inherit tablets-cols_inherit mobiles-cols_1 valign_middle type_default stacking_default\"><div class=\"wpb_column vc_column_container us_custom_51512f84\"><div class=\"vc_column-inner\"><div class=\"w-image has_ratio align_none\"><div class=\"w-image-h\"><div style=\"padding-bottom:100%\"><\/div><img loading=\"lazy\" decoding=\"async\" width=\"1440\" height=\"2560\" src=\"https:\/\/integrationdesign.se\/wp-content\/uploads\/Xavier-bar-1-scaled.jpeg\" class=\"attachment-full size-full\" alt=\"\" srcset=\"https:\/\/integrationdesign.se\/wp-content\/uploads\/Xavier-bar-1-scaled.jpeg 1440w, https:\/\/integrationdesign.se\/wp-content\/uploads\/Xavier-bar-1-169x300.jpeg 169w, https:\/\/integrationdesign.se\/wp-content\/uploads\/Xavier-bar-1-576x1024.jpeg 576w\" sizes=\"auto, (max-width: 1440px) 100vw, 1440px\" \/><\/div><\/div><\/div><\/div><div class=\"wpb_column vc_column_container\"><div class=\"vc_column-inner\"><div class=\"wpb_text_column\"><div class=\"wpb_wrapper\"><h2>Dise\u00f1amos, vendemos y programamos controles de iluminaci\u00f3n Lutron<\/h2>\n<p>  Lutron es un l\u00edder mundial en el control de la iluminaci\u00f3n con una larga y exitosa historia de innovaci\u00f3n.<br \/>\nDurante m\u00e1s de 60 a\u00f1os, Lutron ha forjado su reputaci\u00f3n creando productos duraderos de la m\u00e1xima calidad.<br \/>\nQuienes eligen Lutron pueden esperar una experiencia sofisticada y de alta calidad que combina tecnolog\u00eda avanzada con un dise\u00f1o elegante.<br \/>\nTrabajamos con soluciones Lutron tanto para espacios residenciales como comerciales, ofreciendo soluciones personalizadas de control de la iluminaci\u00f3n y sombreado para todo tipo de entornos.<\/p>\n<\/div><\/div><\/div><\/div><\/div><div class=\"w-separator size_large\"><\/div><div class=\"g-cols wpb_row via_grid cols_2-1 laptops-cols_inherit tablets-cols_inherit mobiles-cols_1 valign_middle type_default stacking_default\"><div class=\"wpb_column vc_column_container us_custom_51512f84\"><div class=\"vc_column-inner\"><div class=\"w-image has_ratio align_none\"><div class=\"w-image-h\"><div style=\"padding-bottom:66.6667%\"><\/div><img loading=\"lazy\" decoding=\"async\" width=\"1820\" height=\"1290\" src=\"https:\/\/integrationdesign.se\/wp-content\/uploads\/Lutron-Palladiom.jpg\" class=\"attachment-full size-full\" alt=\"\" srcset=\"https:\/\/integrationdesign.se\/wp-content\/uploads\/Lutron-Palladiom.jpg 1820w, https:\/\/integrationdesign.se\/wp-content\/uploads\/Lutron-Palladiom-300x213.jpg 300w, https:\/\/integrationdesign.se\/wp-content\/uploads\/Lutron-Palladiom-1024x726.jpg 1024w\" sizes=\"auto, (max-width: 1820px) 100vw, 1820px\" \/><\/div><\/div><\/div><\/div><div class=\"wpb_column vc_column_container\"><div class=\"vc_column-inner\"><div class=\"wpb_text_column\"><div class=\"wpb_wrapper\"><h2>Lutron Suecia<\/h2>\n<h3>Control de la iluminaci\u00f3n<\/h3>\n<p>  Lutron te ofrece un control total de la iluminaci\u00f3n para crear el ambiente perfecto para cualquier ocasi\u00f3n.<br \/>\nCon los teclados murales, puedes encender f\u00e1cilmente hermosas escenas de iluminaci\u00f3n, o ajustar luces individuales, establecer programaciones autom\u00e1ticas y sensores de movimiento.   <\/p>\n<h3>Protecci\u00f3n solar<\/h3>\n<p>  Las cortinas motorizadas Lutron te ofrecen un control silencioso y preciso de la luz natural, mejorando el confort y la eficiencia energ\u00e9tica de tu oficina o casa.<br \/>\nExperimenta la sensaci\u00f3n de oscurecimiento total en el dormitorio o un ligero filtrado de la luz solar en el sal\u00f3n.<\/p>\n<\/div><\/div><\/div><\/div><\/div><div class=\"w-separator size_large\"><\/div><div class=\"g-cols wpb_row via_grid cols_2-1 laptops-cols_inherit tablets-cols_inherit mobiles-cols_1 valign_middle type_default stacking_default\"><div class=\"wpb_column vc_column_container us_custom_51512f84\"><div class=\"vc_column-inner\"><div class=\"w-image has_ratio align_none\"><div class=\"w-image-h\"><div style=\"padding-bottom:150%\"><\/div><img loading=\"lazy\" decoding=\"async\" width=\"1920\" height=\"2560\" src=\"https:\/\/integrationdesign.se\/wp-content\/uploads\/IMG_9308-scaled.jpg\" class=\"attachment-full size-full\" alt=\"\" srcset=\"https:\/\/integrationdesign.se\/wp-content\/uploads\/IMG_9308-scaled.jpg 1920w, https:\/\/integrationdesign.se\/wp-content\/uploads\/IMG_9308-225x300.jpg 225w, https:\/\/integrationdesign.se\/wp-content\/uploads\/IMG_9308-768x1024.jpg 768w\" sizes=\"auto, (max-width: 1920px) 100vw, 1920px\" \/><\/div><\/div><\/div><\/div><div class=\"wpb_column vc_column_container\"><div class=\"vc_column-inner\"><div class=\"wpb_text_column\"><div class=\"wpb_wrapper\"><h2>Nuestros servicios especializados<\/h2>\n<h3>Planificaci\u00f3n del proyecto<\/h3>\n<p>  Dise\u00f1amos y proyectamos sistemas Lutron completos, desde el concepto hasta el documento de obra terminado.<br \/>\nSi est\u00e1s construyendo la casa de tus sue\u00f1os, podemos ayudarte con ideas y planificaci\u00f3n.<br \/>\nSi eres interiorista o arquitecto y necesitas soluciones para un proyecto, nuestro equipo est\u00e1 a tu servicio con sugerencias e informaci\u00f3n t\u00e9cnica.    <\/p>\n<h3>Productos y servicios<\/h3>\n<p>  Como distribuidores autorizados, suministramos toda la gama de productos Lutron.<br \/>\nProductos individuales o sistemas completos para el control de la luz y la protecci\u00f3n solar.   <\/p>\n<h3>Programaci\u00f3n<\/h3>\n<p>  Nuestros t\u00e9cnicos ponen en marcha y programan sistemas Lutron para viviendas particulares, restaurantes, oficinas y entornos marinos.  <\/p>\n<h3>Servicio y asistencia<\/h3>\n<p>  \u00bfTienes un sistema que necesita reparaci\u00f3n, programaci\u00f3n o actualizaci\u00f3n?<br \/>\nPonte en contacto con nosotros, tenemos muchos a\u00f1os de experiencia con varias generaciones de Lutron y podemos solucionar la mayor\u00eda de las cosas.<\/p>\n<\/div><\/div><\/div><\/div><\/div><div class=\"w-separator size_large\"><\/div><\/div><\/div><\/div><\/div><\/section><section class=\"l-section wpb_row height_medium\"><div class=\"l-section-h i-cf\"><div class=\"g-cols vc_row via_grid cols_1 laptops-cols_inherit tablets-cols_inherit mobiles-cols_1 valign_top type_default stacking_default\"><div class=\"wpb_column vc_column_container\"><div class=\"vc_column-inner\"><div class=\"w-separator size_medium\"><\/div><\/div><\/div><\/div><\/div><\/section>\n","protected":false},"excerpt":{"rendered":"Integrador autorizado de Lutron en Estocolmo Suecia Dise\u00f1amos, vendemos y programamos controles de iluminaci\u00f3n Lutron Lutron es un l\u00edder mundial en el control de la iluminaci\u00f3n con una larga y exitosa historia de innovaci\u00f3n. Durante m\u00e1s de 60 a\u00f1os, Lutron ha forjado su reputaci\u00f3n creando productos duraderos de la m\u00e1xima calidad. Quienes eligen Lutron pueden...","protected":false},"author":4,"featured_media":0,"parent":0,"menu_order":0,"comment_status":"closed","ping_status":"closed","template":"","meta":{"footnotes":""},"class_list":["post-3149","page","type-page","status-publish","hentry"],"yoast_head":"<!-- This site is optimized with the Yoast SEO plugin v27.4 - https:\/\/yoast.com\/product\/yoast-seo-wordpress\/ -->\n<title>Lutron en Estocolmo Suecia - Integration design<\/title>\n<meta name=\"description\" content=\"Lutron ofrece una amplia gama de soluciones tanto para espacios residenciales como comerciales para satisfacer tus necesidades espec\u00edficas.\" \/>\n<meta name=\"robots\" content=\"index, follow, max-snippet:-1, max-image-preview:large, max-video-preview:-1\" \/>\n<link rel=\"canonical\" href=\"https:\/\/integrationdesign.se\/es\/lutron\/\" \/>\n<meta property=\"og:locale\" content=\"es_ES\" \/>\n<meta property=\"og:type\" content=\"article\" \/>\n<meta property=\"og:title\" content=\"Lutron en Estocolmo Suecia - Integration design\" \/>\n<meta property=\"og:description\" content=\"Lutron ofrece una amplia gama de soluciones tanto para espacios residenciales como comerciales para satisfacer tus necesidades espec\u00edficas.\" \/>\n<meta property=\"og:url\" content=\"https:\/\/integrationdesign.se\/es\/lutron\/\" \/>\n<meta property=\"og:site_name\" content=\"Integration design\" \/>\n<meta property=\"article:modified_time\" content=\"2025-03-28T13:58:09+00:00\" \/>\n<meta name=\"twitter:card\" content=\"summary_large_image\" \/>\n<meta name=\"twitter:label1\" content=\"Tiempo de lectura\" \/>\n\t<meta name=\"twitter:data1\" content=\"4 minutos\" \/>\n<script type=\"application\/ld+json\" class=\"yoast-schema-graph\">{\"@context\":\"https:\\\/\\\/schema.org\",\"@graph\":[{\"@type\":\"WebPage\",\"@id\":\"https:\\\/\\\/integrationdesign.se\\\/es\\\/lutron\\\/\",\"url\":\"https:\\\/\\\/integrationdesign.se\\\/es\\\/lutron\\\/\",\"name\":\"Lutron en Estocolmo Suecia - Integration design\",\"isPartOf\":{\"@id\":\"https:\\\/\\\/integrationdesign.se\\\/es\\\/#website\"},\"datePublished\":\"2024-06-25T14:59:47+00:00\",\"dateModified\":\"2025-03-28T13:58:09+00:00\",\"description\":\"Lutron ofrece una amplia gama de soluciones tanto para espacios residenciales como comerciales para satisfacer tus necesidades espec\u00edficas.\",\"breadcrumb\":{\"@id\":\"https:\\\/\\\/integrationdesign.se\\\/es\\\/lutron\\\/#breadcrumb\"},\"inLanguage\":\"es\",\"potentialAction\":[{\"@type\":\"ReadAction\",\"target\":[\"https:\\\/\\\/integrationdesign.se\\\/es\\\/lutron\\\/\"]}]},{\"@type\":\"BreadcrumbList\",\"@id\":\"https:\\\/\\\/integrationdesign.se\\\/es\\\/lutron\\\/#breadcrumb\",\"itemListElement\":[{\"@type\":\"ListItem\",\"position\":1,\"name\":\"Hem\",\"item\":\"https:\\\/\\\/integrationdesign.se\\\/es\\\/transformar-espacios\\\/\"},{\"@type\":\"ListItem\",\"position\":2,\"name\":\"Lutron\"}]},{\"@type\":\"WebSite\",\"@id\":\"https:\\\/\\\/integrationdesign.se\\\/es\\\/#website\",\"url\":\"https:\\\/\\\/integrationdesign.se\\\/es\\\/\",\"name\":\"Integration design\",\"description\":\"Release your senses\",\"potentialAction\":[{\"@type\":\"SearchAction\",\"target\":{\"@type\":\"EntryPoint\",\"urlTemplate\":\"https:\\\/\\\/integrationdesign.se\\\/es\\\/?s={search_term_string}\"},\"query-input\":{\"@type\":\"PropertyValueSpecification\",\"valueRequired\":true,\"valueName\":\"search_term_string\"}}],\"inLanguage\":\"es\"}]}<\/script>\n<!-- \/ Yoast SEO plugin. -->","yoast_head_json":{"title":"Lutron en Estocolmo Suecia - Integration design","description":"Lutron ofrece una amplia gama de soluciones tanto para espacios residenciales como comerciales para satisfacer tus necesidades espec\u00edficas.","robots":{"index":"index","follow":"follow","max-snippet":"max-snippet:-1","max-image-preview":"max-image-preview:large","max-video-preview":"max-video-preview:-1"},"canonical":"https:\/\/integrationdesign.se\/es\/lutron\/","og_locale":"es_ES","og_type":"article","og_title":"Lutron en Estocolmo Suecia - Integration design","og_description":"Lutron ofrece una amplia gama de soluciones tanto para espacios residenciales como comerciales para satisfacer tus necesidades espec\u00edficas.","og_url":"https:\/\/integrationdesign.se\/es\/lutron\/","og_site_name":"Integration design","article_modified_time":"2025-03-28T13:58:09+00:00","twitter_card":"summary_large_image","twitter_misc":{"Tiempo de lectura":"4 minutos"},"schema":{"@context":"https:\/\/schema.org","@graph":[{"@type":"WebPage","@id":"https:\/\/integrationdesign.se\/es\/lutron\/","url":"https:\/\/integrationdesign.se\/es\/lutron\/","name":"Lutron en Estocolmo Suecia - Integration design","isPartOf":{"@id":"https:\/\/integrationdesign.se\/es\/#website"},"datePublished":"2024-06-25T14:59:47+00:00","dateModified":"2025-03-28T13:58:09+00:00","description":"Lutron ofrece una amplia gama de soluciones tanto para espacios residenciales como comerciales para satisfacer tus necesidades espec\u00edficas.","breadcrumb":{"@id":"https:\/\/integrationdesign.se\/es\/lutron\/#breadcrumb"},"inLanguage":"es","potentialAction":[{"@type":"ReadAction","target":["https:\/\/integrationdesign.se\/es\/lutron\/"]}]},{"@type":"BreadcrumbList","@id":"https:\/\/integrationdesign.se\/es\/lutron\/#breadcrumb","itemListElement":[{"@type":"ListItem","position":1,"name":"Hem","item":"https:\/\/integrationdesign.se\/es\/transformar-espacios\/"},{"@type":"ListItem","position":2,"name":"Lutron"}]},{"@type":"WebSite","@id":"https:\/\/integrationdesign.se\/es\/#website","url":"https:\/\/integrationdesign.se\/es\/","name":"Integration design","description":"Release your senses","potentialAction":[{"@type":"SearchAction","target":{"@type":"EntryPoint","urlTemplate":"https:\/\/integrationdesign.se\/es\/?s={search_term_string}"},"query-input":{"@type":"PropertyValueSpecification","valueRequired":true,"valueName":"search_term_string"}}],"inLanguage":"es"}]}},"_links":{"self":[{"href":"https:\/\/integrationdesign.se\/es\/wp-json\/wp\/v2\/pages\/3149","targetHints":{"allow":["GET"]}}],"collection":[{"href":"https:\/\/integrationdesign.se\/es\/wp-json\/wp\/v2\/pages"}],"about":[{"href":"https:\/\/integrationdesign.se\/es\/wp-json\/wp\/v2\/types\/page"}],"author":[{"embeddable":true,"href":"https:\/\/integrationdesign.se\/es\/wp-json\/wp\/v2\/users\/4"}],"replies":[{"embeddable":true,"href":"https:\/\/integrationdesign.se\/es\/wp-json\/wp\/v2\/comments?post=3149"}],"version-history":[{"count":3,"href":"https:\/\/integrationdesign.se\/es\/wp-json\/wp\/v2\/pages\/3149\/revisions"}],"predecessor-version":[{"id":3655,"href":"https:\/\/integrationdesign.se\/es\/wp-json\/wp\/v2\/pages\/3149\/revisions\/3655"}],"wp:attachment":[{"href":"https:\/\/integrationdesign.se\/es\/wp-json\/wp\/v2\/media?parent=3149"}],"curies":[{"name":"wp","href":"https:\/\/api.w.org\/{rel}","templated":true}]}}