{"id":3138,"date":"2024-09-03T11:54:15","date_gmt":"2024-09-03T09:54:15","guid":{"rendered":"https:\/\/integrationdesign.se\/disenador-de-iluminacion\/"},"modified":"2024-09-05T12:11:21","modified_gmt":"2024-09-05T10:11:21","slug":"disenador-de-iluminacion","status":"publish","type":"page","link":"https:\/\/integrationdesign.se\/es\/disenador-de-iluminacion\/","title":{"rendered":"Dise\u00f1ador de iluminaci\u00f3n"},"content":{"rendered":"<section class=\"l-section wpb_row us_custom_2a11415a height_huge with_img\"><div class=\"l-section-img\" data-img-width=\"10874\" data-img-height=\"4305\" style=\"background-image: url(https:\/\/integrationdesign.se\/wp-content\/uploads\/Ljusdesigner-JDA.png);background-repeat: no-repeat;\"><\/div><div class=\"l-section-overlay\" style=\"background:rgba(26,26,26,0.30)\"><\/div><div class=\"l-section-h i-cf\"><div class=\"g-cols vc_row via_grid cols_1 laptops-cols_inherit tablets-cols_inherit mobiles-cols_1 valign_top type_default stacking_default\"><div class=\"wpb_column vc_column_container\"><div class=\"vc_column-inner\"><div class=\"wpb_text_column us_custom_3b745cf9\"><div class=\"wpb_wrapper\"><h1>Dise\u00f1ador de iluminaci\u00f3n<\/h1>\n<\/div><\/div><div class=\"w-separator size_medium\"><\/div><\/div><\/div><\/div><\/div><\/section><section class=\"l-section wpb_row height_medium\"><div class=\"l-section-h i-cf\"><div class=\"g-cols vc_row via_grid cols_1 laptops-cols_inherit tablets-cols_inherit mobiles-cols_1 valign_top type_default stacking_default\"><div class=\"wpb_column vc_column_container\"><div class=\"vc_column-inner\"><div class=\"w-separator size_large\"><\/div><div class=\"g-cols wpb_row via_grid cols_2-1 laptops-cols_inherit tablets-cols_inherit mobiles-cols_1 valign_middle type_default stacking_default\"><div class=\"wpb_column vc_column_container us_custom_51512f84\"><div class=\"vc_column-inner\"><div class=\"w-image align_none\"><div class=\"w-image-h\"><img loading=\"lazy\" decoding=\"async\" width=\"1920\" height=\"2560\" src=\"https:\/\/integrationdesign.se\/wp-content\/uploads\/IMG_0255-3-scaled.jpg\" class=\"attachment-full size-full\" alt=\"\" srcset=\"https:\/\/integrationdesign.se\/wp-content\/uploads\/IMG_0255-3-scaled.jpg 1920w, https:\/\/integrationdesign.se\/wp-content\/uploads\/IMG_0255-3-225x300.jpg 225w, https:\/\/integrationdesign.se\/wp-content\/uploads\/IMG_0255-3-768x1024.jpg 768w\" sizes=\"auto, (max-width: 1920px) 100vw, 1920px\" \/><\/div><\/div><\/div><\/div><div class=\"wpb_column vc_column_container\"><div class=\"vc_column-inner\"><div class=\"w-separator size_medium\"><\/div><div class=\"wpb_text_column us_custom_f1fa72dd\"><div class=\"wpb_wrapper\"><h2>\u00bfQu\u00e9 hace un dise\u00f1ador de iluminaci\u00f3n?<\/h2>\n<h3>Un dise\u00f1ador de iluminaci\u00f3n es algo m\u00e1s que un experto en iluminaci\u00f3n<\/h3>\n<p>  Crear entornos de iluminaci\u00f3n armoniosos y funcionales requiere un profundo conocimiento de la arquitectura, los interiores y el dise\u00f1o.<br \/>\nUn buen dise\u00f1ador de iluminaci\u00f3n debe ser capaz de ver el panorama general y adaptar la iluminaci\u00f3n a la funci\u00f3n y el estilo de la habitaci\u00f3n.<br \/>\nSe trata de crear una sensaci\u00f3n, resaltar los detalles y crear un equilibrio entre luces y sombras.<br \/>\nLas principales cualidades de un dise\u00f1ador de iluminaci\u00f3n son, por tanto, amplios conocimientos, sentido est\u00e9tico y capacidad para ver m\u00e1s all\u00e1 de lo evidente.<br \/>\nLa creatividad y las dotes art\u00edsticas tambi\u00e9n son fundamentales, ya que el dise\u00f1o de iluminaci\u00f3n consiste en crear experiencias visuales que realcen el estado de \u00e1nimo y el mensaje de una producci\u00f3n esc\u00e9nica, un entorno arquitect\u00f3nico u otra presentaci\u00f3n visual.<br \/>\nLa capacidad de comprender el color, la textura y la composici\u00f3n espacial es necesaria para crear una iluminaci\u00f3n armoniosa y bella.       <\/p>\n<h3>El dise\u00f1ador de iluminaci\u00f3n como socio en el dise\u00f1o de interiores<\/h3>\n<p>  A la hora de decorar tu casa u oficina, un dise\u00f1ador de iluminaci\u00f3n es un socio inestimable.<br \/>\nJuntos pod\u00e9is crear un ambiente personalizado y \u00fanico que refleje tu estilo y tus necesidades.<br \/>\nUn dise\u00f1ador de iluminaci\u00f3n puede ayudarte a elegir las soluciones de iluminaci\u00f3n adecuadas para cada habitaci\u00f3n, ya sea el espacioso sal\u00f3n, la colorida cocina o el productivo estudio.<\/p>\n<\/div><\/div><\/div><\/div><\/div><div class=\"g-cols wpb_row via_grid cols_2-1 laptops-cols_inherit tablets-cols_inherit mobiles-cols_1 valign_middle type_default stacking_default\"><div class=\"wpb_column vc_column_container us_custom_14c8caf5\"><div class=\"vc_column-inner\"><div class=\"w-image has_ratio align_none\"><div class=\"w-image-h\"><div style=\"padding-bottom:75%\"><\/div><img loading=\"lazy\" decoding=\"async\" width=\"2560\" height=\"1920\" src=\"https:\/\/integrationdesign.se\/wp-content\/uploads\/IMG_9774-scaled.jpg\" class=\"attachment-full size-full\" alt=\"\" srcset=\"https:\/\/integrationdesign.se\/wp-content\/uploads\/IMG_9774-scaled.jpg 2560w, https:\/\/integrationdesign.se\/wp-content\/uploads\/IMG_9774-300x225.jpg 300w, https:\/\/integrationdesign.se\/wp-content\/uploads\/IMG_9774-1024x768.jpg 1024w\" sizes=\"auto, (max-width: 2560px) 100vw, 2560px\" \/><\/div><\/div><\/div><\/div><div class=\"wpb_column vc_column_container\"><div class=\"vc_column-inner\"><div class=\"wpb_text_column\"><div class=\"wpb_wrapper\"><h2>Un dise\u00f1ador de iluminaci\u00f3n: la clave para un lugar de trabajo productivo<\/h2>\n<p>  Un dise\u00f1ador de iluminaci\u00f3n es un especialista que entiende c\u00f3mo puede afectar la luz al comportamiento y el rendimiento humanos.<br \/>\nEn oficinas y entornos empresariales, la iluminaci\u00f3n adecuada es esencial para crear un lugar de trabajo productivo e inspirador.<br \/>\nOptimizamos la iluminaci\u00f3n para mejorar la concentraci\u00f3n, reducir el estr\u00e9s y aumentar el bienestar de tus empleados.<br \/>\nAl crear diferentes escenarios de iluminaci\u00f3n, el entorno de trabajo se adapta f\u00e1cilmente a las distintas actividades y necesidades.<br \/>\nUn buen dise\u00f1ador de iluminaci\u00f3n ayuda a crear una fuerte identidad de marca utilizando la luz para resaltar el car\u00e1cter \u00fanico de tu empresa.      <\/p>\n<h2>C\u00f3mo puede influir un dise\u00f1ador de iluminaci\u00f3n en las finanzas de tu empresa<\/h2>\n<p>  Mayor productividad: crear una iluminaci\u00f3n bien planificada puede aumentar la productividad de los empleados.<br \/>\nLa luz adecuada puede reducir la fatiga, mejorar la concentraci\u00f3n y crear un entorno de trabajo m\u00e1s estimulante.<br \/>\nReducci\u00f3n del absentismo: una buena iluminaci\u00f3n ayuda a reducir el absentismo al mejorar el bienestar de los empleados.<br \/>\nLa luz adecuada tambi\u00e9n reduce el riesgo de dolores de cabeza y fatiga ocular.<br \/>\nMejora de la experiencia del cliente: en entornos minoristas y de restauraci\u00f3n, un dise\u00f1o de iluminaci\u00f3n bien ejecutado puede aumentar las ventas al crear un entorno m\u00e1s acogedor y bello.<br \/>\nLa luz puede utilizarse para resaltar los productos, crear diferentes ambientes y guiar a los clientes por la tienda.<\/p>\n<\/div><\/div><\/div><\/div><\/div><div class=\"g-cols wpb_row via_grid cols_2-1 laptops-cols_inherit tablets-cols_inherit mobiles-cols_1 valign_middle type_default stacking_default\"><div class=\"wpb_column vc_column_container us_custom_14c8caf5\"><div class=\"vc_column-inner\"><div class=\"w-image has_ratio align_none\"><div class=\"w-image-h\"><div style=\"padding-bottom:75%\"><\/div><img loading=\"lazy\" decoding=\"async\" width=\"512\" height=\"512\" src=\"https:\/\/integrationdesign.se\/wp-content\/uploads\/id-favico-neg.png\" class=\"g-placeholder\" alt=\"\" srcset=\"https:\/\/integrationdesign.se\/wp-content\/uploads\/\/id-favico-neg.png 512w, https:\/\/integrationdesign.se\/wp-content\/uploads\/\/id-favico-neg-300x300.png 300w, https:\/\/integrationdesign.se\/wp-content\/uploads\/\/id-favico-neg-150x150.png 150w\" sizes=\"auto, (max-width: 512px) 100vw, 512px\" \/><\/div><\/div><\/div><\/div><div class=\"wpb_column vc_column_container\"><div class=\"vc_column-inner\"><div class=\"wpb_text_column\"><div class=\"wpb_wrapper\"><h2>Algunos ejemplos concretos:<\/h2>\n<p>  Ahorro de energ\u00eda: utilizando fuentes de luz y soluciones de iluminaci\u00f3n energ\u00e9ticamente eficientes, una empresa puede reducir sus costes energ\u00e9ticos.<br \/>\nUn dise\u00f1ador de iluminaci\u00f3n puede ayudar a encontrar las soluciones m\u00e1s rentables para cada proyecto individual.<br \/>\nAumento del valor de la propiedad: un dise\u00f1o de iluminaci\u00f3n bien ejecutado puede aumentar el valor de una propiedad.<br \/>\nUn entorno bien iluminado suele percibirse como m\u00e1s valioso y puede generar mayores ingresos por alquiler o precios de venta.<br \/>\nMejora de la imagen de marca: utiliza la luz para crear una fuerte identidad de marca.<br \/>\nElegir los colores, el brillo y la iluminaci\u00f3n adecuados puede comunicar los valores de tu empresa y crear una experiencia memorable para clientes y visitantes.<br \/>\n\u00bfQuieres saber m\u00e1s sobre lo que nuestros dise\u00f1adores de iluminaci\u00f3n pueden hacer por tu casa o tu empresa?<br \/>\n\u00a1No dudes en ponerte en contacto con nuestros expertos!<\/p>\n<\/div><\/div><\/div><\/div><\/div><\/div><\/div><\/div><\/div><\/section><section class=\"l-section wpb_row us_custom_2a11415a height_medium width_full\"><div class=\"l-section-h i-cf\"><div class=\"g-cols vc_row via_grid cols_3 laptops-cols_inherit tablets-cols_inherit mobiles-cols_1 valign_top type_default stacking_default\"><div class=\"wpb_column vc_column_container\"><div class=\"vc_column-inner\"><div class=\"w-image align_none\"><div class=\"w-image-h\"><img loading=\"lazy\" decoding=\"async\" width=\"748\" height=\"1024\" src=\"https:\/\/integrationdesign.se\/wp-content\/uploads\/Slider-D-748x1024.png\" class=\"attachment-large size-large\" alt=\"\" srcset=\"https:\/\/integrationdesign.se\/wp-content\/uploads\/\/Slider-D-748x1024.png 748w, https:\/\/integrationdesign.se\/wp-content\/uploads\/\/Slider-D-219x300.png 219w, https:\/\/integrationdesign.se\/wp-content\/uploads\/\/Slider-D.png 1180w\" sizes=\"auto, (max-width: 748px) 100vw, 748px\" \/><\/div><\/div><\/div><\/div><div class=\"wpb_column vc_column_container\"><div class=\"vc_column-inner\"><div class=\"w-image has_ratio align_none\"><div class=\"w-image-h\"><div style=\"padding-bottom:133.3333%\"><\/div><img loading=\"lazy\" decoding=\"async\" width=\"682\" height=\"1024\" src=\"https:\/\/integrationdesign.se\/wp-content\/uploads\/CirioCircular_7-682x1024.webp\" class=\"attachment-large size-large\" alt=\"\" srcset=\"https:\/\/integrationdesign.se\/wp-content\/uploads\/CirioCircular_7-682x1024.webp 682w, https:\/\/integrationdesign.se\/wp-content\/uploads\/CirioCircular_7-200x300.webp 200w, https:\/\/integrationdesign.se\/wp-content\/uploads\/CirioCircular_7.webp 1133w\" sizes=\"auto, (max-width: 682px) 100vw, 682px\" \/><\/div><\/div><\/div><\/div><div class=\"wpb_column vc_column_container\"><div class=\"vc_column-inner\"><div class=\"w-image align_none\"><div class=\"w-image-h\"><img loading=\"lazy\" decoding=\"async\" width=\"768\" height=\"1024\" src=\"https:\/\/integrationdesign.se\/wp-content\/uploads\/IMG_3158-768x1024.jpg\" class=\"attachment-large size-large\" alt=\"\" srcset=\"https:\/\/integrationdesign.se\/wp-content\/uploads\/\/IMG_3158-768x1024.jpg 768w, https:\/\/integrationdesign.se\/wp-content\/uploads\/\/IMG_3158-225x300.jpg 225w, https:\/\/integrationdesign.se\/wp-content\/uploads\/\/IMG_3158-scaled.jpg 1920w\" sizes=\"auto, (max-width: 768px) 100vw, 768px\" \/><\/div><\/div><\/div><\/div><\/div><\/div><\/section>\n","protected":false},"excerpt":{"rendered":"Dise\u00f1ador de iluminaci\u00f3n \u00bfQu\u00e9 hace un dise\u00f1ador de iluminaci\u00f3n? Un dise\u00f1ador de iluminaci\u00f3n es algo m\u00e1s que un experto en iluminaci\u00f3n Crear entornos de iluminaci\u00f3n armoniosos y funcionales requiere un profundo conocimiento de la arquitectura, los interiores y el dise\u00f1o. Un buen dise\u00f1ador de iluminaci\u00f3n debe ser capaz de ver el panorama general y adaptar...","protected":false},"author":4,"featured_media":0,"parent":0,"menu_order":0,"comment_status":"closed","ping_status":"closed","template":"","meta":{"footnotes":""},"class_list":["post-3138","page","type-page","status-publish","hentry"],"yoast_head":"<!-- This site is optimized with the Yoast SEO plugin v27.5 - https:\/\/yoast.com\/product\/yoast-seo-wordpress\/ -->\n<title>Dise\u00f1ador de iluminaci\u00f3n - Integration design<\/title>\n<meta name=\"description\" content=\"Dise\u00f1o de iluminaci\u00f3n: creamos viviendas particulares, espacios comerciales e instalaciones p\u00fablicas. Una forma de arte \u00fanica en la que la tecnolog\u00eda se une a la creatividad para crear atm\u00f3sferas y mejorar las experiencias.\" \/>\n<meta name=\"robots\" content=\"index, follow, max-snippet:-1, max-image-preview:large, max-video-preview:-1\" \/>\n<link rel=\"canonical\" href=\"https:\/\/integrationdesign.se\/es\/disenador-de-iluminacion\/\" \/>\n<meta property=\"og:locale\" content=\"es_ES\" \/>\n<meta property=\"og:type\" content=\"article\" \/>\n<meta property=\"og:title\" content=\"Dise\u00f1ador de iluminaci\u00f3n - Integration design\" \/>\n<meta property=\"og:description\" content=\"Dise\u00f1o de iluminaci\u00f3n: creamos viviendas particulares, espacios comerciales e instalaciones p\u00fablicas. Una forma de arte \u00fanica en la que la tecnolog\u00eda se une a la creatividad para crear atm\u00f3sferas y mejorar las experiencias.\" \/>\n<meta property=\"og:url\" content=\"https:\/\/integrationdesign.se\/es\/disenador-de-iluminacion\/\" \/>\n<meta property=\"og:site_name\" content=\"Integration design\" \/>\n<meta property=\"article:modified_time\" content=\"2024-09-05T10:11:21+00:00\" \/>\n<meta name=\"twitter:card\" content=\"summary_large_image\" \/>\n<meta name=\"twitter:label1\" content=\"Tiempo de lectura\" \/>\n\t<meta name=\"twitter:data1\" content=\"6 minutos\" \/>\n<script type=\"application\/ld+json\" class=\"yoast-schema-graph\">{\"@context\":\"https:\\\/\\\/schema.org\",\"@graph\":[{\"@type\":\"WebPage\",\"@id\":\"https:\\\/\\\/integrationdesign.se\\\/es\\\/disenador-de-iluminacion\\\/\",\"url\":\"https:\\\/\\\/integrationdesign.se\\\/es\\\/disenador-de-iluminacion\\\/\",\"name\":\"Dise\u00f1ador de iluminaci\u00f3n - Integration design\",\"isPartOf\":{\"@id\":\"https:\\\/\\\/integrationdesign.se\\\/es\\\/#website\"},\"datePublished\":\"2024-09-03T09:54:15+00:00\",\"dateModified\":\"2024-09-05T10:11:21+00:00\",\"description\":\"Dise\u00f1o de iluminaci\u00f3n: creamos viviendas particulares, espacios comerciales e instalaciones p\u00fablicas. Una forma de arte \u00fanica en la que la tecnolog\u00eda se une a la creatividad para crear atm\u00f3sferas y mejorar las experiencias.\",\"breadcrumb\":{\"@id\":\"https:\\\/\\\/integrationdesign.se\\\/es\\\/disenador-de-iluminacion\\\/#breadcrumb\"},\"inLanguage\":\"es\",\"potentialAction\":[{\"@type\":\"ReadAction\",\"target\":[\"https:\\\/\\\/integrationdesign.se\\\/es\\\/disenador-de-iluminacion\\\/\"]}]},{\"@type\":\"BreadcrumbList\",\"@id\":\"https:\\\/\\\/integrationdesign.se\\\/es\\\/disenador-de-iluminacion\\\/#breadcrumb\",\"itemListElement\":[{\"@type\":\"ListItem\",\"position\":1,\"name\":\"Hem\",\"item\":\"https:\\\/\\\/integrationdesign.se\\\/es\\\/transformar-espacios\\\/\"},{\"@type\":\"ListItem\",\"position\":2,\"name\":\"Dise\u00f1ador de iluminaci\u00f3n\"}]},{\"@type\":\"WebSite\",\"@id\":\"https:\\\/\\\/integrationdesign.se\\\/es\\\/#website\",\"url\":\"https:\\\/\\\/integrationdesign.se\\\/es\\\/\",\"name\":\"Integration design\",\"description\":\"Release your senses\",\"potentialAction\":[{\"@type\":\"SearchAction\",\"target\":{\"@type\":\"EntryPoint\",\"urlTemplate\":\"https:\\\/\\\/integrationdesign.se\\\/es\\\/?s={search_term_string}\"},\"query-input\":{\"@type\":\"PropertyValueSpecification\",\"valueRequired\":true,\"valueName\":\"search_term_string\"}}],\"inLanguage\":\"es\"}]}<\/script>\n<!-- \/ Yoast SEO plugin. -->","yoast_head_json":{"title":"Dise\u00f1ador de iluminaci\u00f3n - Integration design","description":"Dise\u00f1o de iluminaci\u00f3n: creamos viviendas particulares, espacios comerciales e instalaciones p\u00fablicas. Una forma de arte \u00fanica en la que la tecnolog\u00eda se une a la creatividad para crear atm\u00f3sferas y mejorar las experiencias.","robots":{"index":"index","follow":"follow","max-snippet":"max-snippet:-1","max-image-preview":"max-image-preview:large","max-video-preview":"max-video-preview:-1"},"canonical":"https:\/\/integrationdesign.se\/es\/disenador-de-iluminacion\/","og_locale":"es_ES","og_type":"article","og_title":"Dise\u00f1ador de iluminaci\u00f3n - Integration design","og_description":"Dise\u00f1o de iluminaci\u00f3n: creamos viviendas particulares, espacios comerciales e instalaciones p\u00fablicas. Una forma de arte \u00fanica en la que la tecnolog\u00eda se une a la creatividad para crear atm\u00f3sferas y mejorar las experiencias.","og_url":"https:\/\/integrationdesign.se\/es\/disenador-de-iluminacion\/","og_site_name":"Integration design","article_modified_time":"2024-09-05T10:11:21+00:00","twitter_card":"summary_large_image","twitter_misc":{"Tiempo de lectura":"6 minutos"},"schema":{"@context":"https:\/\/schema.org","@graph":[{"@type":"WebPage","@id":"https:\/\/integrationdesign.se\/es\/disenador-de-iluminacion\/","url":"https:\/\/integrationdesign.se\/es\/disenador-de-iluminacion\/","name":"Dise\u00f1ador de iluminaci\u00f3n - Integration design","isPartOf":{"@id":"https:\/\/integrationdesign.se\/es\/#website"},"datePublished":"2024-09-03T09:54:15+00:00","dateModified":"2024-09-05T10:11:21+00:00","description":"Dise\u00f1o de iluminaci\u00f3n: creamos viviendas particulares, espacios comerciales e instalaciones p\u00fablicas. Una forma de arte \u00fanica en la que la tecnolog\u00eda se une a la creatividad para crear atm\u00f3sferas y mejorar las experiencias.","breadcrumb":{"@id":"https:\/\/integrationdesign.se\/es\/disenador-de-iluminacion\/#breadcrumb"},"inLanguage":"es","potentialAction":[{"@type":"ReadAction","target":["https:\/\/integrationdesign.se\/es\/disenador-de-iluminacion\/"]}]},{"@type":"BreadcrumbList","@id":"https:\/\/integrationdesign.se\/es\/disenador-de-iluminacion\/#breadcrumb","itemListElement":[{"@type":"ListItem","position":1,"name":"Hem","item":"https:\/\/integrationdesign.se\/es\/transformar-espacios\/"},{"@type":"ListItem","position":2,"name":"Dise\u00f1ador de iluminaci\u00f3n"}]},{"@type":"WebSite","@id":"https:\/\/integrationdesign.se\/es\/#website","url":"https:\/\/integrationdesign.se\/es\/","name":"Integration design","description":"Release your senses","potentialAction":[{"@type":"SearchAction","target":{"@type":"EntryPoint","urlTemplate":"https:\/\/integrationdesign.se\/es\/?s={search_term_string}"},"query-input":{"@type":"PropertyValueSpecification","valueRequired":true,"valueName":"search_term_string"}}],"inLanguage":"es"}]}},"_links":{"self":[{"href":"https:\/\/integrationdesign.se\/es\/wp-json\/wp\/v2\/pages\/3138","targetHints":{"allow":["GET"]}}],"collection":[{"href":"https:\/\/integrationdesign.se\/es\/wp-json\/wp\/v2\/pages"}],"about":[{"href":"https:\/\/integrationdesign.se\/es\/wp-json\/wp\/v2\/types\/page"}],"author":[{"embeddable":true,"href":"https:\/\/integrationdesign.se\/es\/wp-json\/wp\/v2\/users\/4"}],"replies":[{"embeddable":true,"href":"https:\/\/integrationdesign.se\/es\/wp-json\/wp\/v2\/comments?post=3138"}],"version-history":[{"count":4,"href":"https:\/\/integrationdesign.se\/es\/wp-json\/wp\/v2\/pages\/3138\/revisions"}],"predecessor-version":[{"id":3144,"href":"https:\/\/integrationdesign.se\/es\/wp-json\/wp\/v2\/pages\/3138\/revisions\/3144"}],"wp:attachment":[{"href":"https:\/\/integrationdesign.se\/es\/wp-json\/wp\/v2\/media?parent=3138"}],"curies":[{"name":"wp","href":"https:\/\/api.w.org\/{rel}","templated":true}]}}