{"id":3135,"date":"2024-06-25T13:50:47","date_gmt":"2024-06-25T11:50:47","guid":{"rendered":"https:\/\/integrationdesign.se\/diseno-de-iluminacion\/"},"modified":"2024-09-05T12:10:30","modified_gmt":"2024-09-05T10:10:30","slug":"diseno-de-iluminacion","status":"publish","type":"page","link":"https:\/\/integrationdesign.se\/es\/diseno-de-iluminacion\/","title":{"rendered":"Dise\u00f1o de iluminaci\u00f3n"},"content":{"rendered":"<section class=\"l-section wpb_row us_custom_2a11415a height_huge with_img\"><div class=\"l-section-img\" data-img-width=\"2560\" data-img-height=\"1708\" style=\"background-image: url(https:\/\/integrationdesign.se\/wp-content\/uploads\/MGF6082-scaled.jpeg);background-repeat: no-repeat;\"><\/div><div class=\"l-section-overlay\" style=\"background:rgba(26,26,26,0.30)\"><\/div><div class=\"l-section-h i-cf\"><div class=\"g-cols vc_row via_grid cols_1 laptops-cols_inherit tablets-cols_inherit mobiles-cols_1 valign_top type_default stacking_default\"><div class=\"wpb_column vc_column_container\"><div class=\"vc_column-inner\"><div class=\"wpb_text_column us_custom_3b745cf9\"><div class=\"wpb_wrapper\"><h1>Dise\u00f1o de iluminaci\u00f3n con pasi\u00f3n y estilo &#8211; Estocolmo, Suecia e internacionalmente<\/h1>\n<\/div><\/div><div class=\"w-separator size_medium\"><\/div><\/div><\/div><\/div><\/div><\/section><section class=\"l-section wpb_row height_medium\"><div class=\"l-section-h i-cf\"><div class=\"g-cols vc_row via_grid cols_1 laptops-cols_inherit tablets-cols_inherit mobiles-cols_1 valign_top type_default stacking_default\"><div class=\"wpb_column vc_column_container\"><div class=\"vc_column-inner\"><div class=\"g-cols wpb_row via_grid cols_2-1 laptops-cols_inherit tablets-cols_inherit mobiles-cols_1 valign_top type_default stacking_default\"><div class=\"wpb_column vc_column_container us_custom_51512f84\"><div class=\"vc_column-inner\"><div class=\"w-image align_none\"><div class=\"w-image-h\"><img loading=\"lazy\" decoding=\"async\" width=\"1200\" height=\"1200\" src=\"https:\/\/integrationdesign.se\/wp-content\/uploads\/santa_cole_m68.jpeg\" class=\"attachment-full size-full\" alt=\"\" srcset=\"https:\/\/integrationdesign.se\/wp-content\/uploads\/santa_cole_m68.jpeg 1200w, https:\/\/integrationdesign.se\/wp-content\/uploads\/santa_cole_m68-300x300.jpeg 300w, https:\/\/integrationdesign.se\/wp-content\/uploads\/santa_cole_m68-1024x1024.jpeg 1024w, https:\/\/integrationdesign.se\/wp-content\/uploads\/santa_cole_m68-150x150.jpeg 150w\" sizes=\"auto, (max-width: 1200px) 100vw, 1200px\" \/><\/div><\/div><\/div><\/div><div class=\"wpb_column vc_column_container\"><div class=\"vc_column-inner\"><div class=\"wpb_text_column us_custom_f1fa72dd\"><div class=\"wpb_wrapper\"><h2>Creamos experiencias totales \u00fanicas con el dise\u00f1o de iluminaci\u00f3n como herramienta<\/h2>\n<h3>La iluminaci\u00f3n en el coraz\u00f3n de la expresi\u00f3n arquitect\u00f3nica<\/h3>\n<p>  El dise\u00f1o de iluminaci\u00f3n es una forma de arte \u00fanica en la que la tecnolog\u00eda se une a la creatividad para evocar emociones, crear atm\u00f3sferas y mejorar las experiencias.<br \/>\nPuede utilizarse para crear una atm\u00f3sfera rom\u00e1ntica en un restaurante, para crear un ambiente excitante en el escenario de un teatro o para realzar la arquitectura de un edificio.<br \/>\nLa iluminaci\u00f3n tambi\u00e9n puede utilizarse para crear soluciones pr\u00e1cticas, como iluminar un camino o destacar un producto en un escaparate.<br \/>\nA lo largo de los a\u00f1os, hemos tenido el privilegio de trabajar en un gran n\u00famero de proyectos de distinta naturaleza.<br \/>\nDesde viviendas particulares hasta espacios comerciales e instalaciones p\u00fablicas.<br \/>\nTanto en Estocolmo (Suecia) como a escala internacional.<br \/>\nUno de nuestros principales puntos fuertes es que escuchamos atentamente las ideas, deseos y necesidades de nuestros clientes.<br \/>\nNos tomamos el tiempo necesario para comprender tu visi\u00f3n y conectarla con todas las posibilidades que existen.<br \/>\nAs\u00ed creamos soluciones de iluminaci\u00f3n \u00fanicas que no s\u00f3lo cumplen tus expectativas, sino que las superan.          <\/p>\n<h3>El dise\u00f1o de iluminaci\u00f3n es m\u00e1s que lo que ves: es una sensaci\u00f3n<\/h3>\n<p>  El dise\u00f1ador de iluminaci\u00f3n crea estados de \u00e1nimo espec\u00edficos y mejora la experiencia visual en distintos entornos.<br \/>\nEligiendo las luminarias, la intensidad de la iluminaci\u00f3n, la temperatura del color y la posici\u00f3n adecuadas, un dise\u00f1ador de iluminaci\u00f3n experimentado puede crear una atm\u00f3sfera que afecte profundamente a las emociones y experiencias del espectador.<\/p>\n<\/div><\/div><\/div><\/div><\/div><div class=\"w-separator size_small\"><\/div><div class=\"g-cols wpb_row via_grid cols_1-2 laptops-cols_inherit tablets-cols_inherit mobiles-cols_1 valign_middle type_default stacking_default\"><div class=\"wpb_column vc_column_container\"><div class=\"vc_column-inner\"><div class=\"wpb_text_column\"><div class=\"wpb_wrapper\"><p>Para una experiencia perfecta, siempre integramos la iluminaci\u00f3n con un sistema de control que te permita ajustar f\u00e1cilmente la luz seg\u00fan necesites.<br \/>\nNuestros sistemas Lutron son intuitivos y f\u00e1ciles de usar.<br \/>\nEl sistema de control no s\u00f3lo facilita su uso, sino que tambi\u00e9n permite crear ambientes emocionantes y personalizables en los que se puede cambiar la luz con s\u00f3lo pulsar un bot\u00f3n.<br \/>\nEn definitiva, el dise\u00f1o de iluminaci\u00f3n no es ante todo una habilidad t\u00e9cnica.<br \/>\nEs una forma de arte avanzado para la creaci\u00f3n de atm\u00f3sferas m\u00e1gicas.<\/p>\n<\/div><\/div><\/div><\/div><div class=\"wpb_column vc_column_container us_custom_14c8caf5\"><div class=\"vc_column-inner\"><div class=\"w-image has_ratio align_none\"><div class=\"w-image-h\"><div style=\"padding-bottom:75%\"><\/div><img loading=\"lazy\" decoding=\"async\" width=\"718\" height=\"900\" src=\"https:\/\/integrationdesign.se\/wp-content\/uploads\/Badrum2.jpeg\" class=\"attachment-full size-full\" alt=\"\" srcset=\"https:\/\/integrationdesign.se\/wp-content\/uploads\/Badrum2.jpeg 718w, https:\/\/integrationdesign.se\/wp-content\/uploads\/Badrum2-239x300.jpeg 239w\" sizes=\"auto, (max-width: 718px) 100vw, 718px\" \/><\/div><\/div><\/div><\/div><\/div><\/div><\/div><\/div><\/div><\/section><section class=\"l-section wpb_row height_medium\"><div class=\"l-section-h i-cf\"><div class=\"g-cols vc_row via_grid cols_1 laptops-cols_inherit tablets-cols_inherit mobiles-cols_1 valign_top type_default stacking_default\"><div class=\"wpb_column vc_column_container\"><div class=\"vc_column-inner\"><div class=\"g-cols wpb_row via_grid cols_1-2 laptops-cols_inherit tablets-cols_inherit mobiles-cols_1 valign_top type_default reversed stacking_default\"><div class=\"wpb_column vc_column_container\"><div class=\"vc_column-inner\"><div class=\"wpb_text_column\"><div class=\"wpb_wrapper\"><h2>Dise\u00f1o de iluminaci\u00f3n: algo m\u00e1s que iluminaci\u00f3n<\/h2>\n<h4>\u00abUna vez que has experimentado la iluminaci\u00f3n real, la vida se llena de nuevos valores\u00bb<\/h4>\n<p>  &#8211; Louis Poulsen La combinaci\u00f3n de un sonido de alta calidad y un dise\u00f1o de iluminaci\u00f3n bien planificado puede transformar una proyecci\u00f3n de cine corriente en una experiencia cinematogr\u00e1fica envolvente.<br \/>\nUn sistema de sonido puede interactuar con la expresi\u00f3n visual de la luz para realzar o complementar sutilmente lo que se muestra en la pantalla, sumergiendo al espectador en la acci\u00f3n.<\/p>\n<\/div><\/div><div class=\"w-btn-wrapper align_none\"><a class=\"w-btn us-btn-style_1\" target=\"_blank\" href=\"https:\/\/se.pinterest.com\/integrationdesign\/ljusdesign\" rel=\"noopener\"><span class=\"w-btn-label\">Haz clic para inspirarte<\/span><\/a><\/div><\/div><\/div><div class=\"wpb_column vc_column_container us_custom_6ea5815d\"><div class=\"vc_column-inner\"><div class=\"w-image has_ratio align_none\"><div class=\"w-image-h\"><div style=\"padding-bottom:133.3333%\"><\/div><img loading=\"lazy\" decoding=\"async\" width=\"1267\" height=\"1900\" src=\"https:\/\/integrationdesign.se\/wp-content\/uploads\/BMG-LP.png\" class=\"attachment-full size-full\" alt=\"\" srcset=\"https:\/\/integrationdesign.se\/wp-content\/uploads\/\/BMG-LP.png 1267w, https:\/\/integrationdesign.se\/wp-content\/uploads\/\/BMG-LP-200x300.png 200w, https:\/\/integrationdesign.se\/wp-content\/uploads\/\/BMG-LP-683x1024.png 683w\" sizes=\"auto, (max-width: 1267px) 100vw, 1267px\" \/><\/div><\/div><\/div><\/div><\/div><\/div><\/div><\/div><\/div><\/section><section class=\"l-section wpb_row us_custom_2a11415a height_medium width_full\"><div class=\"l-section-h i-cf\"><div class=\"g-cols vc_row via_grid cols_3 laptops-cols_inherit tablets-cols_inherit mobiles-cols_1 valign_top type_default stacking_default\"><div class=\"wpb_column vc_column_container\"><div class=\"vc_column-inner\"><div class=\"w-image align_none\"><div class=\"w-image-h\"><img loading=\"lazy\" decoding=\"async\" width=\"748\" height=\"1024\" src=\"https:\/\/integrationdesign.se\/wp-content\/uploads\/Slider-D-748x1024.png\" class=\"attachment-large size-large\" alt=\"\" srcset=\"https:\/\/integrationdesign.se\/wp-content\/uploads\/\/Slider-D-748x1024.png 748w, https:\/\/integrationdesign.se\/wp-content\/uploads\/\/Slider-D-219x300.png 219w, https:\/\/integrationdesign.se\/wp-content\/uploads\/\/Slider-D.png 1180w\" sizes=\"auto, (max-width: 748px) 100vw, 748px\" \/><\/div><\/div><\/div><\/div><div class=\"wpb_column vc_column_container\"><div class=\"vc_column-inner\"><div class=\"w-image has_ratio align_none\"><div class=\"w-image-h\"><div style=\"padding-bottom:133.3333%\"><\/div><img loading=\"lazy\" decoding=\"async\" width=\"682\" height=\"1024\" src=\"https:\/\/integrationdesign.se\/wp-content\/uploads\/CirioCircular_7-682x1024.webp\" class=\"attachment-large size-large\" alt=\"\" srcset=\"https:\/\/integrationdesign.se\/wp-content\/uploads\/CirioCircular_7-682x1024.webp 682w, https:\/\/integrationdesign.se\/wp-content\/uploads\/CirioCircular_7-200x300.webp 200w, https:\/\/integrationdesign.se\/wp-content\/uploads\/CirioCircular_7.webp 1133w\" sizes=\"auto, (max-width: 682px) 100vw, 682px\" \/><\/div><\/div><\/div><\/div><div class=\"wpb_column vc_column_container\"><div class=\"vc_column-inner\"><div class=\"w-image align_none\"><div class=\"w-image-h\"><img loading=\"lazy\" decoding=\"async\" width=\"768\" height=\"1024\" src=\"https:\/\/integrationdesign.se\/wp-content\/uploads\/IMG_3158-768x1024.jpg\" class=\"attachment-large size-large\" alt=\"\" srcset=\"https:\/\/integrationdesign.se\/wp-content\/uploads\/\/IMG_3158-768x1024.jpg 768w, https:\/\/integrationdesign.se\/wp-content\/uploads\/\/IMG_3158-225x300.jpg 225w, https:\/\/integrationdesign.se\/wp-content\/uploads\/\/IMG_3158-scaled.jpg 1920w\" sizes=\"auto, (max-width: 768px) 100vw, 768px\" \/><\/div><\/div><\/div><\/div><\/div><\/div><\/section>\n","protected":false},"excerpt":{"rendered":"Dise\u00f1o de iluminaci\u00f3n con pasi\u00f3n y estilo &#8211; Estocolmo, Suecia e internacionalmente Creamos experiencias totales \u00fanicas con el dise\u00f1o de iluminaci\u00f3n como herramienta La iluminaci\u00f3n en el coraz\u00f3n de la expresi\u00f3n arquitect\u00f3nica El dise\u00f1o de iluminaci\u00f3n es una forma de arte \u00fanica en la que la tecnolog\u00eda se une a la creatividad para evocar emociones,...","protected":false},"author":4,"featured_media":0,"parent":0,"menu_order":0,"comment_status":"closed","ping_status":"closed","template":"","meta":{"footnotes":""},"class_list":["post-3135","page","type-page","status-publish","hentry"],"yoast_head":"<!-- This site is optimized with the Yoast SEO plugin v27.4 - https:\/\/yoast.com\/product\/yoast-seo-wordpress\/ -->\n<title>Dise\u00f1o de iluminaci\u00f3n - Integration design<\/title>\n<meta name=\"description\" content=\"Dise\u00f1o de iluminaci\u00f3n: creamos viviendas particulares, espacios comerciales e instalaciones p\u00fablicas. Una forma de arte \u00fanica en la que la tecnolog\u00eda se une a la creatividad para crear atm\u00f3sferas y mejorar las experiencias.\" \/>\n<meta name=\"robots\" content=\"index, follow, max-snippet:-1, max-image-preview:large, max-video-preview:-1\" \/>\n<link rel=\"canonical\" href=\"https:\/\/integrationdesign.se\/es\/diseno-de-iluminacion\/\" \/>\n<meta property=\"og:locale\" content=\"es_ES\" \/>\n<meta property=\"og:type\" content=\"article\" \/>\n<meta property=\"og:title\" content=\"Dise\u00f1o de iluminaci\u00f3n - Integration design\" \/>\n<meta property=\"og:description\" content=\"Dise\u00f1o de iluminaci\u00f3n: creamos viviendas particulares, espacios comerciales e instalaciones p\u00fablicas. Una forma de arte \u00fanica en la que la tecnolog\u00eda se une a la creatividad para crear atm\u00f3sferas y mejorar las experiencias.\" \/>\n<meta property=\"og:url\" content=\"https:\/\/integrationdesign.se\/es\/diseno-de-iluminacion\/\" \/>\n<meta property=\"og:site_name\" content=\"Integration design\" \/>\n<meta property=\"article:modified_time\" content=\"2024-09-05T10:10:30+00:00\" \/>\n<meta name=\"twitter:card\" content=\"summary_large_image\" \/>\n<meta name=\"twitter:label1\" content=\"Tiempo de lectura\" \/>\n\t<meta name=\"twitter:data1\" content=\"5 minutos\" \/>\n<script type=\"application\/ld+json\" class=\"yoast-schema-graph\">{\"@context\":\"https:\\\/\\\/schema.org\",\"@graph\":[{\"@type\":\"WebPage\",\"@id\":\"https:\\\/\\\/integrationdesign.se\\\/es\\\/diseno-de-iluminacion\\\/\",\"url\":\"https:\\\/\\\/integrationdesign.se\\\/es\\\/diseno-de-iluminacion\\\/\",\"name\":\"Dise\u00f1o de iluminaci\u00f3n - Integration design\",\"isPartOf\":{\"@id\":\"https:\\\/\\\/integrationdesign.se\\\/es\\\/#website\"},\"datePublished\":\"2024-06-25T11:50:47+00:00\",\"dateModified\":\"2024-09-05T10:10:30+00:00\",\"description\":\"Dise\u00f1o de iluminaci\u00f3n: creamos viviendas particulares, espacios comerciales e instalaciones p\u00fablicas. Una forma de arte \u00fanica en la que la tecnolog\u00eda se une a la creatividad para crear atm\u00f3sferas y mejorar las experiencias.\",\"breadcrumb\":{\"@id\":\"https:\\\/\\\/integrationdesign.se\\\/es\\\/diseno-de-iluminacion\\\/#breadcrumb\"},\"inLanguage\":\"es\",\"potentialAction\":[{\"@type\":\"ReadAction\",\"target\":[\"https:\\\/\\\/integrationdesign.se\\\/es\\\/diseno-de-iluminacion\\\/\"]}]},{\"@type\":\"BreadcrumbList\",\"@id\":\"https:\\\/\\\/integrationdesign.se\\\/es\\\/diseno-de-iluminacion\\\/#breadcrumb\",\"itemListElement\":[{\"@type\":\"ListItem\",\"position\":1,\"name\":\"Hem\",\"item\":\"https:\\\/\\\/integrationdesign.se\\\/es\\\/transformar-espacios\\\/\"},{\"@type\":\"ListItem\",\"position\":2,\"name\":\"Dise\u00f1o de iluminaci\u00f3n\"}]},{\"@type\":\"WebSite\",\"@id\":\"https:\\\/\\\/integrationdesign.se\\\/es\\\/#website\",\"url\":\"https:\\\/\\\/integrationdesign.se\\\/es\\\/\",\"name\":\"Integration design\",\"description\":\"Release your senses\",\"potentialAction\":[{\"@type\":\"SearchAction\",\"target\":{\"@type\":\"EntryPoint\",\"urlTemplate\":\"https:\\\/\\\/integrationdesign.se\\\/es\\\/?s={search_term_string}\"},\"query-input\":{\"@type\":\"PropertyValueSpecification\",\"valueRequired\":true,\"valueName\":\"search_term_string\"}}],\"inLanguage\":\"es\"}]}<\/script>\n<!-- \/ Yoast SEO plugin. -->","yoast_head_json":{"title":"Dise\u00f1o de iluminaci\u00f3n - Integration design","description":"Dise\u00f1o de iluminaci\u00f3n: creamos viviendas particulares, espacios comerciales e instalaciones p\u00fablicas. Una forma de arte \u00fanica en la que la tecnolog\u00eda se une a la creatividad para crear atm\u00f3sferas y mejorar las experiencias.","robots":{"index":"index","follow":"follow","max-snippet":"max-snippet:-1","max-image-preview":"max-image-preview:large","max-video-preview":"max-video-preview:-1"},"canonical":"https:\/\/integrationdesign.se\/es\/diseno-de-iluminacion\/","og_locale":"es_ES","og_type":"article","og_title":"Dise\u00f1o de iluminaci\u00f3n - Integration design","og_description":"Dise\u00f1o de iluminaci\u00f3n: creamos viviendas particulares, espacios comerciales e instalaciones p\u00fablicas. Una forma de arte \u00fanica en la que la tecnolog\u00eda se une a la creatividad para crear atm\u00f3sferas y mejorar las experiencias.","og_url":"https:\/\/integrationdesign.se\/es\/diseno-de-iluminacion\/","og_site_name":"Integration design","article_modified_time":"2024-09-05T10:10:30+00:00","twitter_card":"summary_large_image","twitter_misc":{"Tiempo de lectura":"5 minutos"},"schema":{"@context":"https:\/\/schema.org","@graph":[{"@type":"WebPage","@id":"https:\/\/integrationdesign.se\/es\/diseno-de-iluminacion\/","url":"https:\/\/integrationdesign.se\/es\/diseno-de-iluminacion\/","name":"Dise\u00f1o de iluminaci\u00f3n - Integration design","isPartOf":{"@id":"https:\/\/integrationdesign.se\/es\/#website"},"datePublished":"2024-06-25T11:50:47+00:00","dateModified":"2024-09-05T10:10:30+00:00","description":"Dise\u00f1o de iluminaci\u00f3n: creamos viviendas particulares, espacios comerciales e instalaciones p\u00fablicas. Una forma de arte \u00fanica en la que la tecnolog\u00eda se une a la creatividad para crear atm\u00f3sferas y mejorar las experiencias.","breadcrumb":{"@id":"https:\/\/integrationdesign.se\/es\/diseno-de-iluminacion\/#breadcrumb"},"inLanguage":"es","potentialAction":[{"@type":"ReadAction","target":["https:\/\/integrationdesign.se\/es\/diseno-de-iluminacion\/"]}]},{"@type":"BreadcrumbList","@id":"https:\/\/integrationdesign.se\/es\/diseno-de-iluminacion\/#breadcrumb","itemListElement":[{"@type":"ListItem","position":1,"name":"Hem","item":"https:\/\/integrationdesign.se\/es\/transformar-espacios\/"},{"@type":"ListItem","position":2,"name":"Dise\u00f1o de iluminaci\u00f3n"}]},{"@type":"WebSite","@id":"https:\/\/integrationdesign.se\/es\/#website","url":"https:\/\/integrationdesign.se\/es\/","name":"Integration design","description":"Release your senses","potentialAction":[{"@type":"SearchAction","target":{"@type":"EntryPoint","urlTemplate":"https:\/\/integrationdesign.se\/es\/?s={search_term_string}"},"query-input":{"@type":"PropertyValueSpecification","valueRequired":true,"valueName":"search_term_string"}}],"inLanguage":"es"}]}},"_links":{"self":[{"href":"https:\/\/integrationdesign.se\/es\/wp-json\/wp\/v2\/pages\/3135","targetHints":{"allow":["GET"]}}],"collection":[{"href":"https:\/\/integrationdesign.se\/es\/wp-json\/wp\/v2\/pages"}],"about":[{"href":"https:\/\/integrationdesign.se\/es\/wp-json\/wp\/v2\/types\/page"}],"author":[{"embeddable":true,"href":"https:\/\/integrationdesign.se\/es\/wp-json\/wp\/v2\/users\/4"}],"replies":[{"embeddable":true,"href":"https:\/\/integrationdesign.se\/es\/wp-json\/wp\/v2\/comments?post=3135"}],"version-history":[{"count":2,"href":"https:\/\/integrationdesign.se\/es\/wp-json\/wp\/v2\/pages\/3135\/revisions"}],"predecessor-version":[{"id":3137,"href":"https:\/\/integrationdesign.se\/es\/wp-json\/wp\/v2\/pages\/3135\/revisions\/3137"}],"wp:attachment":[{"href":"https:\/\/integrationdesign.se\/es\/wp-json\/wp\/v2\/media?parent=3135"}],"curies":[{"name":"wp","href":"https:\/\/api.w.org\/{rel}","templated":true}]}}