{"id":3129,"date":"2024-08-12T10:03:39","date_gmt":"2024-08-12T08:03:39","guid":{"rendered":"https:\/\/integrationdesign.se\/domotica-y-hogares-inteligentes\/"},"modified":"2024-09-05T12:09:43","modified_gmt":"2024-09-05T10:09:43","slug":"domotica-y-hogares-inteligentes","status":"publish","type":"page","link":"https:\/\/integrationdesign.se\/es\/domotica-y-hogares-inteligentes\/","title":{"rendered":"Dom\u00f3tica y hogares inteligentes"},"content":{"rendered":"<section class=\"l-section wpb_row us_custom_2a11415a height_huge with_img\"><div class=\"l-section-img\" data-img-width=\"2000\" data-img-height=\"1333\" style=\"background-image: url(https:\/\/integrationdesign.se\/wp-content\/uploads\/Aspvik.jpg);background-repeat: no-repeat;\"><\/div><div class=\"l-section-overlay\" style=\"background:rgba(26,26,26,0.30)\"><\/div><div class=\"l-section-h i-cf\"><div class=\"g-cols vc_row via_grid cols_1 laptops-cols_inherit tablets-cols_inherit mobiles-cols_1 valign_top type_default stacking_default\"><div class=\"wpb_column vc_column_container\"><div class=\"vc_column-inner\"><div class=\"wpb_text_column us_custom_3b745cf9\"><div class=\"wpb_wrapper\"><h1>Dom\u00f3tica y hogares inteligentes<\/h1>\n<\/div><\/div><div class=\"w-separator size_medium\"><\/div><\/div><\/div><\/div><\/div><\/section><section class=\"l-section wpb_row height_medium\"><div class=\"l-section-h i-cf\"><div class=\"g-cols vc_row via_grid cols_1 laptops-cols_inherit tablets-cols_inherit mobiles-cols_1 valign_top type_default stacking_default\"><div class=\"wpb_column vc_column_container\"><div class=\"vc_column-inner\"><div class=\"g-cols wpb_row via_grid cols_2-1 laptops-cols_inherit tablets-cols_inherit mobiles-cols_1 valign_middle type_default stacking_default\"><div class=\"wpb_column vc_column_container us_custom_14c8caf5\"><div class=\"vc_column-inner\"><div class=\"w-image align_none\"><div class=\"w-image-h\"><img loading=\"lazy\" decoding=\"async\" width=\"2560\" height=\"1440\" src=\"https:\/\/integrationdesign.se\/wp-content\/uploads\/Lutron-QSX-Alisse-Keypad-SWE.png\" class=\"attachment-full size-full\" alt=\"\" srcset=\"https:\/\/integrationdesign.se\/wp-content\/uploads\/Lutron-QSX-Alisse-Keypad-SWE.png 2560w, https:\/\/integrationdesign.se\/wp-content\/uploads\/Lutron-QSX-Alisse-Keypad-SWE-300x169.png 300w, https:\/\/integrationdesign.se\/wp-content\/uploads\/Lutron-QSX-Alisse-Keypad-SWE-1024x576.png 1024w\" sizes=\"auto, (max-width: 2560px) 100vw, 2560px\" \/><\/div><\/div><div class=\"w-separator size_medium\"><\/div><div class=\"w-image align_none\"><div class=\"w-image-h\"><img loading=\"lazy\" decoding=\"async\" width=\"2560\" height=\"1920\" src=\"https:\/\/integrationdesign.se\/wp-content\/uploads\/IMG_3158-2-scaled.jpg\" class=\"attachment-full size-full\" alt=\"\" srcset=\"https:\/\/integrationdesign.se\/wp-content\/uploads\/IMG_3158-2-scaled.jpg 2560w, https:\/\/integrationdesign.se\/wp-content\/uploads\/IMG_3158-2-300x225.jpg 300w, https:\/\/integrationdesign.se\/wp-content\/uploads\/IMG_3158-2-1024x768.jpg 1024w\" sizes=\"auto, (max-width: 2560px) 100vw, 2560px\" \/><\/div><\/div><div class=\"w-separator size_medium\"><\/div><div class=\"w-image align_none\"><div class=\"w-image-h\"><img loading=\"lazy\" decoding=\"async\" width=\"1280\" height=\"854\" src=\"https:\/\/integrationdesign.se\/wp-content\/uploads\/Doorbird.png\" class=\"attachment-full size-full\" alt=\"\" srcset=\"https:\/\/integrationdesign.se\/wp-content\/uploads\/Doorbird.png 1280w, https:\/\/integrationdesign.se\/wp-content\/uploads\/Doorbird-300x200.png 300w, https:\/\/integrationdesign.se\/wp-content\/uploads\/Doorbird-1024x683.png 1024w\" sizes=\"auto, (max-width: 1280px) 100vw, 1280px\" \/><\/div><\/div><div class=\"w-separator size_medium\"><\/div><div class=\"w-image align_none\"><div class=\"w-image-h\"><img loading=\"lazy\" decoding=\"async\" width=\"5528\" height=\"3456\" src=\"https:\/\/integrationdesign.se\/wp-content\/uploads\/Lyron.png\" class=\"attachment-full size-full\" alt=\"\" srcset=\"https:\/\/integrationdesign.se\/wp-content\/uploads\/Lyron.png 5528w, https:\/\/integrationdesign.se\/wp-content\/uploads\/Lyron-300x188.png 300w, https:\/\/integrationdesign.se\/wp-content\/uploads\/Lyron-1024x640.png 1024w\" sizes=\"auto, (max-width: 5528px) 100vw, 5528px\" \/><\/div><\/div><\/div><\/div><div class=\"wpb_column vc_column_container\"><div class=\"vc_column-inner\"><div class=\"w-separator size_large\"><\/div><div class=\"wpb_text_column us_custom_f1fa72dd\"><div class=\"wpb_wrapper\"><h2>\u00bfSue\u00f1as con una casa que se adapte a tus necesidades?<\/h2>\n<h3>Hacemos que tu casa sea m\u00e1s inteligente, f\u00e1cil y segura con nuestra exclusiva dom\u00f3tica<\/h3>\n<h3>Inf\u00f3rmate sobre c\u00f3mo puedes simplificar tu vida y aumentar tu confort.<\/h3>\n<p>  \u00bfEst\u00e1s cansado de buscar las llaves o de que tu familia se olvide de apagar las luces cuando sales de casa?<br \/>\nEntonces es hora de descubrir las posibilidades de la dom\u00f3tica.<br \/>\nNuestros sistemas dom\u00e9sticos inteligentes hacen tu vida m\u00e1s c\u00f3moda y segura.    <\/p>\n<h3 data-sourcepos=\"15:1-15:29\">\u00bfPor qu\u00e9 elegirnos?<\/h3>\n<p data-sourcepos=\"15:1-15:29\">1. sencillez<strong><br \/>\n<\/strong>Te damos la libertad de controlar tu casa como quieras, cuando quieras.<br \/>\nDesde unos elegantes botones montados en la pared o desde tu tel\u00e9fono m\u00f3vil, puedes ajustar f\u00e1cilmente la iluminaci\u00f3n, la m\u00fasica y otras funciones.<br \/>\nCon la ayuda de sensores de movimiento y horarios programados, creas un hogar que se adapta a tus necesidades.  <\/p>\n<p>  2.<br \/>\nH\u00f6g s\u00e4kerhet <strong><br \/>\n<\/strong>Nuestro sistema te da tranquilidad las 24 horas del d\u00eda.<br \/>\nDise\u00f1ado con las \u00faltimas soluciones de seguridad para proteger lo que m\u00e1s valoras.<br \/>\n3.<br \/>\nEstabilidad   <strong><br \/>\n<\/strong>  Nuestro sistema est\u00e1 dise\u00f1ado con la estabilidad y la fiabilidad como m\u00e1ximas prioridades.<br \/>\nPuedes confiar en que funcionar\u00e1 correctamente, siempre.<br \/>\n4.<br \/>\nEficiencia energ\u00e9tica   <strong><br \/>\n<\/strong>  Automatizar las funciones de tu casa te ahorrar\u00e1 energ\u00eda y dinero.<br \/>\n5.<br \/>\nEl factor sorpresa  <strong><br \/>\n<\/strong>Te ayudamos a crear una atm\u00f3sfera que respire magia.<br \/>\nDeja que la luz baile en las paredes, que la m\u00fasica flote por las habitaciones y que tu casa cuente una historia.   <\/p>\n<h3 data-sourcepos=\"23:1-23:49\">He aqu\u00ed c\u00f3mo una casa inteligente puede simplificar tu vida cotidiana:<\/h3>\n<p>  Despi\u00e9rtate con el piar de los p\u00e1jaros y el sonido de tu artista favorito.<br \/>\nConfigura tu control de luces para que encienda las luces e inicie autom\u00e1ticamente una lista de reproducci\u00f3n.<br \/>\nVuelve a casa a un hogar acogedor.<br \/>\nExperimenta la sensaci\u00f3n de que las luces se encienden y la puerta del garaje se abre autom\u00e1ticamente cuando te acercas a tu casa.<br \/>\nAumenta tu seguridad.<br \/>\nRecibe notificaciones directamente en tu tel\u00e9fono si alguien se mueve por tu casa mientras est\u00e1s fuera.<br \/>\nAlarma y desbloqueo de puertas a distancia.<br \/>\nAhorra energ\u00eda.<br \/>\nDeja que los sensores de movimiento apaguen autom\u00e1ticamente las luces de las habitaciones en las que no haya nadie.<br \/>\nSencillamente, un sistema inteligente que encantar\u00e1 a toda la familia.<\/p>\n<\/div><\/div><\/div><\/div><\/div><\/div><\/div><\/div><\/div><\/section><section class=\"l-section wpb_row us_custom_2a11415a height_medium width_full\"><div class=\"l-section-h i-cf\"><div class=\"g-cols vc_row via_grid cols_3 laptops-cols_inherit tablets-cols_inherit mobiles-cols_1 valign_top type_default stacking_default\"><div class=\"wpb_column vc_column_container\"><div class=\"vc_column-inner\"><div class=\"w-image align_none\"><div class=\"w-image-h\"><img loading=\"lazy\" decoding=\"async\" width=\"748\" height=\"1024\" src=\"https:\/\/integrationdesign.se\/wp-content\/uploads\/Slider-C-748x1024.png\" class=\"attachment-large size-large\" alt=\"\" srcset=\"https:\/\/integrationdesign.se\/wp-content\/uploads\/\/Slider-C-748x1024.png 748w, https:\/\/integrationdesign.se\/wp-content\/uploads\/\/Slider-C-219x300.png 219w, https:\/\/integrationdesign.se\/wp-content\/uploads\/\/Slider-C.png 1180w\" sizes=\"auto, (max-width: 748px) 100vw, 748px\" \/><\/div><\/div><\/div><\/div><div class=\"wpb_column vc_column_container\"><div class=\"vc_column-inner\"><div class=\"w-image has_ratio align_none\"><div class=\"w-image-h\"><div style=\"padding-bottom:133.3333%\"><\/div><img loading=\"lazy\" decoding=\"async\" width=\"683\" height=\"1024\" src=\"https:\/\/integrationdesign.se\/wp-content\/uploads\/INTEGRATION_DESIGN_raw_Genelec-15-683x1024.jpeg\" class=\"attachment-large size-large\" alt=\"\" srcset=\"https:\/\/integrationdesign.se\/wp-content\/uploads\/INTEGRATION_DESIGN_raw_Genelec-15-683x1024.jpeg 683w, https:\/\/integrationdesign.se\/wp-content\/uploads\/INTEGRATION_DESIGN_raw_Genelec-15-200x300.jpeg 200w, https:\/\/integrationdesign.se\/wp-content\/uploads\/INTEGRATION_DESIGN_raw_Genelec-15.jpeg 1200w\" sizes=\"auto, (max-width: 683px) 100vw, 683px\" \/><\/div><\/div><\/div><\/div><div class=\"wpb_column vc_column_container\"><div class=\"vc_column-inner\"><div class=\"w-image align_none\"><div class=\"w-image-h\"><img loading=\"lazy\" decoding=\"async\" width=\"768\" height=\"1024\" src=\"https:\/\/integrationdesign.se\/wp-content\/uploads\/IMG_7783-768x1024.jpg\" class=\"attachment-large size-large\" alt=\"\" srcset=\"https:\/\/integrationdesign.se\/wp-content\/uploads\/IMG_7783-768x1024.jpg 768w, https:\/\/integrationdesign.se\/wp-content\/uploads\/IMG_7783-225x300.jpg 225w, https:\/\/integrationdesign.se\/wp-content\/uploads\/IMG_7783.jpg 1000w\" sizes=\"auto, (max-width: 768px) 100vw, 768px\" \/><\/div><\/div><\/div><\/div><\/div><\/div><\/section>\n","protected":false},"excerpt":{"rendered":"Dom\u00f3tica y hogares inteligentes \u00bfSue\u00f1as con una casa que se adapte a tus necesidades? Hacemos que tu casa sea m\u00e1s inteligente, f\u00e1cil y segura con nuestra exclusiva dom\u00f3tica Inf\u00f3rmate sobre c\u00f3mo puedes simplificar tu vida y aumentar tu confort. \u00bfEst\u00e1s cansado de buscar las llaves o de que tu familia se olvide de apagar las...","protected":false},"author":3,"featured_media":0,"parent":0,"menu_order":0,"comment_status":"closed","ping_status":"closed","template":"","meta":{"footnotes":""},"class_list":["post-3129","page","type-page","status-publish","hentry"],"yoast_head":"<!-- This site is optimized with the Yoast SEO plugin v27.4 - https:\/\/yoast.com\/product\/yoast-seo-wordpress\/ -->\n<title>Dom\u00f3tica y hogares inteligentes - Integration design<\/title>\n<meta name=\"description\" content=\"Hacemos que tu casa sea m\u00e1s inteligente, f\u00e1cil y segura con nuestra exclusiva dom\u00f3tica. Inf\u00f3rmate sobre c\u00f3mo puedes simplificar tu vida cotidiana y aumentar tu confort.\" \/>\n<meta name=\"robots\" content=\"index, follow, max-snippet:-1, max-image-preview:large, max-video-preview:-1\" \/>\n<link rel=\"canonical\" href=\"https:\/\/integrationdesign.se\/es\/domotica-y-hogares-inteligentes\/\" \/>\n<meta property=\"og:locale\" content=\"es_ES\" \/>\n<meta property=\"og:type\" content=\"article\" \/>\n<meta property=\"og:title\" content=\"Dom\u00f3tica y hogares inteligentes - Integration design\" \/>\n<meta property=\"og:description\" content=\"Hacemos que tu casa sea m\u00e1s inteligente, f\u00e1cil y segura con nuestra exclusiva dom\u00f3tica. Inf\u00f3rmate sobre c\u00f3mo puedes simplificar tu vida cotidiana y aumentar tu confort.\" \/>\n<meta property=\"og:url\" content=\"https:\/\/integrationdesign.se\/es\/domotica-y-hogares-inteligentes\/\" \/>\n<meta property=\"og:site_name\" content=\"Integration design\" \/>\n<meta property=\"article:modified_time\" content=\"2024-09-05T10:09:43+00:00\" \/>\n<meta name=\"twitter:card\" content=\"summary_large_image\" \/>\n<meta name=\"twitter:label1\" content=\"Tiempo de lectura\" \/>\n\t<meta name=\"twitter:data1\" content=\"3 minutos\" \/>\n<script type=\"application\/ld+json\" class=\"yoast-schema-graph\">{\"@context\":\"https:\\\/\\\/schema.org\",\"@graph\":[{\"@type\":\"WebPage\",\"@id\":\"https:\\\/\\\/integrationdesign.se\\\/es\\\/domotica-y-hogares-inteligentes\\\/\",\"url\":\"https:\\\/\\\/integrationdesign.se\\\/es\\\/domotica-y-hogares-inteligentes\\\/\",\"name\":\"Dom\u00f3tica y hogares inteligentes - Integration design\",\"isPartOf\":{\"@id\":\"https:\\\/\\\/integrationdesign.se\\\/es\\\/#website\"},\"datePublished\":\"2024-08-12T08:03:39+00:00\",\"dateModified\":\"2024-09-05T10:09:43+00:00\",\"description\":\"Hacemos que tu casa sea m\u00e1s inteligente, f\u00e1cil y segura con nuestra exclusiva dom\u00f3tica. Inf\u00f3rmate sobre c\u00f3mo puedes simplificar tu vida cotidiana y aumentar tu confort.\",\"breadcrumb\":{\"@id\":\"https:\\\/\\\/integrationdesign.se\\\/es\\\/domotica-y-hogares-inteligentes\\\/#breadcrumb\"},\"inLanguage\":\"es\",\"potentialAction\":[{\"@type\":\"ReadAction\",\"target\":[\"https:\\\/\\\/integrationdesign.se\\\/es\\\/domotica-y-hogares-inteligentes\\\/\"]}]},{\"@type\":\"BreadcrumbList\",\"@id\":\"https:\\\/\\\/integrationdesign.se\\\/es\\\/domotica-y-hogares-inteligentes\\\/#breadcrumb\",\"itemListElement\":[{\"@type\":\"ListItem\",\"position\":1,\"name\":\"Hem\",\"item\":\"https:\\\/\\\/integrationdesign.se\\\/es\\\/transformar-espacios\\\/\"},{\"@type\":\"ListItem\",\"position\":2,\"name\":\"Dom\u00f3tica y hogares inteligentes\"}]},{\"@type\":\"WebSite\",\"@id\":\"https:\\\/\\\/integrationdesign.se\\\/es\\\/#website\",\"url\":\"https:\\\/\\\/integrationdesign.se\\\/es\\\/\",\"name\":\"Integration design\",\"description\":\"Release your senses\",\"potentialAction\":[{\"@type\":\"SearchAction\",\"target\":{\"@type\":\"EntryPoint\",\"urlTemplate\":\"https:\\\/\\\/integrationdesign.se\\\/es\\\/?s={search_term_string}\"},\"query-input\":{\"@type\":\"PropertyValueSpecification\",\"valueRequired\":true,\"valueName\":\"search_term_string\"}}],\"inLanguage\":\"es\"}]}<\/script>\n<!-- \/ Yoast SEO plugin. -->","yoast_head_json":{"title":"Dom\u00f3tica y hogares inteligentes - Integration design","description":"Hacemos que tu casa sea m\u00e1s inteligente, f\u00e1cil y segura con nuestra exclusiva dom\u00f3tica. Inf\u00f3rmate sobre c\u00f3mo puedes simplificar tu vida cotidiana y aumentar tu confort.","robots":{"index":"index","follow":"follow","max-snippet":"max-snippet:-1","max-image-preview":"max-image-preview:large","max-video-preview":"max-video-preview:-1"},"canonical":"https:\/\/integrationdesign.se\/es\/domotica-y-hogares-inteligentes\/","og_locale":"es_ES","og_type":"article","og_title":"Dom\u00f3tica y hogares inteligentes - Integration design","og_description":"Hacemos que tu casa sea m\u00e1s inteligente, f\u00e1cil y segura con nuestra exclusiva dom\u00f3tica. Inf\u00f3rmate sobre c\u00f3mo puedes simplificar tu vida cotidiana y aumentar tu confort.","og_url":"https:\/\/integrationdesign.se\/es\/domotica-y-hogares-inteligentes\/","og_site_name":"Integration design","article_modified_time":"2024-09-05T10:09:43+00:00","twitter_card":"summary_large_image","twitter_misc":{"Tiempo de lectura":"3 minutos"},"schema":{"@context":"https:\/\/schema.org","@graph":[{"@type":"WebPage","@id":"https:\/\/integrationdesign.se\/es\/domotica-y-hogares-inteligentes\/","url":"https:\/\/integrationdesign.se\/es\/domotica-y-hogares-inteligentes\/","name":"Dom\u00f3tica y hogares inteligentes - Integration design","isPartOf":{"@id":"https:\/\/integrationdesign.se\/es\/#website"},"datePublished":"2024-08-12T08:03:39+00:00","dateModified":"2024-09-05T10:09:43+00:00","description":"Hacemos que tu casa sea m\u00e1s inteligente, f\u00e1cil y segura con nuestra exclusiva dom\u00f3tica. Inf\u00f3rmate sobre c\u00f3mo puedes simplificar tu vida cotidiana y aumentar tu confort.","breadcrumb":{"@id":"https:\/\/integrationdesign.se\/es\/domotica-y-hogares-inteligentes\/#breadcrumb"},"inLanguage":"es","potentialAction":[{"@type":"ReadAction","target":["https:\/\/integrationdesign.se\/es\/domotica-y-hogares-inteligentes\/"]}]},{"@type":"BreadcrumbList","@id":"https:\/\/integrationdesign.se\/es\/domotica-y-hogares-inteligentes\/#breadcrumb","itemListElement":[{"@type":"ListItem","position":1,"name":"Hem","item":"https:\/\/integrationdesign.se\/es\/transformar-espacios\/"},{"@type":"ListItem","position":2,"name":"Dom\u00f3tica y hogares inteligentes"}]},{"@type":"WebSite","@id":"https:\/\/integrationdesign.se\/es\/#website","url":"https:\/\/integrationdesign.se\/es\/","name":"Integration design","description":"Release your senses","potentialAction":[{"@type":"SearchAction","target":{"@type":"EntryPoint","urlTemplate":"https:\/\/integrationdesign.se\/es\/?s={search_term_string}"},"query-input":{"@type":"PropertyValueSpecification","valueRequired":true,"valueName":"search_term_string"}}],"inLanguage":"es"}]}},"_links":{"self":[{"href":"https:\/\/integrationdesign.se\/es\/wp-json\/wp\/v2\/pages\/3129","targetHints":{"allow":["GET"]}}],"collection":[{"href":"https:\/\/integrationdesign.se\/es\/wp-json\/wp\/v2\/pages"}],"about":[{"href":"https:\/\/integrationdesign.se\/es\/wp-json\/wp\/v2\/types\/page"}],"author":[{"embeddable":true,"href":"https:\/\/integrationdesign.se\/es\/wp-json\/wp\/v2\/users\/3"}],"replies":[{"embeddable":true,"href":"https:\/\/integrationdesign.se\/es\/wp-json\/wp\/v2\/comments?post=3129"}],"version-history":[{"count":2,"href":"https:\/\/integrationdesign.se\/es\/wp-json\/wp\/v2\/pages\/3129\/revisions"}],"predecessor-version":[{"id":3131,"href":"https:\/\/integrationdesign.se\/es\/wp-json\/wp\/v2\/pages\/3129\/revisions\/3131"}],"wp:attachment":[{"href":"https:\/\/integrationdesign.se\/es\/wp-json\/wp\/v2\/media?parent=3129"}],"curies":[{"name":"wp","href":"https:\/\/api.w.org\/{rel}","templated":true}]}}