{"id":3063,"date":"2023-02-24T09:37:29","date_gmt":"2023-02-24T08:37:29","guid":{"rendered":"https:\/\/integrationdesign.se\/nuestros-expertos\/"},"modified":"2024-09-05T16:06:25","modified_gmt":"2024-09-05T14:06:25","slug":"nuestros-expertos","status":"publish","type":"page","link":"https:\/\/integrationdesign.se\/es\/nuestros-expertos\/","title":{"rendered":"Nuestros expertos"},"content":{"rendered":"<section class=\"l-section wpb_row height_medium\"><div class=\"l-section-h i-cf\"><div class=\"g-cols vc_row via_grid cols_1 laptops-cols_inherit tablets-cols_inherit mobiles-cols_1 valign_top type_default stacking_default\"><div class=\"wpb_column vc_column_container\"><div class=\"vc_column-inner\"><div class=\"wpb_text_column\"><div class=\"wpb_wrapper\"><h1>Conoce a nuestros expertos<\/h1>\n<\/div><\/div><\/div><\/div><\/div><\/div><\/section><section class=\"l-section wpb_row height_medium\"><div class=\"l-section-h i-cf\"><div class=\"g-cols vc_row via_grid cols_1 laptops-cols_inherit tablets-cols_inherit mobiles-cols_1 valign_top type_default stacking_default\"><div class=\"wpb_column vc_column_container\"><div class=\"vc_column-inner\"><div class=\"wpb_text_column\"><div class=\"wpb_wrapper\"><h3>Habilidades creativas con coraz\u00f3n<\/h3>\n<p> Nuestro equipo est\u00e1 reunido para ofrecer un flujo continuo desde la visi\u00f3n hasta la realizaci\u00f3n de tu nueva casa, tienda u oficina. Cada paso y momento del viaje hacia el objetivo es crucial para el resultado final. Siempre hacemos todo lo posible por crear un proceso fluido para nuestros clientes y socios.<\/p>\n<\/div><\/div><\/div><\/div><\/div><\/div><\/section><section class=\"l-section wpb_row us_custom_5de03e0f height_small\"><div class=\"l-section-h i-cf\"><div class=\"g-cols vc_row via_grid cols_1 laptops-cols_inherit tablets-cols_inherit mobiles-cols_1 valign_top type_default stacking_default\"><div class=\"wpb_column vc_column_container\"><div class=\"vc_column-inner\"><div class=\"w-grid type_grid layout_786 cols_3\" id=\"us_grid_1\" style=\"--gap:1.40rem;\"><style>@media (max-width:1024px){#us_grid_1 .w-grid-item{width:50%}}@media (max-width:600px){#us_grid_1 .w-grid-list{margin:0}#us_grid_1 .w-grid-item{width:100%;padding:0;margin-bottom:var(--gap,0px)}}.layout_786 .w-grid-item-h{}.layout_786 .usg_vwrapper_2{transition-duration:0.3s;transform-origin:50% 50%;transform:scale(1) translate(0%,0%)}.layout_786 .w-grid-item-h:hover .usg_vwrapper_2{transform:scale(1.03) translate(0%,0%);opacity:1}.layout_786 .usg_post_image_1{border-radius:40px!important}.layout_786 .usg_vwrapper_2{margin-bottom:20px!important}.layout_786 .usg_post_title_2{font-weight:500!important;margin-top:1rem!important;margin-bottom:-0.1rem!important}.layout_786 .usg_post_content_2{max-width:400px!important}@media (min-width:1025px) and (max-width:1280px){.layout_786 .usg_vwrapper_2{margin-bottom:20px!important}}@media (min-width:601px) and (max-width:1024px){.layout_786 .usg_vwrapper_2{margin-bottom:20px!important}}@media (max-width:600px){.layout_786 .usg_vwrapper_2{margin-bottom:40px!important}}<\/style><div class=\"w-grid-list\">\t<article class=\"w-grid-item post-3217 experts type-experts status-publish has-post-thumbnail hentry category_experts-expert-es\" data-id=\"3217\">\r\n\t\t<div class=\"w-grid-item-h\">\r\n\t\t\t\t\t\t<div class=\"w-vwrapper usg_vwrapper_2 align_none valign_top\"><div class=\"w-post-elm post_image usg_post_image_1 has_ratio\"><div style=\"padding-bottom:133.3333%\"><\/div><img loading=\"lazy\" decoding=\"async\" width=\"820\" height=\"1251\" src=\"https:\/\/integrationdesign.se\/wp-content\/uploads\/expert-Christophe-Mourou.jpg\" class=\"attachment-full size-full wp-post-image\" alt=\"\" srcset=\"https:\/\/integrationdesign.se\/wp-content\/uploads\/\/expert-Christophe-Mourou.jpg 820w, https:\/\/integrationdesign.se\/wp-content\/uploads\/\/expert-Christophe-Mourou-197x300.jpg 197w, https:\/\/integrationdesign.se\/wp-content\/uploads\/\/expert-Christophe-Mourou-671x1024.jpg 671w\" sizes=\"auto, (max-width: 820px) 100vw, 820px\" \/><\/div><h6 class=\"w-post-elm post_title usg_post_title_2 entry-title color_link_inherit\">Christophe Mourou<\/h6><div class=\"w-post-elm post_content usg_post_content_2 without_sections\"><div class=\"wpb_text_column\"><div class=\"wpb_wrapper\"><p>Fundador y Director Creativo<\/p>\n<\/div><\/div>\n<\/div><\/div>\t\t<\/div>\r\n\t<\/article>\r\n\t<article class=\"w-grid-item post-3206 experts type-experts status-publish has-post-thumbnail hentry category_experts-expert-es\" data-id=\"3206\">\r\n\t\t<div class=\"w-grid-item-h\">\r\n\t\t\t\t\t\t<div class=\"w-vwrapper usg_vwrapper_2 align_none valign_top\"><div class=\"w-post-elm post_image usg_post_image_1 has_ratio\"><div style=\"padding-bottom:133.3333%\"><\/div><img loading=\"lazy\" decoding=\"async\" width=\"950\" height=\"1411\" src=\"https:\/\/integrationdesign.se\/wp-content\/uploads\/expert-Jakob-Moberg.jpg\" class=\"attachment-full size-full wp-post-image\" alt=\"\" srcset=\"https:\/\/integrationdesign.se\/wp-content\/uploads\/\/expert-Jakob-Moberg.jpg 950w, https:\/\/integrationdesign.se\/wp-content\/uploads\/\/expert-Jakob-Moberg-202x300.jpg 202w, https:\/\/integrationdesign.se\/wp-content\/uploads\/\/expert-Jakob-Moberg-689x1024.jpg 689w\" sizes=\"auto, (max-width: 950px) 100vw, 950px\" \/><\/div><h6 class=\"w-post-elm post_title usg_post_title_2 entry-title color_link_inherit\">Jakob Moberg<\/h6><div class=\"w-post-elm post_content usg_post_content_2 without_sections\"><div class=\"wpb_text_column\"><div class=\"wpb_wrapper\"><p>Gestor de contratos<\/p>\n<\/div><\/div>\n<\/div><\/div>\t\t<\/div>\r\n\t<\/article>\r\n\t<article class=\"w-grid-item post-3201 experts type-experts status-publish has-post-thumbnail hentry category_experts-expert-es\" data-id=\"3201\">\r\n\t\t<div class=\"w-grid-item-h\">\r\n\t\t\t\t\t\t<div class=\"w-vwrapper usg_vwrapper_2 align_none valign_top\"><div class=\"w-post-elm post_image usg_post_image_1 has_ratio\"><div style=\"padding-bottom:133.3333%\"><\/div><img loading=\"lazy\" decoding=\"async\" width=\"945\" height=\"1390\" src=\"https:\/\/integrationdesign.se\/wp-content\/uploads\/expert-Oscar-Hallberg.jpg\" class=\"attachment-full size-full wp-post-image\" alt=\"\" srcset=\"https:\/\/integrationdesign.se\/wp-content\/uploads\/\/expert-Oscar-Hallberg.jpg 945w, https:\/\/integrationdesign.se\/wp-content\/uploads\/\/expert-Oscar-Hallberg-204x300.jpg 204w, https:\/\/integrationdesign.se\/wp-content\/uploads\/\/expert-Oscar-Hallberg-696x1024.jpg 696w\" sizes=\"auto, (max-width: 945px) 100vw, 945px\" \/><\/div><h6 class=\"w-post-elm post_title usg_post_title_2 entry-title color_link_inherit\">Oscar Hallberg<\/h6><div class=\"w-post-elm post_content usg_post_content_2 without_sections\"><div class=\"wpb_text_column\"><div class=\"wpb_wrapper\"><p>Ingeniero el\u00e9ctrico<\/p>\n<\/div><\/div>\n<\/div><\/div>\t\t<\/div>\r\n\t<\/article>\r\n\t<article class=\"w-grid-item post-3216 experts type-experts status-publish has-post-thumbnail hentry category_experts-expert-es\" data-id=\"3216\">\r\n\t\t<div class=\"w-grid-item-h\">\r\n\t\t\t\t\t\t<div class=\"w-vwrapper usg_vwrapper_2 align_none valign_top\"><div class=\"w-post-elm post_image usg_post_image_1 has_ratio\"><div style=\"padding-bottom:133.3333%\"><\/div><img loading=\"lazy\" decoding=\"async\" width=\"756\" height=\"1074\" src=\"https:\/\/integrationdesign.se\/wp-content\/uploads\/expert-Joaquim-de-Abreu.jpg\" class=\"attachment-full size-full wp-post-image\" alt=\"\" srcset=\"https:\/\/integrationdesign.se\/wp-content\/uploads\/\/expert-Joaquim-de-Abreu.jpg 756w, https:\/\/integrationdesign.se\/wp-content\/uploads\/\/expert-Joaquim-de-Abreu-211x300.jpg 211w, https:\/\/integrationdesign.se\/wp-content\/uploads\/\/expert-Joaquim-de-Abreu-721x1024.jpg 721w\" sizes=\"auto, (max-width: 756px) 100vw, 756px\" \/><\/div><h6 class=\"w-post-elm post_title usg_post_title_2 entry-title color_link_inherit\">Joaquim de Abreu<\/h6><div class=\"w-post-elm post_content usg_post_content_2 without_sections\"><div class=\"wpb_text_column\"><div class=\"wpb_wrapper\"><p>Dise\u00f1ador de iluminaci\u00f3n<\/p>\n<\/div><\/div>\n<\/div><\/div>\t\t<\/div>\r\n\t<\/article>\r\n\t<article class=\"w-grid-item post-3211 experts type-experts status-publish has-post-thumbnail hentry category_experts-expert-es\" data-id=\"3211\">\r\n\t\t<div class=\"w-grid-item-h\">\r\n\t\t\t\t\t\t<div class=\"w-vwrapper usg_vwrapper_2 align_none valign_top\"><div class=\"w-post-elm post_image usg_post_image_1 has_ratio\"><div style=\"padding-bottom:133.3333%\"><\/div><img loading=\"lazy\" decoding=\"async\" width=\"756\" height=\"1114\" src=\"https:\/\/integrationdesign.se\/wp-content\/uploads\/expert-Peter-Bloch.jpg\" class=\"attachment-full size-full wp-post-image\" alt=\"\" srcset=\"https:\/\/integrationdesign.se\/wp-content\/uploads\/\/expert-Peter-Bloch.jpg 756w, https:\/\/integrationdesign.se\/wp-content\/uploads\/\/expert-Peter-Bloch-204x300.jpg 204w, https:\/\/integrationdesign.se\/wp-content\/uploads\/\/expert-Peter-Bloch-695x1024.jpg 695w\" sizes=\"auto, (max-width: 756px) 100vw, 756px\" \/><\/div><h6 class=\"w-post-elm post_title usg_post_title_2 entry-title color_link_inherit\">Peter Bloch<\/h6><div class=\"w-post-elm post_content usg_post_content_2 without_sections\"><div class=\"wpb_text_column\"><div class=\"wpb_wrapper\"><p style=\"font-weight: 400;\">Especialista audiovisual<\/p>\n<\/div><\/div>\n<\/div><\/div>\t\t<\/div>\r\n\t<\/article>\r\n\t<article class=\"w-grid-item post-3196 experts type-experts status-publish has-post-thumbnail hentry category_experts-expert\" data-id=\"3196\">\r\n\t\t<div class=\"w-grid-item-h\">\r\n\t\t\t\t\t\t<div class=\"w-vwrapper usg_vwrapper_2 align_none valign_top\"><div class=\"w-post-elm post_image usg_post_image_1 has_ratio\"><div style=\"padding-bottom:133.3333%\"><\/div><img loading=\"lazy\" decoding=\"async\" width=\"934\" height=\"1400\" src=\"https:\/\/integrationdesign.se\/wp-content\/uploads\/Markus-Grammer.jpg\" class=\"attachment-full size-full wp-post-image\" alt=\"\" srcset=\"https:\/\/integrationdesign.se\/wp-content\/uploads\/\/Markus-Grammer.jpg 934w, https:\/\/integrationdesign.se\/wp-content\/uploads\/\/Markus-Grammer-200x300.jpg 200w, https:\/\/integrationdesign.se\/wp-content\/uploads\/\/Markus-Grammer-683x1024.jpg 683w\" sizes=\"auto, (max-width: 934px) 100vw, 934px\" \/><\/div><h6 class=\"w-post-elm post_title usg_post_title_2 entry-title color_link_inherit\">Markus Grammer<\/h6><div class=\"w-post-elm post_content usg_post_content_2 without_sections\"><div class=\"wpb_text_column\"><div class=\"wpb_wrapper\"><p>Especialista en electricidad y domotica<\/p>\n<\/div><\/div>\n<\/div><\/div>\t\t<\/div>\r\n\t<\/article>\r\n<\/div><div class=\"w-grid-preloader\"><div class=\"g-preloader type_1\">\r\n\t<div><\/div>\r\n<\/div>\r\n<\/div>\t<div class=\"w-grid-json hidden\" onclick='return {&quot;action&quot;:&quot;us_ajax_grid&quot;,&quot;ajax_url&quot;:&quot;https:\\\/\\\/integrationdesign.se\\\/wp-admin\\\/admin-ajax.php&quot;,&quot;infinite_scroll&quot;:0,&quot;max_num_pages&quot;:1,&quot;pagination&quot;:&quot;infinite&quot;,&quot;permalink_url&quot;:&quot;https:\\\/\\\/integrationdesign.se\\\/es\\\/wp-json\\\/wp\\\/v2\\\/pages\\\/3063\\\/&quot;,&quot;template_vars&quot;:{&quot;columns&quot;:&quot;3&quot;,&quot;exclude_items&quot;:&quot;none&quot;,&quot;img_size&quot;:&quot;default&quot;,&quot;ignore_items_size&quot;:0,&quot;items_layout&quot;:&quot;786&quot;,&quot;items_offset&quot;:&quot;1&quot;,&quot;load_animation&quot;:&quot;none&quot;,&quot;overriding_link&quot;:&quot;none&quot;,&quot;post_id&quot;:0,&quot;query_args&quot;:{&quot;ignore_sticky_posts&quot;:1,&quot;post_type&quot;:&quot;any&quot;,&quot;post__in&quot;:[&quot;1139&quot;,&quot;1146&quot;,&quot;1148&quot;,&quot;1142&quot;,&quot;1145&quot;,&quot;1580&quot;,&quot;1147&quot;],&quot;posts_per_page&quot;:999},&quot;orderby_query_args&quot;:{&quot;orderby&quot;:{&quot;post__in&quot;:&quot;ASC&quot;},&quot;order&quot;:&quot;ASC&quot;},&quot;type&quot;:&quot;grid&quot;,&quot;us_grid_ajax_index&quot;:1,&quot;us_grid_filter_params&quot;:null,&quot;us_grid_index&quot;:1,&quot;_us_grid_post_type&quot;:&quot;ids&quot;,&quot;page_args&quot;:[],&quot;lang&quot;:&quot;es&quot;}}'><\/div>\r\n\t<\/div><div class=\"w-separator size_huge\"><\/div><\/div><\/div><\/div><\/div><\/section>\n","protected":false},"excerpt":{"rendered":"Especialista en electricidad y domotica","protected":false},"author":1,"featured_media":0,"parent":0,"menu_order":0,"comment_status":"closed","ping_status":"closed","template":"","meta":{"footnotes":""},"class_list":["post-3063","page","type-page","status-publish","hentry"],"yoast_head":"<!-- This site is optimized with the Yoast SEO plugin v27.4 - https:\/\/yoast.com\/product\/yoast-seo-wordpress\/ -->\n<title>Nuestros expertos - Integration design<\/title>\n<meta name=\"robots\" content=\"index, follow, max-snippet:-1, max-image-preview:large, max-video-preview:-1\" \/>\n<link rel=\"canonical\" href=\"https:\/\/integrationdesign.se\/es\/nuestros-expertos\/\" \/>\n<meta property=\"og:locale\" content=\"es_ES\" \/>\n<meta property=\"og:type\" content=\"article\" \/>\n<meta property=\"og:title\" content=\"Nuestros expertos - Integration design\" \/>\n<meta property=\"og:url\" content=\"https:\/\/integrationdesign.se\/es\/nuestros-expertos\/\" \/>\n<meta property=\"og:site_name\" content=\"Integration design\" \/>\n<meta property=\"article:modified_time\" content=\"2024-09-05T14:06:25+00:00\" \/>\n<meta name=\"twitter:card\" content=\"summary_large_image\" \/>\n<meta name=\"twitter:label1\" content=\"Tiempo de lectura\" \/>\n\t<meta name=\"twitter:data1\" content=\"1 minuto\" \/>\n<script type=\"application\/ld+json\" class=\"yoast-schema-graph\">{\"@context\":\"https:\\\/\\\/schema.org\",\"@graph\":[{\"@type\":\"WebPage\",\"@id\":\"https:\\\/\\\/integrationdesign.se\\\/es\\\/nuestros-expertos\\\/\",\"url\":\"https:\\\/\\\/integrationdesign.se\\\/es\\\/nuestros-expertos\\\/\",\"name\":\"Nuestros expertos - Integration design\",\"isPartOf\":{\"@id\":\"https:\\\/\\\/integrationdesign.se\\\/es\\\/#website\"},\"datePublished\":\"2023-02-24T08:37:29+00:00\",\"dateModified\":\"2024-09-05T14:06:25+00:00\",\"breadcrumb\":{\"@id\":\"https:\\\/\\\/integrationdesign.se\\\/es\\\/nuestros-expertos\\\/#breadcrumb\"},\"inLanguage\":\"es\",\"potentialAction\":[{\"@type\":\"ReadAction\",\"target\":[\"https:\\\/\\\/integrationdesign.se\\\/es\\\/nuestros-expertos\\\/\"]}]},{\"@type\":\"BreadcrumbList\",\"@id\":\"https:\\\/\\\/integrationdesign.se\\\/es\\\/nuestros-expertos\\\/#breadcrumb\",\"itemListElement\":[{\"@type\":\"ListItem\",\"position\":1,\"name\":\"Hem\",\"item\":\"https:\\\/\\\/integrationdesign.se\\\/es\\\/transformar-espacios\\\/\"},{\"@type\":\"ListItem\",\"position\":2,\"name\":\"Nuestros expertos\"}]},{\"@type\":\"WebSite\",\"@id\":\"https:\\\/\\\/integrationdesign.se\\\/es\\\/#website\",\"url\":\"https:\\\/\\\/integrationdesign.se\\\/es\\\/\",\"name\":\"Integration design\",\"description\":\"Release your senses\",\"potentialAction\":[{\"@type\":\"SearchAction\",\"target\":{\"@type\":\"EntryPoint\",\"urlTemplate\":\"https:\\\/\\\/integrationdesign.se\\\/es\\\/?s={search_term_string}\"},\"query-input\":{\"@type\":\"PropertyValueSpecification\",\"valueRequired\":true,\"valueName\":\"search_term_string\"}}],\"inLanguage\":\"es\"}]}<\/script>\n<!-- \/ Yoast SEO plugin. -->","yoast_head_json":{"title":"Nuestros expertos - Integration design","robots":{"index":"index","follow":"follow","max-snippet":"max-snippet:-1","max-image-preview":"max-image-preview:large","max-video-preview":"max-video-preview:-1"},"canonical":"https:\/\/integrationdesign.se\/es\/nuestros-expertos\/","og_locale":"es_ES","og_type":"article","og_title":"Nuestros expertos - Integration design","og_url":"https:\/\/integrationdesign.se\/es\/nuestros-expertos\/","og_site_name":"Integration design","article_modified_time":"2024-09-05T14:06:25+00:00","twitter_card":"summary_large_image","twitter_misc":{"Tiempo de lectura":"1 minuto"},"schema":{"@context":"https:\/\/schema.org","@graph":[{"@type":"WebPage","@id":"https:\/\/integrationdesign.se\/es\/nuestros-expertos\/","url":"https:\/\/integrationdesign.se\/es\/nuestros-expertos\/","name":"Nuestros expertos - Integration design","isPartOf":{"@id":"https:\/\/integrationdesign.se\/es\/#website"},"datePublished":"2023-02-24T08:37:29+00:00","dateModified":"2024-09-05T14:06:25+00:00","breadcrumb":{"@id":"https:\/\/integrationdesign.se\/es\/nuestros-expertos\/#breadcrumb"},"inLanguage":"es","potentialAction":[{"@type":"ReadAction","target":["https:\/\/integrationdesign.se\/es\/nuestros-expertos\/"]}]},{"@type":"BreadcrumbList","@id":"https:\/\/integrationdesign.se\/es\/nuestros-expertos\/#breadcrumb","itemListElement":[{"@type":"ListItem","position":1,"name":"Hem","item":"https:\/\/integrationdesign.se\/es\/transformar-espacios\/"},{"@type":"ListItem","position":2,"name":"Nuestros expertos"}]},{"@type":"WebSite","@id":"https:\/\/integrationdesign.se\/es\/#website","url":"https:\/\/integrationdesign.se\/es\/","name":"Integration design","description":"Release your senses","potentialAction":[{"@type":"SearchAction","target":{"@type":"EntryPoint","urlTemplate":"https:\/\/integrationdesign.se\/es\/?s={search_term_string}"},"query-input":{"@type":"PropertyValueSpecification","valueRequired":true,"valueName":"search_term_string"}}],"inLanguage":"es"}]}},"_links":{"self":[{"href":"https:\/\/integrationdesign.se\/es\/wp-json\/wp\/v2\/pages\/3063","targetHints":{"allow":["GET"]}}],"collection":[{"href":"https:\/\/integrationdesign.se\/es\/wp-json\/wp\/v2\/pages"}],"about":[{"href":"https:\/\/integrationdesign.se\/es\/wp-json\/wp\/v2\/types\/page"}],"author":[{"embeddable":true,"href":"https:\/\/integrationdesign.se\/es\/wp-json\/wp\/v2\/users\/1"}],"replies":[{"embeddable":true,"href":"https:\/\/integrationdesign.se\/es\/wp-json\/wp\/v2\/comments?post=3063"}],"version-history":[{"count":14,"href":"https:\/\/integrationdesign.se\/es\/wp-json\/wp\/v2\/pages\/3063\/revisions"}],"predecessor-version":[{"id":3297,"href":"https:\/\/integrationdesign.se\/es\/wp-json\/wp\/v2\/pages\/3063\/revisions\/3297"}],"wp:attachment":[{"href":"https:\/\/integrationdesign.se\/es\/wp-json\/wp\/v2\/media?parent=3063"}],"curies":[{"name":"wp","href":"https:\/\/api.w.org\/{rel}","templated":true}]}}