{"id":3006,"date":"2023-07-03T12:51:42","date_gmt":"2023-07-03T10:51:42","guid":{"rendered":"https:\/\/integrationdesign.se\/nueva-produccion\/"},"modified":"2025-01-05T12:29:33","modified_gmt":"2025-01-05T11:29:33","slug":"nueva-produccion","status":"publish","type":"page","link":"https:\/\/integrationdesign.se\/es\/transformar-espacios\/nueva-produccion\/","title":{"rendered":"Nueva producci\u00f3n"},"content":{"rendered":"<section class=\"l-section wpb_row height_huge with_img parallax_ver\"><div class=\"l-section-img\" data-img-width=\"2500\" data-img-height=\"1668\" style=\"background-image: url(https:\/\/integrationdesign.se\/wp-content\/uploads\/id_kok.jpg);background-repeat: no-repeat;\"><\/div><div class=\"l-section-overlay\" style=\"background:rgba(26,26,26,0.30)\"><\/div><div class=\"l-section-h i-cf\"><div class=\"g-cols vc_row via_grid cols_1 laptops-cols_inherit tablets-cols_inherit mobiles-cols_1 valign_top type_default stacking_default\"><div class=\"wpb_column vc_column_container\"><div class=\"vc_column-inner\"><div class=\"w-separator size_medium\"><\/div><div class=\"wpb_text_column\"><div class=\"wpb_wrapper\"><h1>Un socio profesional con grandes ambiciones<\/h1>\n<\/div><\/div><div class=\"w-separator size_medium\"><\/div><div class=\"w-btn-wrapper align_none hide_on_mobiles\"><a class=\"w-btn us-btn-style_2 us_custom_b4198c51\" title=\"Contacta con nosotros\" href=\"https:\/\/integrationdesign.se\/es\/contacta-con-nosotros\/\"><span class=\"w-btn-label\">Ponte en contacto conmigo en<\/span><\/a><\/div><div class=\"w-btn-wrapper align_none hide_on_default hide_on_laptops hide_on_tablets\"><a class=\"w-btn us-btn-style_2 us_custom_b4198c51\" title=\"Contacta con nosotros\" href=\"https:\/\/integrationdesign.se\/es\/contacta-con-nosotros\/\"><span class=\"w-btn-label\">Ponte en contacto conmigo en<\/span><\/a><\/div><div class=\"w-separator size_medium\"><\/div><\/div><\/div><\/div><\/div><\/section><section class=\"l-section wpb_row us_custom_2a11415a height_large\"><div class=\"l-section-h i-cf\"><div class=\"g-cols vc_row via_grid cols_1 laptops-cols_inherit tablets-cols_inherit mobiles-cols_1 valign_top type_default stacking_default\"><div class=\"wpb_column vc_column_container\"><div class=\"vc_column-inner\"><div class=\"wpb_text_column\"><div class=\"wpb_wrapper\"><h2>Un equipo de especialistas en tecnolog\u00eda bajo un mismo techo<\/h2>\n<\/div><\/div><div class=\"g-cols wpb_row via_grid cols_2 laptops-cols_inherit tablets-cols_inherit mobiles-cols_1 valign_top type_default stacking_default\"><div class=\"wpb_column vc_column_container hide_on_mobiles\"><div class=\"vc_column-inner\"><div class=\"w-image align_none\"><div class=\"w-image-h\"><img loading=\"lazy\" decoding=\"async\" width=\"1024\" height=\"768\" src=\"https:\/\/integrationdesign.se\/wp-content\/uploads\/IMG_5244-1024x768.jpg\" class=\"attachment-large size-large\" alt=\"\" srcset=\"https:\/\/integrationdesign.se\/wp-content\/uploads\/\/IMG_5244-1024x768.jpg 1024w, https:\/\/integrationdesign.se\/wp-content\/uploads\/\/IMG_5244-300x225.jpg 300w\" sizes=\"auto, (max-width: 1024px) 100vw, 1024px\" \/><\/div><\/div><\/div><\/div><div class=\"wpb_column vc_column_container\"><div class=\"vc_column-inner\"><div class=\"wpb_text_column us_custom_801ebfe7\"><div class=\"wpb_wrapper\"><p>Adaptaciones para inquilinos, bloques de pisos, proyectos de renovaci\u00f3n, locales comerciales, residencias privadas o edificios protegidos. Como expertos en soluciones complejas de iluminaci\u00f3n, automatizaci\u00f3n, tecnolog\u00eda a\/v, seguridad y paso, te ayudamos a entregar tus proyectos con la m\u00e1xima calidad, desde la fase de sistema hasta el documento de construcci\u00f3n acabado. Somos conocidos como un socio orientado a las soluciones, con gran competencia y fiabilidad. Entre nuestros clientes hay propietarios de inmuebles, empresas constructoras, estudios de arquitectura, contratistas el\u00e9ctricos, dise\u00f1adores de interiores, agencias de proyectos y promotores conceptuales.<\/p>\n<\/div><\/div><\/div><\/div><\/div><\/div><\/div><\/div><\/div><\/section><section class=\"l-section wpb_row height_auto\"><div class=\"l-section-h i-cf\"><div class=\"g-cols vc_row via_grid cols_1 laptops-cols_inherit tablets-cols_inherit mobiles-cols_1 valign_top type_default stacking_default\"><div class=\"wpb_column vc_column_container\"><div class=\"vc_column-inner\"><div class=\"w-tabs style_default switch_click accordion has_scrolling remove_indents\"><div class=\"w-tabs-sections titles-align_none icon_plus cpos_right\"><div class=\"w-tabs-section\" id=\"uff1\"><button class=\"w-tabs-section-header\" aria-controls=\"content-uff1\" aria-expanded=\"false\"><h1 class=\"w-tabs-section-title\">Iluminaci\u00f3n<\/h1><div class=\"w-tabs-section-control\"><\/div><\/button><div  class=\"w-tabs-section-content\" id=\"content-uff1\"><div class=\"w-tabs-section-content-h i-cf\"><div class=\"g-cols wpb_row via_grid cols_1-2 laptops-cols_inherit tablets-cols_inherit mobiles-cols_1 valign_top type_default stacking_default\"><div class=\"wpb_column vc_column_container\"><div class=\"vc_column-inner\"><div class=\"wpb_text_column\"><div class=\"wpb_wrapper\"><p><a href=\"https:\/\/integrationdesign.se\/es\/diseno-de-iluminacion\/\">El dise\u00f1o de iluminaci\u00f3n<\/a> es una forma de arte.<br \/>\nCombina tecnolog\u00eda y creatividad para evocar emociones, crear estados de \u00e1nimo y mejorar las experiencias.<br \/>\nPuede tratarse de crear una atm\u00f3sfera rom\u00e1ntica en un restaurante, crear un ambiente excitante en el escenario de un teatro o resaltar la arquitectura de un edificio.<\/p>\n<\/div><\/div><div class=\"w-separator size_small\"><\/div><div class=\"w-btn-wrapper align_none\"><a class=\"w-btn us-btn-style_3\" href=\"https:\/\/integrationdesign.se\/es\/diseno-de-iluminacion\/\"><span class=\"w-btn-label\">Lee m\u00e1s aqu\u00ed sobre todo lo que hacemos en dise\u00f1o de iluminaci\u00f3n<\/span><\/a><\/div><\/div><\/div><div class=\"wpb_column vc_column_container\"><div class=\"vc_column-inner\"><div class=\"w-image has_ratio align_none\"><div class=\"w-image-h\"><div style=\"padding-bottom:56.25%\"><\/div><img loading=\"lazy\" decoding=\"async\" width=\"3024\" height=\"2070\" src=\"https:\/\/integrationdesign.se\/wp-content\/uploads\/Ljus-trappa-sno.png\" class=\"attachment-full size-full\" alt=\"\" srcset=\"https:\/\/integrationdesign.se\/wp-content\/uploads\/\/Ljus-trappa-sno.png 3024w, https:\/\/integrationdesign.se\/wp-content\/uploads\/\/Ljus-trappa-sno-300x205.png 300w, https:\/\/integrationdesign.se\/wp-content\/uploads\/\/Ljus-trappa-sno-1024x701.png 1024w\" sizes=\"auto, (max-width: 3024px) 100vw, 3024px\" \/><\/div><\/div><\/div><\/div><\/div><\/div><\/div><\/div><div class=\"w-tabs-section\" id=\"se11\"><button class=\"w-tabs-section-header\" aria-controls=\"content-se11\" aria-expanded=\"false\"><h1 class=\"w-tabs-section-title\">Audio<\/h1><div class=\"w-tabs-section-control\"><\/div><\/button><div  class=\"w-tabs-section-content\" id=\"content-se11\"><div class=\"w-tabs-section-content-h i-cf\"><div class=\"g-cols wpb_row via_grid cols_1-2 laptops-cols_inherit tablets-cols_inherit mobiles-cols_1 valign_top type_default stacking_default\"><div class=\"wpb_column vc_column_container\"><div class=\"vc_column-inner\"><div class=\"wpb_text_column\"><div class=\"wpb_wrapper\"><p>La experiencia de la m\u00fasica es profundamente personal y tiene la capacidad de conmovernos de las formas m\u00e1s inesperadas.<br \/>\nTe damos la oportunidad de disfrutar de tu m\u00fasica en cualquier lugar, pero sin perturbar el interior con altavoces y cables visibles.<br \/>\nPresentes pero nunca intrusivos.<\/p>\n<\/div><\/div><div class=\"w-separator size_small\"><\/div><\/div><\/div><div class=\"wpb_column vc_column_container\"><div class=\"vc_column-inner\"><div class=\"w-image has_ratio align_none\"><div class=\"w-image-h\"><div style=\"padding-bottom:56.25%\"><\/div><img loading=\"lazy\" decoding=\"async\" width=\"1874\" height=\"971\" src=\"https:\/\/integrationdesign.se\/wp-content\/uploads\/Wisdom.jpg\" class=\"attachment-full size-full\" alt=\"\" srcset=\"https:\/\/integrationdesign.se\/wp-content\/uploads\/\/Wisdom.jpg 1874w, https:\/\/integrationdesign.se\/wp-content\/uploads\/\/Wisdom-300x155.jpg 300w, https:\/\/integrationdesign.se\/wp-content\/uploads\/\/Wisdom-1024x531.jpg 1024w\" sizes=\"auto, (max-width: 1874px) 100vw, 1874px\" \/><\/div><\/div><\/div><\/div><\/div><\/div><\/div><\/div><div class=\"w-tabs-section\" id=\"yefa\"><button class=\"w-tabs-section-header\" aria-controls=\"content-yefa\" aria-expanded=\"false\"><h1 class=\"w-tabs-section-title\">Video<\/h1><div class=\"w-tabs-section-control\"><\/div><\/button><div  class=\"w-tabs-section-content\" id=\"content-yefa\"><div class=\"w-tabs-section-content-h i-cf\"><div class=\"g-cols wpb_row via_grid cols_1-2 laptops-cols_inherit tablets-cols_inherit mobiles-cols_1 valign_top type_default stacking_default\"><div class=\"wpb_column vc_column_container\"><div class=\"vc_column-inner\"><div class=\"wpb_text_column\"><div class=\"wpb_wrapper\"><p>Como especialistas en tecnolog\u00eda de la imagen, creamos experiencias, desde las m\u00e1s sencillas y despojadas hasta las visualmente espectaculares.<br \/>\nNuestra especialidad son las soluciones totalmente invisibles, en las que la pantalla se integra en un mueble con un mecanismo motorizado o se oculta tras un espejo.<\/p>\n<\/div><\/div><div class=\"w-separator size_small\"><\/div><\/div><\/div><div class=\"wpb_column vc_column_container\"><div class=\"vc_column-inner\"><div class=\"w-image has_ratio align_none\"><div class=\"w-image-h\"><div style=\"padding-bottom:56.25%\"><\/div><img loading=\"lazy\" decoding=\"async\" width=\"1500\" height=\"844\" src=\"https:\/\/integrationdesign.se\/wp-content\/uploads\/Future-Automation.jpg\" class=\"attachment-full size-full\" alt=\"\" srcset=\"https:\/\/integrationdesign.se\/wp-content\/uploads\/Future-Automation.jpg 1500w, https:\/\/integrationdesign.se\/wp-content\/uploads\/Future-Automation-300x169.jpg 300w, https:\/\/integrationdesign.se\/wp-content\/uploads\/Future-Automation-1024x576.jpg 1024w\" sizes=\"auto, (max-width: 1500px) 100vw, 1500px\" \/><\/div><\/div><\/div><\/div><\/div><\/div><\/div><\/div><div class=\"w-tabs-section\" id=\"hecf\"><button class=\"w-tabs-section-header\" aria-controls=\"content-hecf\" aria-expanded=\"false\"><h1 class=\"w-tabs-section-title\">Sistema de control<\/h1><div class=\"w-tabs-section-control\"><\/div><\/button><div  class=\"w-tabs-section-content\" id=\"content-hecf\"><div class=\"w-tabs-section-content-h i-cf\"><div class=\"g-cols wpb_row via_grid cols_1-2 laptops-cols_inherit tablets-cols_inherit mobiles-cols_1 valign_top type_default stacking_default\"><div class=\"wpb_column vc_column_container\"><div class=\"vc_column-inner\"><div class=\"wpb_text_column\"><div class=\"wpb_wrapper\"><p>El sistema de control es el coraz\u00f3n de nuestras instalaciones.<br \/>\nLa experiencia de un sistema de control inteligente te proporciona una incre\u00edble sensaci\u00f3n de confort y lujo.<br \/>\nCon s\u00f3lo pulsar un bot\u00f3n, puedes cambiar todo el ambiente de tu casa, seleccionar m\u00fasica, desbloquear una puerta, abrir las cortinas y mucho m\u00e1s.<br \/>\nSistemas inteligentes que gustan a toda la familia.<\/p>\n<\/div><\/div><div class=\"w-separator size_small\"><\/div><\/div><\/div><div class=\"wpb_column vc_column_container\"><div class=\"vc_column-inner\"><div class=\"w-image has_ratio align_none\"><div class=\"w-image-h\"><div style=\"padding-bottom:56.25%\"><\/div><img loading=\"lazy\" decoding=\"async\" width=\"1200\" height=\"625\" src=\"https:\/\/integrationdesign.se\/wp-content\/uploads\/Alisse-SWE-wide-A.png\" class=\"attachment-full size-full\" alt=\"\" srcset=\"https:\/\/integrationdesign.se\/wp-content\/uploads\/\/Alisse-SWE-wide-A.png 1200w, https:\/\/integrationdesign.se\/wp-content\/uploads\/\/Alisse-SWE-wide-A-300x156.png 300w, https:\/\/integrationdesign.se\/wp-content\/uploads\/\/Alisse-SWE-wide-A-1024x533.png 1024w\" sizes=\"auto, (max-width: 1200px) 100vw, 1200px\" \/><\/div><\/div><\/div><\/div><\/div><\/div><\/div><\/div><\/div><\/div><div class=\"w-separator size_huge\"><\/div><\/div><\/div><\/div><\/div><\/section>\n<section class=\"l-section wpb_row height_auto width_full\"><div class=\"l-section-h i-cf\"><div class=\"g-cols vc_row via_grid cols_1 laptops-cols_inherit tablets-cols_inherit mobiles-cols_1 valign_top type_default stacking_default\"><div class=\"wpb_column vc_column_container\"><div class=\"vc_column-inner\"><div class=\"w-image has_ratio align_none\"><div class=\"w-image-h\"><div style=\"padding-bottom:56.25%\"><\/div><img loading=\"lazy\" decoding=\"async\" width=\"1800\" height=\"1223\" src=\"https:\/\/integrationdesign.se\/wp-content\/uploads\/hero_006.jpg\" class=\"attachment-full size-full\" alt=\"\" srcset=\"https:\/\/integrationdesign.se\/wp-content\/uploads\/\/hero_006.jpg 1800w, https:\/\/integrationdesign.se\/wp-content\/uploads\/\/hero_006-300x204.jpg 300w, https:\/\/integrationdesign.se\/wp-content\/uploads\/\/hero_006-1024x696.jpg 1024w\" sizes=\"auto, (max-width: 1800px) 100vw, 1800px\" \/><\/div><\/div><\/div><\/div><\/div><\/div><\/section><section class=\"l-section wpb_row height_large color_alternate\"><div class=\"l-section-h i-cf\"><div class=\"g-cols vc_row via_grid cols_2-3 laptops-cols_inherit tablets-cols_inherit mobiles-cols_1 valign_middle type_boxes reversed stacking_default\"><div class=\"wpb_column vc_column_container\"><div class=\"vc_column-inner\"><div class=\"w-image align_none\"><div class=\"w-image-h\"><img loading=\"lazy\" decoding=\"async\" width=\"1200\" height=\"936\" src=\"https:\/\/integrationdesign.se\/wp-content\/uploads\/logo-portrait-transp.png\" class=\"attachment-full size-full\" alt=\"\" srcset=\"https:\/\/integrationdesign.se\/wp-content\/uploads\/\/logo-portrait-transp.png 1200w, https:\/\/integrationdesign.se\/wp-content\/uploads\/\/logo-portrait-transp-300x234.png 300w, https:\/\/integrationdesign.se\/wp-content\/uploads\/\/logo-portrait-transp-1024x799.png 1024w\" sizes=\"auto, (max-width: 1200px) 100vw, 1200px\" \/><\/div><\/div><\/div><\/div><div class=\"wpb_column vc_column_container\"><div class=\"vc_column-inner\"><div class=\"wpb_text_column us_custom_a4fdb2b3\"><div class=\"wpb_wrapper\"><h4><em>\u00abTodo lo que hacemos tiene que ver con la creatividad, el cuidado y el amor.<br \/>\nTratamos cada trabajo como si fuera nuestra propia casa\u00bb <\/em><\/h4>\n<\/div><\/div><div class=\"wpb_text_column us_custom_6e74c4b0\"><div class=\"wpb_wrapper\"><p><strong>Christophe Mourou<\/strong> Fundador y Director Creativo<\/p>\n<\/div><\/div><\/div><\/div><\/div><\/div><\/section>\n<section class=\"l-section wpb_row us_custom_2a11415a height_medium color_alternate\"><div class=\"l-section-h i-cf\"><div class=\"g-cols vc_row via_grid cols_1 laptops-cols_inherit tablets-cols_inherit mobiles-cols_1 valign_top type_default stacking_default\"><div class=\"wpb_column vc_column_container\"><div class=\"vc_column-inner\"><div class=\"wpb_text_column id_txtlink\"><div class=\"wpb_wrapper\"><h2>Integration Design Showroom &amp; Lab: una fusi\u00f3n de lo mejor en sistemas de iluminaci\u00f3n, audio, visuales y de control inteligente.<\/h2>\n<\/div><\/div><\/div><\/div><\/div><\/div><\/section><section class=\"l-section wpb_row height_medium color_alternate\"><div class=\"l-section-h i-cf\"><div class=\"g-cols vc_row via_grid cols_1 laptops-cols_inherit tablets-cols_inherit mobiles-cols_1 valign_top type_default stacking_default\"><div class=\"wpb_column vc_column_container\"><div class=\"vc_column-inner\"><div class=\"g-cols wpb_row via_grid cols_2-1 laptops-cols_inherit tablets-cols_inherit mobiles-cols_1 valign_middle type_default stacking_default\"><div class=\"wpb_column vc_column_container us_custom_51512f84\"><div class=\"vc_column-inner\"><div class=\"w-image has_ratio align_none\"><div class=\"w-image-h\"><div style=\"padding-bottom:75%\"><\/div><img loading=\"lazy\" decoding=\"async\" width=\"1200\" height=\"885\" src=\"https:\/\/integrationdesign.se\/wp-content\/uploads\/img_004.png\" class=\"attachment-full size-full\" alt=\"\" srcset=\"https:\/\/integrationdesign.se\/wp-content\/uploads\/\/img_004.png 1200w, https:\/\/integrationdesign.se\/wp-content\/uploads\/\/img_004-300x221.png 300w, https:\/\/integrationdesign.se\/wp-content\/uploads\/\/img_004-1024x755.png 1024w\" sizes=\"auto, (max-width: 1200px) 100vw, 1200px\" \/><\/div><\/div><\/div><\/div><div class=\"wpb_column vc_column_container\"><div class=\"vc_column-inner\"><div class=\"wpb_text_column\"><div class=\"wpb_wrapper\"><h4>Todos los proyectos empiezan aqu\u00ed<\/h4>\n<p>  Descubre c\u00f3mo una iluminaci\u00f3n diferente puede crear estados de \u00e1nimo espec\u00edficos, la sensaci\u00f3n de c\u00f3mo un sistema de sonido de alta calidad transforma una pel\u00edcula normal en una gran experiencia cinematogr\u00e1fica y experimenta la sencillez de utilizar nuestros sistemas de control inteligentes.<br \/>\nEnebybergsv\u00e4gen 8 182 36 Danderyd Estocolmo Suecia<\/p>\n<\/div><\/div><div class=\"w-separator size_medium\"><\/div><div class=\"w-btn-wrapper align_none\"><a class=\"w-btn us-btn-style_4 us_custom_b691cde1\" title=\"Sala de exposiciones\" href=\"https:\/\/integrationdesign.es\/sala-de-exposiciones-y-laboratorio\/\"><span class=\"w-btn-label\">Leer m\u00e1s&#8230;<\/span><\/a><\/div><div class=\"w-btn-wrapper align_none\"><a class=\"w-btn us-btn-style_1 us_custom_af7469b6\" title=\"Contacta con nosotros\" href=\"https:\/\/integrationdesign.es\/contacta-con-nosotros\/\"><span class=\"w-btn-label\">Contacta con nosotros<\/span><\/a><\/div><\/div><\/div><\/div><\/div><\/div><\/div><\/div><\/section>\n<section class=\"l-section wpb_row height_medium color_alternate\"><div class=\"l-section-h i-cf\"><div class=\"g-cols vc_row via_grid cols_2 laptops-cols_inherit tablets-cols_inherit mobiles-cols_1 valign_top type_default stacking_default\"><div class=\"wpb_column vc_column_container\"><div class=\"vc_column-inner\"><div class=\"wpb_text_column us_custom_d98eb4eb id_txtlink\"><div class=\"wpb_wrapper\"><h2>Aqu\u00ed puedes ver algunos de nuestros proyectos realizados:<\/h2>\n<\/div><\/div><\/div><\/div><\/div><\/div><\/section><section class=\"l-section wpb_row id_txtlink height_medium color_alternate\"><div class=\"l-section-h i-cf\"><div class=\"g-cols vc_row via_grid cols_3-2 laptops-cols_inherit tablets-cols_inherit mobiles-cols_1 valign_middle type_default stacking_default\"><div class=\"wpb_column vc_column_container us_custom_adb9f9e9\"><div class=\"vc_column-inner\"><div class=\"w-image has_ratio align_none\"><a href=\"\/cases\/faviken\/\" aria-label=\"Enlace\" class=\"w-image-h\"><div style=\"padding-bottom:75%\"><\/div><img loading=\"lazy\" decoding=\"async\" width=\"2400\" height=\"1800\" src=\"https:\/\/integrationdesign.se\/wp-content\/uploads\/faviken_003.jpg\" class=\"attachment-full size-full\" alt=\"\" srcset=\"https:\/\/integrationdesign.se\/wp-content\/uploads\/\/faviken_003.jpg 2400w, https:\/\/integrationdesign.se\/wp-content\/uploads\/\/faviken_003-300x225.jpg 300w, https:\/\/integrationdesign.se\/wp-content\/uploads\/\/faviken_003-1024x768.jpg 1024w\" sizes=\"auto, (max-width: 2400px) 100vw, 2400px\" \/><\/a><\/div><\/div><\/div><div class=\"wpb_column vc_column_container us_custom_4481559d\"><div class=\"vc_column-inner\"><div class=\"wpb_text_column\"><div class=\"wpb_wrapper\"><p>Estudio de caso:<\/p>\n<\/div><\/div><div class=\"wpb_text_column\"><div class=\"wpb_wrapper\"><h3>Cine Paradiso<\/h3>\n<\/div><\/div><div class=\"wpb_text_column us_custom_dfddb007\"><div class=\"wpb_wrapper\"><p>Cine privado de dise\u00f1o cl\u00e1sico<\/p>\n<\/div><\/div><div class=\"w-vwrapper align_none valign_top\" style=\"--vwrapper-gap:0.2rem\"><div class=\"wpb_text_column\"><div class=\"wpb_wrapper\"><p><a href=\"https:\/\/integrationdesign.se\/es\/cases\/cine-paradiso\/\">M\u00e1s informaci\u00f3n sobre el proyecto<\/a><\/p>\n<\/div><\/div><div class=\"w-image us_custom_930925eb align_none\"><div class=\"w-image-h\"><img decoding=\"async\" src=\"https:\/\/integrationdesign.se\/wp-content\/uploads\/arrow_right_green.svg\" class=\"attachment-full size-full\" alt=\"\" \/><\/div><\/div><\/div><\/div><\/div><\/div><\/div><\/section>\n","protected":false},"excerpt":{"rendered":"Un socio profesional con grandes ambiciones Ponte en contacto conmigo enPonte en contacto conmigo enUn equipo de especialistas en tecnolog\u00eda bajo un mismo techo Adaptaciones para inquilinos, bloques de pisos, proyectos de renovaci\u00f3n, locales comerciales, residencias privadas o edificios protegidos. Como expertos en soluciones complejas de iluminaci\u00f3n, automatizaci\u00f3n, tecnolog\u00eda a\/v, seguridad y paso, te ayudamos...","protected":false},"author":1,"featured_media":0,"parent":3012,"menu_order":0,"comment_status":"closed","ping_status":"closed","template":"","meta":{"footnotes":""},"class_list":["post-3006","page","type-page","status-publish","hentry"],"yoast_head":"<!-- This site is optimized with the Yoast SEO plugin v27.4 - https:\/\/yoast.com\/product\/yoast-seo-wordpress\/ -->\n<title>Nueva producci\u00f3n - Integration design<\/title>\n<meta name=\"robots\" content=\"index, follow, max-snippet:-1, max-image-preview:large, max-video-preview:-1\" \/>\n<link rel=\"canonical\" href=\"https:\/\/integrationdesign.se\/es\/transformar-espacios\/nueva-produccion\/\" \/>\n<meta property=\"og:locale\" content=\"es_ES\" \/>\n<meta property=\"og:type\" content=\"article\" \/>\n<meta property=\"og:title\" content=\"Nueva producci\u00f3n - Integration design\" \/>\n<meta property=\"og:url\" content=\"https:\/\/integrationdesign.se\/es\/transformar-espacios\/nueva-produccion\/\" \/>\n<meta property=\"og:site_name\" content=\"Integration design\" \/>\n<meta property=\"article:modified_time\" content=\"2025-01-05T11:29:33+00:00\" \/>\n<meta name=\"twitter:card\" content=\"summary_large_image\" \/>\n<meta name=\"twitter:label1\" content=\"Tiempo de lectura\" \/>\n\t<meta name=\"twitter:data1\" content=\"3 minutos\" \/>\n<script type=\"application\/ld+json\" class=\"yoast-schema-graph\">{\"@context\":\"https:\\\/\\\/schema.org\",\"@graph\":[{\"@type\":\"WebPage\",\"@id\":\"https:\\\/\\\/integrationdesign.se\\\/es\\\/transformar-espacios\\\/nueva-produccion\\\/\",\"url\":\"https:\\\/\\\/integrationdesign.se\\\/es\\\/transformar-espacios\\\/nueva-produccion\\\/\",\"name\":\"Nueva producci\u00f3n - Integration design\",\"isPartOf\":{\"@id\":\"https:\\\/\\\/integrationdesign.se\\\/es\\\/#website\"},\"datePublished\":\"2023-07-03T10:51:42+00:00\",\"dateModified\":\"2025-01-05T11:29:33+00:00\",\"breadcrumb\":{\"@id\":\"https:\\\/\\\/integrationdesign.se\\\/es\\\/transformar-espacios\\\/nueva-produccion\\\/#breadcrumb\"},\"inLanguage\":\"es\",\"potentialAction\":[{\"@type\":\"ReadAction\",\"target\":[\"https:\\\/\\\/integrationdesign.se\\\/es\\\/transformar-espacios\\\/nueva-produccion\\\/\"]}]},{\"@type\":\"BreadcrumbList\",\"@id\":\"https:\\\/\\\/integrationdesign.se\\\/es\\\/transformar-espacios\\\/nueva-produccion\\\/#breadcrumb\",\"itemListElement\":[{\"@type\":\"ListItem\",\"position\":1,\"name\":\"Hem\",\"item\":\"https:\\\/\\\/integrationdesign.se\\\/es\\\/transformar-espacios\\\/\"},{\"@type\":\"ListItem\",\"position\":2,\"name\":\"Espacios\",\"item\":\"https:\\\/\\\/integrationdesign.se\\\/es\\\/transformar-espacios\\\/\"},{\"@type\":\"ListItem\",\"position\":3,\"name\":\"Nueva producci\u00f3n\"}]},{\"@type\":\"WebSite\",\"@id\":\"https:\\\/\\\/integrationdesign.se\\\/es\\\/#website\",\"url\":\"https:\\\/\\\/integrationdesign.se\\\/es\\\/\",\"name\":\"Integration design\",\"description\":\"Release your senses\",\"potentialAction\":[{\"@type\":\"SearchAction\",\"target\":{\"@type\":\"EntryPoint\",\"urlTemplate\":\"https:\\\/\\\/integrationdesign.se\\\/es\\\/?s={search_term_string}\"},\"query-input\":{\"@type\":\"PropertyValueSpecification\",\"valueRequired\":true,\"valueName\":\"search_term_string\"}}],\"inLanguage\":\"es\"}]}<\/script>\n<!-- \/ Yoast SEO plugin. -->","yoast_head_json":{"title":"Nueva producci\u00f3n - Integration design","robots":{"index":"index","follow":"follow","max-snippet":"max-snippet:-1","max-image-preview":"max-image-preview:large","max-video-preview":"max-video-preview:-1"},"canonical":"https:\/\/integrationdesign.se\/es\/transformar-espacios\/nueva-produccion\/","og_locale":"es_ES","og_type":"article","og_title":"Nueva producci\u00f3n - Integration design","og_url":"https:\/\/integrationdesign.se\/es\/transformar-espacios\/nueva-produccion\/","og_site_name":"Integration design","article_modified_time":"2025-01-05T11:29:33+00:00","twitter_card":"summary_large_image","twitter_misc":{"Tiempo de lectura":"3 minutos"},"schema":{"@context":"https:\/\/schema.org","@graph":[{"@type":"WebPage","@id":"https:\/\/integrationdesign.se\/es\/transformar-espacios\/nueva-produccion\/","url":"https:\/\/integrationdesign.se\/es\/transformar-espacios\/nueva-produccion\/","name":"Nueva producci\u00f3n - Integration design","isPartOf":{"@id":"https:\/\/integrationdesign.se\/es\/#website"},"datePublished":"2023-07-03T10:51:42+00:00","dateModified":"2025-01-05T11:29:33+00:00","breadcrumb":{"@id":"https:\/\/integrationdesign.se\/es\/transformar-espacios\/nueva-produccion\/#breadcrumb"},"inLanguage":"es","potentialAction":[{"@type":"ReadAction","target":["https:\/\/integrationdesign.se\/es\/transformar-espacios\/nueva-produccion\/"]}]},{"@type":"BreadcrumbList","@id":"https:\/\/integrationdesign.se\/es\/transformar-espacios\/nueva-produccion\/#breadcrumb","itemListElement":[{"@type":"ListItem","position":1,"name":"Hem","item":"https:\/\/integrationdesign.se\/es\/transformar-espacios\/"},{"@type":"ListItem","position":2,"name":"Espacios","item":"https:\/\/integrationdesign.se\/es\/transformar-espacios\/"},{"@type":"ListItem","position":3,"name":"Nueva producci\u00f3n"}]},{"@type":"WebSite","@id":"https:\/\/integrationdesign.se\/es\/#website","url":"https:\/\/integrationdesign.se\/es\/","name":"Integration design","description":"Release your senses","potentialAction":[{"@type":"SearchAction","target":{"@type":"EntryPoint","urlTemplate":"https:\/\/integrationdesign.se\/es\/?s={search_term_string}"},"query-input":{"@type":"PropertyValueSpecification","valueRequired":true,"valueName":"search_term_string"}}],"inLanguage":"es"}]}},"_links":{"self":[{"href":"https:\/\/integrationdesign.se\/es\/wp-json\/wp\/v2\/pages\/3006","targetHints":{"allow":["GET"]}}],"collection":[{"href":"https:\/\/integrationdesign.se\/es\/wp-json\/wp\/v2\/pages"}],"about":[{"href":"https:\/\/integrationdesign.se\/es\/wp-json\/wp\/v2\/types\/page"}],"author":[{"embeddable":true,"href":"https:\/\/integrationdesign.se\/es\/wp-json\/wp\/v2\/users\/1"}],"replies":[{"embeddable":true,"href":"https:\/\/integrationdesign.se\/es\/wp-json\/wp\/v2\/comments?post=3006"}],"version-history":[{"count":8,"href":"https:\/\/integrationdesign.se\/es\/wp-json\/wp\/v2\/pages\/3006\/revisions"}],"predecessor-version":[{"id":3588,"href":"https:\/\/integrationdesign.se\/es\/wp-json\/wp\/v2\/pages\/3006\/revisions\/3588"}],"up":[{"embeddable":true,"href":"https:\/\/integrationdesign.se\/es\/wp-json\/wp\/v2\/pages\/3012"}],"wp:attachment":[{"href":"https:\/\/integrationdesign.se\/es\/wp-json\/wp\/v2\/media?parent=3006"}],"curies":[{"name":"wp","href":"https:\/\/api.w.org\/{rel}","templated":true}]}}