{"id":2976,"date":"2023-02-24T09:37:53","date_gmt":"2023-02-24T08:37:53","guid":{"rendered":"https:\/\/integrationdesign.se\/sobre-nosotros\/"},"modified":"2024-09-05T23:56:38","modified_gmt":"2024-09-05T21:56:38","slug":"sobre-nosotros","status":"publish","type":"page","link":"https:\/\/integrationdesign.se\/es\/sobre-nosotros\/","title":{"rendered":"Sobre nosotros"},"content":{"rendered":"<section class=\"l-section wpb_row us_custom_2a11415a height_huge with_img\"><div class=\"l-section-img\" data-img-width=\"2400\" data-img-height=\"1081\" style=\"background-image: url(https:\/\/integrationdesign.se\/wp-content\/uploads\/Om-oss-edit.png);background-repeat: no-repeat;\"><\/div><div class=\"l-section-overlay\" style=\"background:rgba(26,26,26,0.30)\"><\/div><div class=\"l-section-h i-cf\"><div class=\"g-cols vc_row via_grid cols_1 laptops-cols_inherit tablets-cols_inherit mobiles-cols_1 valign_top type_default stacking_default\"><div class=\"wpb_column vc_column_container\"><div class=\"vc_column-inner\"><div class=\"w-separator size_medium\"><\/div><div class=\"wpb_text_column\"><div class=\"wpb_wrapper\"><h1>Una nueva era de tecnolog\u00eda integrada<\/h1>\n<\/div><\/div><div class=\"w-separator size_medium\"><\/div><div class=\"w-btn-wrapper align_none hide_on_mobiles\"><a class=\"w-btn us-btn-style_1 us_custom_b4198c51\" title=\"Contacta con nosotros\" href=\"https:\/\/integrationdesign.se\/es\/contacta-con-nosotros\/\"><span class=\"w-btn-label\">Ponte en contacto conmigo<\/span><\/a><\/div><div class=\"w-btn-wrapper align_none hide_on_default hide_on_laptops hide_on_tablets\"><a class=\"w-btn us-btn-style_2 us_custom_b4198c51\" title=\"Contacta con nosotros\" href=\"https:\/\/integrationdesign.se\/es\/contacta-con-nosotros\/\"><span class=\"w-btn-label\">Ponte en contacto conmigo<\/span><\/a><\/div><div class=\"w-separator size_medium\"><\/div><\/div><\/div><\/div><\/div><\/section><section class=\"l-section wpb_row height_medium\"><div class=\"l-section-h i-cf\"><div class=\"g-cols vc_row via_grid cols_1 laptops-cols_inherit tablets-cols_inherit mobiles-cols_1 valign_top type_default stacking_default\"><div class=\"wpb_column vc_column_container\"><div class=\"vc_column-inner\"><div class=\"wpb_text_column\"><div class=\"wpb_wrapper\"><h2><em>Todo lo que hacemos es artesan\u00eda, cuidado y amor.<br \/>\nTratamos cada nuevo trabajo como si fuera nuestra propia casa <\/em><\/h2>\n<\/div><\/div><div class=\"w-separator size_large\"><\/div><\/div><\/div><\/div><\/div><\/section><section class=\"l-section wpb_row height_medium\"><div class=\"l-section-h i-cf\"><div class=\"g-cols vc_row via_grid cols_2 laptops-cols_inherit tablets-cols_inherit mobiles-cols_1 valign_top type_default stacking_default\"><div class=\"wpb_column vc_column_container\"><div class=\"vc_column-inner\"><div class=\"w-image align_none\"><div class=\"w-image-h\"><img loading=\"lazy\" decoding=\"async\" width=\"1601\" height=\"2135\" src=\"https:\/\/integrationdesign.se\/wp-content\/uploads\/IMG_0974.jpg\" class=\"attachment-full size-full\" alt=\"\" srcset=\"https:\/\/integrationdesign.se\/wp-content\/uploads\/IMG_0974.jpg 1601w, https:\/\/integrationdesign.se\/wp-content\/uploads\/IMG_0974-225x300.jpg 225w, https:\/\/integrationdesign.se\/wp-content\/uploads\/IMG_0974-768x1024.jpg 768w\" sizes=\"auto, (max-width: 1601px) 100vw, 1601px\" \/><\/div><\/div><\/div><\/div><div class=\"wpb_column vc_column_container us_custom_aade5fca\"><div class=\"vc_column-inner\"><div class=\"wpb_text_column us_custom_4d7833c8\"><div class=\"wpb_wrapper\"><p>Integration Design se fund\u00f3 en 2012.<br \/>\nCon fuertes ra\u00edces en la tecnolog\u00eda audiovisual en el mercado internacional del lujo para particulares, con el tiempo nos hemos convertido en uno de los creadores suecos m\u00e1s solicitados en dise\u00f1o de iluminaci\u00f3n, sistemas de control inteligentes y tecnolog\u00eda integrada.<br \/>\nHoy, representamos con orgullo una nueva era de dise\u00f1o y tecnolog\u00eda en la que nuestra experiencia en varias \u00e1reas diferentes interact\u00faa para crear experiencias personalizadas \u00fanicas para nuestros clientes.<\/p>\n<\/div><\/div><\/div><\/div><\/div><\/div><\/section><section class=\"l-section wpb_row height_small\"><div class=\"l-section-h i-cf\"><div class=\"g-cols vc_row via_grid cols_1 laptops-cols_inherit tablets-cols_inherit mobiles-cols_1 valign_top type_default stacking_default\"><div class=\"wpb_column vc_column_container\"><div class=\"vc_column-inner\"><div class=\"w-separator size_small\"><\/div><div class=\"w-image align_none\"><div class=\"w-image-h\"><img loading=\"lazy\" decoding=\"async\" width=\"2400\" height=\"1601\" src=\"https:\/\/integrationdesign.se\/wp-content\/uploads\/Reservoir-Dogs.png\" class=\"attachment-full size-full\" alt=\"\" srcset=\"https:\/\/integrationdesign.se\/wp-content\/uploads\/Reservoir-Dogs.png 2400w, https:\/\/integrationdesign.se\/wp-content\/uploads\/Reservoir-Dogs-300x200.png 300w, https:\/\/integrationdesign.se\/wp-content\/uploads\/Reservoir-Dogs-1024x683.png 1024w\" sizes=\"auto, (max-width: 2400px) 100vw, 2400px\" \/><\/div><\/div><\/div><\/div><\/div><\/div><\/section>\n","protected":false},"excerpt":{"rendered":"Una nueva era de tecnolog\u00eda integrada Ponte en contacto conmigoPonte en contacto conmigoTodo lo que hacemos es artesan\u00eda, cuidado y amor. Tratamos cada nuevo trabajo como si fuera nuestra propia casa Integration Design se fund\u00f3 en 2012. Con fuertes ra\u00edces en la tecnolog\u00eda audiovisual en el mercado internacional del lujo para particulares, con el tiempo...","protected":false},"author":1,"featured_media":0,"parent":0,"menu_order":0,"comment_status":"closed","ping_status":"closed","template":"","meta":{"footnotes":""},"class_list":["post-2976","page","type-page","status-publish","hentry"],"yoast_head":"<!-- This site is optimized with the Yoast SEO plugin v27.4 - https:\/\/yoast.com\/product\/yoast-seo-wordpress\/ -->\n<title>Sobre nosotros - Integration design<\/title>\n<meta name=\"robots\" content=\"index, follow, max-snippet:-1, max-image-preview:large, max-video-preview:-1\" \/>\n<link rel=\"canonical\" href=\"https:\/\/integrationdesign.se\/es\/sobre-nosotros\/\" \/>\n<meta property=\"og:locale\" content=\"es_ES\" \/>\n<meta property=\"og:type\" content=\"article\" \/>\n<meta property=\"og:title\" content=\"Sobre nosotros - Integration design\" \/>\n<meta property=\"og:url\" content=\"https:\/\/integrationdesign.se\/es\/sobre-nosotros\/\" \/>\n<meta property=\"og:site_name\" content=\"Integration design\" \/>\n<meta property=\"article:modified_time\" content=\"2024-09-05T21:56:38+00:00\" \/>\n<meta name=\"twitter:card\" content=\"summary_large_image\" \/>\n<meta name=\"twitter:label1\" content=\"Tiempo de lectura\" \/>\n\t<meta name=\"twitter:data1\" content=\"2 minutos\" \/>\n<script type=\"application\/ld+json\" class=\"yoast-schema-graph\">{\"@context\":\"https:\\\/\\\/schema.org\",\"@graph\":[{\"@type\":\"WebPage\",\"@id\":\"https:\\\/\\\/integrationdesign.se\\\/es\\\/sobre-nosotros\\\/\",\"url\":\"https:\\\/\\\/integrationdesign.se\\\/es\\\/sobre-nosotros\\\/\",\"name\":\"Sobre nosotros - Integration design\",\"isPartOf\":{\"@id\":\"https:\\\/\\\/integrationdesign.se\\\/es\\\/#website\"},\"datePublished\":\"2023-02-24T08:37:53+00:00\",\"dateModified\":\"2024-09-05T21:56:38+00:00\",\"breadcrumb\":{\"@id\":\"https:\\\/\\\/integrationdesign.se\\\/es\\\/sobre-nosotros\\\/#breadcrumb\"},\"inLanguage\":\"es\",\"potentialAction\":[{\"@type\":\"ReadAction\",\"target\":[\"https:\\\/\\\/integrationdesign.se\\\/es\\\/sobre-nosotros\\\/\"]}]},{\"@type\":\"BreadcrumbList\",\"@id\":\"https:\\\/\\\/integrationdesign.se\\\/es\\\/sobre-nosotros\\\/#breadcrumb\",\"itemListElement\":[{\"@type\":\"ListItem\",\"position\":1,\"name\":\"Hem\",\"item\":\"https:\\\/\\\/integrationdesign.se\\\/es\\\/transformar-espacios\\\/\"},{\"@type\":\"ListItem\",\"position\":2,\"name\":\"Sobre nosotros\"}]},{\"@type\":\"WebSite\",\"@id\":\"https:\\\/\\\/integrationdesign.se\\\/es\\\/#website\",\"url\":\"https:\\\/\\\/integrationdesign.se\\\/es\\\/\",\"name\":\"Integration design\",\"description\":\"Release your senses\",\"potentialAction\":[{\"@type\":\"SearchAction\",\"target\":{\"@type\":\"EntryPoint\",\"urlTemplate\":\"https:\\\/\\\/integrationdesign.se\\\/es\\\/?s={search_term_string}\"},\"query-input\":{\"@type\":\"PropertyValueSpecification\",\"valueRequired\":true,\"valueName\":\"search_term_string\"}}],\"inLanguage\":\"es\"}]}<\/script>\n<!-- \/ Yoast SEO plugin. -->","yoast_head_json":{"title":"Sobre nosotros - Integration design","robots":{"index":"index","follow":"follow","max-snippet":"max-snippet:-1","max-image-preview":"max-image-preview:large","max-video-preview":"max-video-preview:-1"},"canonical":"https:\/\/integrationdesign.se\/es\/sobre-nosotros\/","og_locale":"es_ES","og_type":"article","og_title":"Sobre nosotros - Integration design","og_url":"https:\/\/integrationdesign.se\/es\/sobre-nosotros\/","og_site_name":"Integration design","article_modified_time":"2024-09-05T21:56:38+00:00","twitter_card":"summary_large_image","twitter_misc":{"Tiempo de lectura":"2 minutos"},"schema":{"@context":"https:\/\/schema.org","@graph":[{"@type":"WebPage","@id":"https:\/\/integrationdesign.se\/es\/sobre-nosotros\/","url":"https:\/\/integrationdesign.se\/es\/sobre-nosotros\/","name":"Sobre nosotros - Integration design","isPartOf":{"@id":"https:\/\/integrationdesign.se\/es\/#website"},"datePublished":"2023-02-24T08:37:53+00:00","dateModified":"2024-09-05T21:56:38+00:00","breadcrumb":{"@id":"https:\/\/integrationdesign.se\/es\/sobre-nosotros\/#breadcrumb"},"inLanguage":"es","potentialAction":[{"@type":"ReadAction","target":["https:\/\/integrationdesign.se\/es\/sobre-nosotros\/"]}]},{"@type":"BreadcrumbList","@id":"https:\/\/integrationdesign.se\/es\/sobre-nosotros\/#breadcrumb","itemListElement":[{"@type":"ListItem","position":1,"name":"Hem","item":"https:\/\/integrationdesign.se\/es\/transformar-espacios\/"},{"@type":"ListItem","position":2,"name":"Sobre nosotros"}]},{"@type":"WebSite","@id":"https:\/\/integrationdesign.se\/es\/#website","url":"https:\/\/integrationdesign.se\/es\/","name":"Integration design","description":"Release your senses","potentialAction":[{"@type":"SearchAction","target":{"@type":"EntryPoint","urlTemplate":"https:\/\/integrationdesign.se\/es\/?s={search_term_string}"},"query-input":{"@type":"PropertyValueSpecification","valueRequired":true,"valueName":"search_term_string"}}],"inLanguage":"es"}]}},"_links":{"self":[{"href":"https:\/\/integrationdesign.se\/es\/wp-json\/wp\/v2\/pages\/2976","targetHints":{"allow":["GET"]}}],"collection":[{"href":"https:\/\/integrationdesign.se\/es\/wp-json\/wp\/v2\/pages"}],"about":[{"href":"https:\/\/integrationdesign.se\/es\/wp-json\/wp\/v2\/types\/page"}],"author":[{"embeddable":true,"href":"https:\/\/integrationdesign.se\/es\/wp-json\/wp\/v2\/users\/1"}],"replies":[{"embeddable":true,"href":"https:\/\/integrationdesign.se\/es\/wp-json\/wp\/v2\/comments?post=2976"}],"version-history":[{"count":11,"href":"https:\/\/integrationdesign.se\/es\/wp-json\/wp\/v2\/pages\/2976\/revisions"}],"predecessor-version":[{"id":3365,"href":"https:\/\/integrationdesign.se\/es\/wp-json\/wp\/v2\/pages\/2976\/revisions\/3365"}],"wp:attachment":[{"href":"https:\/\/integrationdesign.se\/es\/wp-json\/wp\/v2\/media?parent=2976"}],"curies":[{"name":"wp","href":"https:\/\/api.w.org\/{rel}","templated":true}]}}