{"id":2970,"date":"2023-02-24T09:38:53","date_gmt":"2023-02-24T08:38:53","guid":{"rendered":"https:\/\/integrationdesign.se\/contacta-con-nosotros\/"},"modified":"2024-09-05T15:15:37","modified_gmt":"2024-09-05T13:15:37","slug":"contacta-con-nosotros","status":"publish","type":"page","link":"https:\/\/integrationdesign.se\/es\/contacta-con-nosotros\/","title":{"rendered":"Contacta"},"content":{"rendered":"<section class=\"l-section wpb_row height_medium\"><div class=\"l-section-h i-cf\"><div class=\"g-cols vc_row via_grid cols_1 laptops-cols_inherit tablets-cols_inherit mobiles-cols_1 valign_top type_default stacking_default\"><div class=\"wpb_column vc_column_container\"><div class=\"vc_column-inner\"><div class=\"wpb_text_column\"><div class=\"wpb_wrapper\"><h1>Contacta con nosotros en<\/h1>\n<\/div><\/div><div class=\"w-separator size_medium\"><\/div><div class=\"g-cols wpb_row via_grid cols_3-2 laptops-cols_inherit tablets-cols_inherit mobiles-cols_1 valign_top type_default stacking_default\"><div class=\"wpb_column vc_column_container\"><div class=\"vc_column-inner\"><div class=\"wpb_text_column us_custom_84bbe1eb\"><div class=\"wpb_wrapper\"><h4>Rellena el formulario para reservar una cita en nuestra sala de exposiciones, o ponte en contacto directamente con uno de nuestros expertos:<\/h4>\n<\/div><\/div><\/div><\/div><div class=\"wpb_column vc_column_container\"><div class=\"vc_column-inner\"><\/div><\/div><\/div><\/div><\/div><\/div><\/div><\/section><section class=\"l-section wpb_row us_custom_ea15b364 height_medium\"><div class=\"l-section-h i-cf\"><div class=\"g-cols vc_row via_grid cols_1 laptops-cols_inherit tablets-cols_inherit mobiles-cols_1 valign_top type_default stacking_default\"><div class=\"wpb_column vc_column_container\"><div class=\"vc_column-inner\"><div class=\"wpb_text_column\"><div class=\"wpb_wrapper\"><h2>Env\u00eda un mensaje<\/h2>\n<\/div><\/div><div class=\"w-separator size_small\"><\/div><form class=\"w-form  layout_ver for_cform us_form_1\" autocomplete=\"off\" action=\"https:\/\/integrationdesign.se\/es\/wp-json\/wp\/v2\/pages\/2970\" method=\"post\"><div class=\"w-form-h\"><div class=\"w-form-row for_text has_label move_label required cols_2\">\r\n\t\t\t<div class=\"w-form-row-label\">\r\n\t\t\t<span>Nombre de la organizaci\u00f3n *<\/span>\r\n\t\t<\/div>\r\n\t\t<div class=\"w-form-row-field\">\r\n\t\t\t\t\t\t<input aria-label=\"Nombre de la organizaci\u00f3n\" type=\"text\" name=\"us_form_1_text_1\" value placeholder data-required=\"true\" aria-required=\"true\"\/>\r\n\t\t\t<\/div>\r\n\t\t<div class=\"w-form-row-state\">Rellena este campo<\/div>\r\n<\/div>\r\n<div class=\"w-form-row for_text has_label move_label cols_2\">\r\n\t\t\t<div class=\"w-form-row-label\">\r\n\t\t\t<span>Empresa<\/span>\r\n\t\t<\/div>\r\n\t\t<div class=\"w-form-row-field\">\r\n\t\t\t\t\t\t<input aria-label=\"Empresa\" type=\"text\" name=\"us_form_1_text_2\" value placeholder\/>\r\n\t\t\t<\/div>\r\n\t\t<div class=\"w-form-row-state\">Rellena este campo<\/div>\r\n<\/div>\r\n<div class=\"w-form-row for_email has_label move_label required cols_2\">\r\n\t\t\t<div class=\"w-form-row-label\">\r\n\t\t\t<span>Direcci\u00f3n de correo electr\u00f3nico *<\/span>\r\n\t\t<\/div>\r\n\t\t<div class=\"w-form-row-field\">\r\n\t\t\t\t\t\t<input aria-label=\"Direcci\u00f3n de correo electr\u00f3nico\" type=\"email\" name=\"us_form_1_email_1\" value placeholder data-required=\"true\" aria-required=\"true\"\/>\r\n\t\t\t<\/div>\r\n\t\t<div class=\"w-form-row-state\">Por favor, introduce una direcci\u00f3n de correo electr\u00f3nico v\u00e1lida.<\/div>\r\n<\/div>\r\n<div class=\"w-form-row for_text has_label move_label cols_2\">\r\n\t\t\t<div class=\"w-form-row-label\">\r\n\t\t\t<span>N\u00famero de tel\u00e9fono<\/span>\r\n\t\t<\/div>\r\n\t\t<div class=\"w-form-row-field\">\r\n\t\t\t\t\t\t<input aria-label=\"N\u00famero de tel\u00e9fono\" inputmode=\"tel\" type=\"text\" name=\"us_form_1_text_3\" value placeholder\/>\r\n\t\t\t<\/div>\r\n\t\t<div class=\"w-form-row-state\">Rellena este campo<\/div>\r\n<\/div>\r\n<div class=\"w-form-row for_textarea has_label move_label required\">\r\n\t\t\t<div class=\"w-form-row-label\">\r\n\t\t\t<span>Notificaci\u00f3n *<\/span>\r\n\t\t<\/div>\r\n\t\t<div class=\"w-form-row-field\">\r\n\t\t\t\t\t\t<textarea aria-label=\"Notificaci\u00f3n\" name=\"us_form_1_textarea_1\" placeholder data-required=\"true\" aria-required=\"true\"><\/textarea>\r\n\t\t\t<\/div>\r\n\t\t<div class=\"w-form-row-state\">Rellena este campo<\/div>\r\n<\/div>\r\n<input type=\"hidden\" name=\"action\" value=\"us_ajax_cform\" \/>\r\n<input type=\"hidden\" name=\"post_id\" value=\"0\" \/>\r\n<input type=\"hidden\" name=\"form_index\" value=\"1\" \/>\r\n<div class=\"w-form-row for_submit  align_none\">\r\n\t<button class=\"w-btn  us-btn-style_1\" aria-label=\"Enviar\" type=\"submit\">\r\n\t\t<span class=\"g-preloader type_1\"><\/span>\r\n\t\t\t\t<span class=\"w-btn-label\">Enviar<\/span>\r\n\t\t\t<\/button>\r\n\t<\/div>\r\n<\/div><div class=\"w-form-message\"><\/div><div class=\"w-form-json hidden\" onclick='return {&quot;ajaxurl&quot;:&quot;https:\\\/\\\/integrationdesign.se\\\/wp-admin\\\/admin-ajax.php&quot;,&quot;messages&quot;:{&quot;err_empty&quot;:&quot;Rellena este campo&quot;,&quot;err_size&quot;:&quot;El tama\\u00f1o del archivo no puede exceder %s MB&quot;,&quot;err_extension&quot;:&quot;El tipo de archivo %s no est\\u00e1 permitido&quot;}}'><\/div><\/form><\/div><\/div><\/div><\/div><\/section><section class=\"l-section wpb_row us_custom_5de03e0f height_medium\"><div class=\"l-section-h i-cf\"><div class=\"g-cols vc_row via_grid cols_1 laptops-cols_inherit tablets-cols_inherit mobiles-cols_1 valign_top type_default stacking_default\"><div class=\"wpb_column vc_column_container\"><div class=\"vc_column-inner\"><div class=\"w-grid type_grid layout_786 cols_3\" id=\"us_grid_1\" style=\"--gap:1.5rem;\"><style>@media (max-width:1024px){#us_grid_1 .w-grid-item{width:50%}}@media (max-width:600px){#us_grid_1 .w-grid-list{margin:0}#us_grid_1 .w-grid-item{width:100%;padding:0;margin-bottom:var(--gap,0px)}}.layout_786 .w-grid-item-h{}.layout_786 .usg_vwrapper_2{transition-duration:0.3s;transform-origin:50% 50%;transform:scale(1) translate(0%,0%)}.layout_786 .w-grid-item-h:hover .usg_vwrapper_2{transform:scale(1.03) translate(0%,0%);opacity:1}.layout_786 .usg_post_image_1{border-radius:40px!important}.layout_786 .usg_vwrapper_2{margin-bottom:20px!important}.layout_786 .usg_post_title_2{font-weight:500!important;margin-top:1rem!important;margin-bottom:-0.1rem!important}.layout_786 .usg_post_content_2{max-width:400px!important}@media (min-width:1025px) and (max-width:1280px){.layout_786 .usg_vwrapper_2{margin-bottom:20px!important}}@media (min-width:601px) and (max-width:1024px){.layout_786 .usg_vwrapper_2{margin-bottom:20px!important}}@media (max-width:600px){.layout_786 .usg_vwrapper_2{margin-bottom:40px!important}}<\/style><div class=\"w-grid-list\">\t<article class=\"w-grid-item post-3176 experts type-experts status-publish has-post-thumbnail hentry category_experts-kontaktperson-es\" data-id=\"3176\">\r\n\t\t<div class=\"w-grid-item-h\">\r\n\t\t\t\t\t\t<div class=\"w-vwrapper usg_vwrapper_2 align_none valign_top\"><div class=\"w-post-elm post_image usg_post_image_1 has_ratio\"><div style=\"padding-bottom:133.3333%\"><\/div><a rel=\"nofollow\" href=\":c%.se\" aria-label=\"Christophe Mourou\"><img loading=\"lazy\" decoding=\"async\" width=\"1601\" height=\"2400\" src=\"https:\/\/integrationdesign.se\/wp-content\/uploads\/expert008.jpg\" class=\"attachment-full size-full wp-post-image\" alt=\"\" srcset=\"https:\/\/integrationdesign.se\/wp-content\/uploads\/\/expert008.jpg 1601w, https:\/\/integrationdesign.se\/wp-content\/uploads\/\/expert008-200x300.jpg 200w, https:\/\/integrationdesign.se\/wp-content\/uploads\/\/expert008-683x1024.jpg 683w\" sizes=\"auto, (max-width: 1601px) 100vw, 1601px\" \/><\/a><\/div><h6 class=\"w-post-elm post_title usg_post_title_2 entry-title color_link_inherit\">Christophe Mourou<\/h6><div class=\"w-post-elm post_content usg_post_content_2 without_sections\"><div class=\"wpb_text_column\"><div class=\"wpb_wrapper\"><p>Fundador y Director Creativo +46-(709)-170 100 <a href=\"mailto:c@integrationdesign.se\">c@integrationdesign.se<\/a><\/p>\n<\/div><\/div>\n<\/div><\/div>\t\t<\/div>\r\n\t<\/article>\r\n\t<article class=\"w-grid-item post-3221 experts type-experts status-publish has-post-thumbnail hentry category_experts-kontaktperson-es\" data-id=\"3221\">\r\n\t\t<div class=\"w-grid-item-h\">\r\n\t\t\t\t\t\t<div class=\"w-vwrapper usg_vwrapper_2 align_none valign_top\"><div class=\"w-post-elm post_image usg_post_image_1 has_ratio\"><div style=\"padding-bottom:133.3333%\"><\/div><a rel=\"nofollow\" href=\":jakob%.se\" aria-label=\"Jakob Moberg\"><img loading=\"lazy\" decoding=\"async\" width=\"934\" height=\"1400\" src=\"https:\/\/integrationdesign.se\/wp-content\/uploads\/expert005.jpg\" class=\"attachment-full size-full wp-post-image\" alt=\"\" srcset=\"https:\/\/integrationdesign.se\/wp-content\/uploads\/\/expert005.jpg 934w, https:\/\/integrationdesign.se\/wp-content\/uploads\/\/expert005-200x300.jpg 200w, https:\/\/integrationdesign.se\/wp-content\/uploads\/\/expert005-683x1024.jpg 683w\" sizes=\"auto, (max-width: 934px) 100vw, 934px\" \/><\/a><\/div><h6 class=\"w-post-elm post_title usg_post_title_2 entry-title color_link_inherit\">Jakob Moberg<\/h6><div class=\"w-post-elm post_content usg_post_content_2 without_sections\"><div class=\"wpb_text_column\"><div class=\"wpb_wrapper\"><p>Jefe de Proyecto +46-(709)-170 130 <a href=\"mailto:jakob@integrationdesign.se\">jakob@integrationdesign.se<\/a><\/p>\n<\/div><\/div>\n<\/div><\/div>\t\t<\/div>\r\n\t<\/article>\r\n\t<article class=\"w-grid-item post-3223 experts type-experts status-publish has-post-thumbnail hentry category_experts-kontaktperson-es\" data-id=\"3223\">\r\n\t\t<div class=\"w-grid-item-h\">\r\n\t\t\t\t\t\t<div class=\"w-vwrapper usg_vwrapper_2 align_none valign_top\"><div class=\"w-post-elm post_image usg_post_image_1 has_ratio\"><div style=\"padding-bottom:133.3333%\"><\/div><a rel=\"nofollow\" href=\":peter%.se\" aria-label=\"Peter Bloch\"><img loading=\"lazy\" decoding=\"async\" width=\"1617\" height=\"2400\" src=\"https:\/\/integrationdesign.se\/wp-content\/uploads\/expert009.jpg\" class=\"attachment-full size-full wp-post-image\" alt=\"\" srcset=\"https:\/\/integrationdesign.se\/wp-content\/uploads\/\/expert009.jpg 1617w, https:\/\/integrationdesign.se\/wp-content\/uploads\/\/expert009-202x300.jpg 202w, https:\/\/integrationdesign.se\/wp-content\/uploads\/\/expert009-690x1024.jpg 690w\" sizes=\"auto, (max-width: 1617px) 100vw, 1617px\" \/><\/a><\/div><h6 class=\"w-post-elm post_title usg_post_title_2 entry-title color_link_inherit\">Peter Bloch<\/h6><div class=\"w-post-elm post_content usg_post_content_2 without_sections\"><div class=\"wpb_text_column\"><div class=\"wpb_wrapper\"><p>Especialista A\/V +46-(709)-170 018 <a href=\"mailto:peter@integrationdesign.se\">peter@integrationdesign.se<\/a><\/p>\n<\/div><\/div>\n<\/div><\/div>\t\t<\/div>\r\n\t<\/article>\r\n\t<article class=\"w-grid-item post-3178 experts type-experts status-publish has-post-thumbnail hentry category_experts-kontaktperson-es\" data-id=\"3178\">\r\n\t\t<div class=\"w-grid-item-h\">\r\n\t\t\t\t\t\t<div class=\"w-vwrapper usg_vwrapper_2 align_none valign_top\"><div class=\"w-post-elm post_image usg_post_image_1 has_ratio\"><div style=\"padding-bottom:133.3333%\"><\/div><a rel=\"nofollow\" href=\":oscar%.se\" aria-label=\"Markus Grammer\"><img loading=\"lazy\" decoding=\"async\" width=\"756\" height=\"1133\" src=\"https:\/\/integrationdesign.se\/wp-content\/uploads\/kontakt-Markus-Grammer.jpg\" class=\"attachment-full size-full wp-post-image\" alt=\"\" srcset=\"https:\/\/integrationdesign.se\/wp-content\/uploads\/\/kontakt-Markus-Grammer.jpg 756w, https:\/\/integrationdesign.se\/wp-content\/uploads\/\/kontakt-Markus-Grammer-200x300.jpg 200w, https:\/\/integrationdesign.se\/wp-content\/uploads\/\/kontakt-Markus-Grammer-683x1024.jpg 683w\" sizes=\"auto, (max-width: 756px) 100vw, 756px\" \/><\/a><\/div><h6 class=\"w-post-elm post_title usg_post_title_2 entry-title color_link_inherit\">Markus Grammer<\/h6><div class=\"w-post-elm post_content usg_post_content_2 without_sections\"><div class=\"wpb_text_column\"><div class=\"wpb_wrapper\"><p>Ingeniero el\u00e9ctrico y de control +46-(709)-170 499 <a href=\"mailto:markus@integrationdesign.se\">markus@integrationdesign.se<\/a><\/p>\n<\/div><\/div>\n<\/div><\/div>\t\t<\/div>\r\n\t<\/article>\r\n\t<article class=\"w-grid-item post-3219 experts type-experts status-publish has-post-thumbnail hentry category_experts-kontaktperson-es\" data-id=\"3219\">\r\n\t\t<div class=\"w-grid-item-h\">\r\n\t\t\t\t\t\t<div class=\"w-vwrapper usg_vwrapper_2 align_none valign_top\"><div class=\"w-post-elm post_image usg_post_image_1 has_ratio\"><div style=\"padding-bottom:133.3333%\"><\/div><a rel=\"nofollow\" href=\":oscar%.se\" aria-label=\"Oscar Hallberg\"><img loading=\"lazy\" decoding=\"async\" width=\"934\" height=\"1400\" src=\"https:\/\/integrationdesign.se\/wp-content\/uploads\/expert007.jpg\" class=\"attachment-full size-full wp-post-image\" alt=\"\" srcset=\"https:\/\/integrationdesign.se\/wp-content\/uploads\/\/expert007.jpg 934w, https:\/\/integrationdesign.se\/wp-content\/uploads\/\/expert007-200x300.jpg 200w, https:\/\/integrationdesign.se\/wp-content\/uploads\/\/expert007-683x1024.jpg 683w\" sizes=\"auto, (max-width: 934px) 100vw, 934px\" \/><\/a><\/div><h6 class=\"w-post-elm post_title usg_post_title_2 entry-title color_link_inherit\">Oscar Hallberg<\/h6><div class=\"w-post-elm post_content usg_post_content_2 without_sections\"><div class=\"wpb_text_column\"><div class=\"wpb_wrapper\"><p>Jefe de Proyecto +46-(709)-170 158 <a href=\"mailto:oscar@integrationdesign.se\">oscar@integrationdesign.se<\/a><\/p>\n<\/div><\/div>\n<\/div><\/div>\t\t<\/div>\r\n\t<\/article>\r\n\t<article class=\"w-grid-item post-3227 experts type-experts status-publish has-post-thumbnail hentry category_experts-kontaktperson-es\" data-id=\"3227\">\r\n\t\t<div class=\"w-grid-item-h\">\r\n\t\t\t\t\t\t<div class=\"w-vwrapper usg_vwrapper_2 align_none valign_top\"><div class=\"w-post-elm post_image usg_post_image_1 has_ratio\"><div style=\"padding-bottom:133.3333%\"><\/div><a rel=\"nofollow\" href=\":joaquim%.se\" aria-label=\"Joaquim de Abreu\"><img loading=\"lazy\" decoding=\"async\" width=\"934\" height=\"1400\" src=\"https:\/\/integrationdesign.se\/wp-content\/uploads\/expert002.jpg\" class=\"attachment-full size-full wp-post-image\" alt=\"\" srcset=\"https:\/\/integrationdesign.se\/wp-content\/uploads\/\/expert002.jpg 934w, https:\/\/integrationdesign.se\/wp-content\/uploads\/\/expert002-200x300.jpg 200w, https:\/\/integrationdesign.se\/wp-content\/uploads\/\/expert002-683x1024.jpg 683w\" sizes=\"auto, (max-width: 934px) 100vw, 934px\" \/><\/a><\/div><h6 class=\"w-post-elm post_title usg_post_title_2 entry-title color_link_inherit\">Joaquim de Abreu<\/h6><div class=\"w-post-elm post_content usg_post_content_2 without_sections\"><div class=\"wpb_text_column\"><div class=\"wpb_wrapper\"><p>Dise\u00f1ador de iluminaci\u00f3n +46-709-170 030 <a href=\"mailto:joaquim@integrationdesign.se\">joaquim@integrationdesign.se<\/a><\/p>\n<\/div><\/div>\n<\/div><\/div>\t\t<\/div>\r\n\t<\/article>\r\n\t<article class=\"w-grid-item post-3226 experts type-experts status-publish has-post-thumbnail hentry category_experts-kontaktperson-es\" data-id=\"3226\">\r\n\t\t<div class=\"w-grid-item-h\">\r\n\t\t\t\t\t\t<div class=\"w-vwrapper usg_vwrapper_2 align_none valign_top\"><div class=\"w-post-elm post_image usg_post_image_1 has_ratio\"><div style=\"padding-bottom:133.3333%\"><\/div><a rel=\"nofollow\" href=\":tiina%.se\" aria-label=\"Tiina Drugge\"><img loading=\"lazy\" decoding=\"async\" width=\"934\" height=\"1400\" src=\"https:\/\/integrationdesign.se\/wp-content\/uploads\/expert003.jpg\" class=\"attachment-full size-full wp-post-image\" alt=\"\" srcset=\"https:\/\/integrationdesign.se\/wp-content\/uploads\/\/expert003.jpg 934w, https:\/\/integrationdesign.se\/wp-content\/uploads\/\/expert003-200x300.jpg 200w, https:\/\/integrationdesign.se\/wp-content\/uploads\/\/expert003-683x1024.jpg 683w\" sizes=\"auto, (max-width: 934px) 100vw, 934px\" \/><\/a><\/div><h6 class=\"w-post-elm post_title usg_post_title_2 entry-title color_link_inherit\">Tiina Drugge<\/h6><div class=\"w-post-elm post_content usg_post_content_2 without_sections\"><div class=\"wpb_text_column\"><div class=\"wpb_wrapper\"><p>Administraci\u00f3n +46-(709)-170 240 <a href=\"mailto:tiina@integrationdesign.se\">tiina@integrationdesign.se<\/a><\/p>\n<\/div><\/div>\n<\/div><\/div>\t\t<\/div>\r\n\t<\/article>\r\n<\/div><div class=\"w-grid-preloader\"><div class=\"g-preloader type_1\">\r\n\t<div><\/div>\r\n<\/div>\r\n<\/div>\t<div class=\"w-grid-json hidden\" onclick='return {&quot;action&quot;:&quot;us_ajax_grid&quot;,&quot;ajax_url&quot;:&quot;https:\\\/\\\/integrationdesign.se\\\/wp-admin\\\/admin-ajax.php&quot;,&quot;infinite_scroll&quot;:0,&quot;max_num_pages&quot;:1,&quot;pagination&quot;:&quot;infinite&quot;,&quot;permalink_url&quot;:&quot;https:\\\/\\\/integrationdesign.se\\\/es\\\/wp-json\\\/wp\\\/v2\\\/pages\\\/2970\\\/&quot;,&quot;template_vars&quot;:{&quot;columns&quot;:&quot;3&quot;,&quot;exclude_items&quot;:&quot;none&quot;,&quot;img_size&quot;:&quot;default&quot;,&quot;ignore_items_size&quot;:0,&quot;items_layout&quot;:&quot;786&quot;,&quot;items_offset&quot;:&quot;1&quot;,&quot;load_animation&quot;:&quot;none&quot;,&quot;overriding_link&quot;:&quot;none&quot;,&quot;post_id&quot;:0,&quot;query_args&quot;:{&quot;ignore_sticky_posts&quot;:1,&quot;post_type&quot;:&quot;any&quot;,&quot;post__in&quot;:[&quot;784&quot;,&quot;792&quot;,&quot;791&quot;,&quot;1597&quot;,&quot;793&quot;,&quot;794&quot;,&quot;789&quot;,&quot;790&quot;],&quot;posts_per_page&quot;:999},&quot;orderby_query_args&quot;:{&quot;orderby&quot;:{&quot;post__in&quot;:&quot;ASC&quot;},&quot;order&quot;:&quot;ASC&quot;},&quot;type&quot;:&quot;grid&quot;,&quot;us_grid_ajax_index&quot;:1,&quot;us_grid_filter_params&quot;:null,&quot;us_grid_index&quot;:1,&quot;_us_grid_post_type&quot;:&quot;ids&quot;,&quot;page_args&quot;:[],&quot;lang&quot;:&quot;es&quot;}}'><\/div>\r\n\t<\/div><\/div><\/div><\/div><\/div><\/section><section class=\"l-section wpb_row height_medium\"><div class=\"l-section-h i-cf\"><div class=\"g-cols vc_row via_grid cols_1 laptops-cols_inherit tablets-cols_inherit mobiles-cols_1 valign_top type_default stacking_default\"><div class=\"wpb_column vc_column_container\"><div class=\"vc_column-inner\"><div class=\"wpb_text_column\"><div class=\"wpb_wrapper\"><h3>Visita nuestra sala de exposiciones<\/h3>\n<\/div><\/div><\/div><\/div><\/div><\/div><\/section><section class=\"l-section wpb_row height_medium\"><div class=\"l-section-h i-cf\"><div class=\"g-cols vc_row via_grid cols_1 laptops-cols_inherit tablets-cols_inherit mobiles-cols_1 valign_top type_default stacking_default\"><div class=\"wpb_column vc_column_container\"><div class=\"vc_column-inner\">[vc_raw_html css=\u00bb%7B%22default%22%3A%7B%22margin-left%22%3A%22auto%22%2C%22margin-right%22%3A%22auto%22%2C%22border-radius%22%3A%2240px%22%7D%7D\u00bb]PGlmcmFtZSBzcmM9Imh0dHBzOi8vd3d3Lmdvb2dsZS5jb20vbWFwcy9lbWJlZD9wYj0hMW0xOCExbTEyITFtMyExZDIwMzAuMjYxMDgzNjYyNDY1OCEyZDE4LjAzMDk0NDI3Nzc1NTkyNSEzZDU5LjQxMjAzOTcwNDM5Njc5ITJtMyExZjAhMmYwITNmMCEzbTIhMWkxMDI0ITJpNzY4ITRmMTMuMSEzbTMhMW0yITFzMHg0NjVmOWMxMmZkMjNmZmZmJTNBMHhhZTc0MDUzODY1NGFiMjUhMnNJbnRlZ3JhdGlvbiUyMERlc2lnbiE1ZTAhM20yITFzc3YhMnNzZSE0djE2ODcxODc4MzAyMDchNW0yITFzc3YhMnNzZSIgd2lkdGg9IjEwMCUiIGhlaWdodD0iNjAwIiBzdHlsZT0iYm9yZGVyOjA7IiBhbGxvd2Z1bGxzY3JlZW49IiIgbG9hZGluZz0ibGF6eSIgcmVmZXJyZXJwb2xpY3k9Im5vLXJlZmVycmVyLXdoZW4tZG93bmdyYWRlIj48L2lmcmFtZT4=[\/vc_raw_html]<div class=\"w-separator size_huge\"><\/div><\/div><\/div><\/div><\/div><\/section>\n","protected":false},"excerpt":{"rendered":"Administraci\u00f3n +46-(709)-170 240 tiina@integrationdesign.se","protected":false},"author":1,"featured_media":0,"parent":0,"menu_order":0,"comment_status":"closed","ping_status":"closed","template":"","meta":{"footnotes":""},"class_list":["post-2970","page","type-page","status-publish","hentry"],"yoast_head":"<!-- This site is optimized with the Yoast SEO plugin v27.4 - https:\/\/yoast.com\/product\/yoast-seo-wordpress\/ -->\n<title>Contacta - Integration design<\/title>\n<meta name=\"robots\" content=\"index, follow, max-snippet:-1, max-image-preview:large, max-video-preview:-1\" \/>\n<link rel=\"canonical\" href=\"https:\/\/integrationdesign.se\/es\/contacta-con-nosotros\/\" \/>\n<meta property=\"og:locale\" content=\"es_ES\" \/>\n<meta property=\"og:type\" content=\"article\" \/>\n<meta property=\"og:title\" content=\"Contacta - Integration design\" \/>\n<meta property=\"og:url\" content=\"https:\/\/integrationdesign.se\/es\/contacta-con-nosotros\/\" \/>\n<meta property=\"og:site_name\" content=\"Integration design\" \/>\n<meta property=\"article:modified_time\" content=\"2024-09-05T13:15:37+00:00\" \/>\n<meta name=\"twitter:card\" content=\"summary_large_image\" \/>\n<meta name=\"twitter:label1\" content=\"Tiempo de lectura\" \/>\n\t<meta name=\"twitter:data1\" content=\"3 minutos\" \/>\n<script type=\"application\/ld+json\" class=\"yoast-schema-graph\">{\"@context\":\"https:\\\/\\\/schema.org\",\"@graph\":[{\"@type\":\"WebPage\",\"@id\":\"https:\\\/\\\/integrationdesign.se\\\/es\\\/contacta-con-nosotros\\\/\",\"url\":\"https:\\\/\\\/integrationdesign.se\\\/es\\\/contacta-con-nosotros\\\/\",\"name\":\"Contacta - Integration design\",\"isPartOf\":{\"@id\":\"https:\\\/\\\/integrationdesign.se\\\/es\\\/#website\"},\"datePublished\":\"2023-02-24T08:38:53+00:00\",\"dateModified\":\"2024-09-05T13:15:37+00:00\",\"breadcrumb\":{\"@id\":\"https:\\\/\\\/integrationdesign.se\\\/es\\\/contacta-con-nosotros\\\/#breadcrumb\"},\"inLanguage\":\"es\",\"potentialAction\":[{\"@type\":\"ReadAction\",\"target\":[\"https:\\\/\\\/integrationdesign.se\\\/es\\\/contacta-con-nosotros\\\/\"]}]},{\"@type\":\"BreadcrumbList\",\"@id\":\"https:\\\/\\\/integrationdesign.se\\\/es\\\/contacta-con-nosotros\\\/#breadcrumb\",\"itemListElement\":[{\"@type\":\"ListItem\",\"position\":1,\"name\":\"Hem\",\"item\":\"https:\\\/\\\/integrationdesign.se\\\/es\\\/transformar-espacios\\\/\"},{\"@type\":\"ListItem\",\"position\":2,\"name\":\"Contacta\"}]},{\"@type\":\"WebSite\",\"@id\":\"https:\\\/\\\/integrationdesign.se\\\/es\\\/#website\",\"url\":\"https:\\\/\\\/integrationdesign.se\\\/es\\\/\",\"name\":\"Integration design\",\"description\":\"Release your senses\",\"potentialAction\":[{\"@type\":\"SearchAction\",\"target\":{\"@type\":\"EntryPoint\",\"urlTemplate\":\"https:\\\/\\\/integrationdesign.se\\\/es\\\/?s={search_term_string}\"},\"query-input\":{\"@type\":\"PropertyValueSpecification\",\"valueRequired\":true,\"valueName\":\"search_term_string\"}}],\"inLanguage\":\"es\"}]}<\/script>\n<!-- \/ Yoast SEO plugin. -->","yoast_head_json":{"title":"Contacta - Integration design","robots":{"index":"index","follow":"follow","max-snippet":"max-snippet:-1","max-image-preview":"max-image-preview:large","max-video-preview":"max-video-preview:-1"},"canonical":"https:\/\/integrationdesign.se\/es\/contacta-con-nosotros\/","og_locale":"es_ES","og_type":"article","og_title":"Contacta - Integration design","og_url":"https:\/\/integrationdesign.se\/es\/contacta-con-nosotros\/","og_site_name":"Integration design","article_modified_time":"2024-09-05T13:15:37+00:00","twitter_card":"summary_large_image","twitter_misc":{"Tiempo de lectura":"3 minutos"},"schema":{"@context":"https:\/\/schema.org","@graph":[{"@type":"WebPage","@id":"https:\/\/integrationdesign.se\/es\/contacta-con-nosotros\/","url":"https:\/\/integrationdesign.se\/es\/contacta-con-nosotros\/","name":"Contacta - Integration design","isPartOf":{"@id":"https:\/\/integrationdesign.se\/es\/#website"},"datePublished":"2023-02-24T08:38:53+00:00","dateModified":"2024-09-05T13:15:37+00:00","breadcrumb":{"@id":"https:\/\/integrationdesign.se\/es\/contacta-con-nosotros\/#breadcrumb"},"inLanguage":"es","potentialAction":[{"@type":"ReadAction","target":["https:\/\/integrationdesign.se\/es\/contacta-con-nosotros\/"]}]},{"@type":"BreadcrumbList","@id":"https:\/\/integrationdesign.se\/es\/contacta-con-nosotros\/#breadcrumb","itemListElement":[{"@type":"ListItem","position":1,"name":"Hem","item":"https:\/\/integrationdesign.se\/es\/transformar-espacios\/"},{"@type":"ListItem","position":2,"name":"Contacta"}]},{"@type":"WebSite","@id":"https:\/\/integrationdesign.se\/es\/#website","url":"https:\/\/integrationdesign.se\/es\/","name":"Integration design","description":"Release your senses","potentialAction":[{"@type":"SearchAction","target":{"@type":"EntryPoint","urlTemplate":"https:\/\/integrationdesign.se\/es\/?s={search_term_string}"},"query-input":{"@type":"PropertyValueSpecification","valueRequired":true,"valueName":"search_term_string"}}],"inLanguage":"es"}]}},"_links":{"self":[{"href":"https:\/\/integrationdesign.se\/es\/wp-json\/wp\/v2\/pages\/2970","targetHints":{"allow":["GET"]}}],"collection":[{"href":"https:\/\/integrationdesign.se\/es\/wp-json\/wp\/v2\/pages"}],"about":[{"href":"https:\/\/integrationdesign.se\/es\/wp-json\/wp\/v2\/types\/page"}],"author":[{"embeddable":true,"href":"https:\/\/integrationdesign.se\/es\/wp-json\/wp\/v2\/users\/1"}],"replies":[{"embeddable":true,"href":"https:\/\/integrationdesign.se\/es\/wp-json\/wp\/v2\/comments?post=2970"}],"version-history":[{"count":9,"href":"https:\/\/integrationdesign.se\/es\/wp-json\/wp\/v2\/pages\/2970\/revisions"}],"predecessor-version":[{"id":3233,"href":"https:\/\/integrationdesign.se\/es\/wp-json\/wp\/v2\/pages\/2970\/revisions\/3233"}],"wp:attachment":[{"href":"https:\/\/integrationdesign.se\/es\/wp-json\/wp\/v2\/media?parent=2970"}],"curies":[{"name":"wp","href":"https:\/\/api.w.org\/{rel}","templated":true}]}}