{"id":2948,"date":"2023-02-24T09:38:23","date_gmt":"2023-02-24T08:38:23","guid":{"rendered":"https:\/\/integrationdesign.se\/preguntas-y-respuestas\/"},"modified":"2024-09-05T11:57:58","modified_gmt":"2024-09-05T09:57:58","slug":"preguntas-y-respuestas","status":"publish","type":"page","link":"https:\/\/integrationdesign.se\/es\/preguntas-y-respuestas\/","title":{"rendered":"Preguntas y respuestas"},"content":{"rendered":"<section class=\"l-section wpb_row height_medium\"><div class=\"l-section-h i-cf\"><div class=\"g-cols vc_row via_grid cols_1 laptops-cols_inherit tablets-cols_inherit mobiles-cols_1 valign_top type_default stacking_default\"><div class=\"wpb_column vc_column_container\"><div class=\"vc_column-inner\"><div class=\"wpb_text_column\"><div class=\"wpb_wrapper\"><h1>Preguntas y respuestas:<\/h1>\n<\/div><\/div><\/div><\/div><\/div><\/div><\/section><section class=\"l-section wpb_row height_medium\"><div class=\"l-section-h i-cf\"><div class=\"g-cols vc_row via_grid cols_1 laptops-cols_inherit tablets-cols_inherit mobiles-cols_1 valign_top type_default stacking_default\"><div class=\"wpb_column vc_column_container\"><div class=\"vc_column-inner\"><div class=\"w-tabs style_default switch_click accordion has_scrolling remove_indents\"><div class=\"w-tabs-sections titles-align_none icon_plus cpos_right\"><div class=\"w-tabs-section\" id=\"k766\"><button class=\"w-tabs-section-header\" aria-controls=\"content-k766\" aria-expanded=\"false\"><h2 class=\"w-tabs-section-title\">\u00bfEs caro utilizar tus servicios?<\/h2><div class=\"w-tabs-section-control\"><\/div><\/button><div  class=\"w-tabs-section-content\" id=\"content-k766\"><div class=\"w-tabs-section-content-h i-cf\"><div class=\"wpb_text_column us_custom_6e74c4b0\"><div class=\"wpb_wrapper\"><p style=\"font-weight: 400;\">Nuestras tarifas por hora se ajustan a las tarifas normales del mercado y var\u00edan en funci\u00f3n del servicio que prestemos.<br \/>\nPrep\u00e1rate para que te cueste m\u00e1s que un fontanero, pero menos que un abogado. <\/p>\n<\/div><\/div><\/div><\/div><\/div><div class=\"w-tabs-section\" id=\"q91a\"><button class=\"w-tabs-section-header\" aria-controls=\"content-q91a\" aria-expanded=\"false\"><h2 class=\"w-tabs-section-title\">\u00bfVendes productos?<\/h2><div class=\"w-tabs-section-control\"><\/div><\/button><div  class=\"w-tabs-section-content\" id=\"content-q91a\"><div class=\"w-tabs-section-content-h i-cf\"><div class=\"wpb_text_column us_custom_6e74c4b0\"><div class=\"wpb_wrapper\"><p style=\"font-weight: 500;\">Pues s\u00ed.<br \/>\nVendemos pantallas de TV, altavoces, luminarias, sistemas de control, automatismos James Bond, cortinas motorizadas e iluminaci\u00f3n interior. <\/p>\n<\/div><\/div><\/div><\/div><\/div><div class=\"w-tabs-section\" id=\"sab3\"><button class=\"w-tabs-section-header\" aria-controls=\"content-sab3\" aria-expanded=\"false\"><h2 class=\"w-tabs-section-title\">\u00bfTengo que compraros los productos?<\/h2><div class=\"w-tabs-section-control\"><\/div><\/button><div  class=\"w-tabs-section-content\" id=\"content-sab3\"><div class=\"w-tabs-section-content-h i-cf\"><div class=\"wpb_text_column\"><div class=\"wpb_wrapper\"><p style=\"font-weight: 400;\">En absoluto.<br \/>\nPuedes contratarnos para el dise\u00f1o y la planificaci\u00f3n y luego comprar los productos donde quieras. <\/p>\n<\/div><\/div><\/div><\/div><\/div><div class=\"w-tabs-section\" id=\"sc53\"><button class=\"w-tabs-section-header\" aria-controls=\"content-sc53\" aria-expanded=\"false\"><h2 class=\"w-tabs-section-title\">\u00bfEs m\u00e1s caro comprar tus productos en comparaci\u00f3n con otros?<\/h2><div class=\"w-tabs-section-control\"><\/div><\/button><div  class=\"w-tabs-section-content\" id=\"content-sc53\"><div class=\"w-tabs-section-content-h i-cf\"><div class=\"wpb_text_column us_custom_6e74c4b0\"><div class=\"wpb_wrapper\"><p style=\"font-weight: 400;\">Aplicamos precios justos y seguimos los precios recomendados por los fabricantes.<br \/>\nEsto significa que siempre puedes estar seguro del origen, las garant\u00edas y las condiciones de servicio. <\/p>\n<\/div><\/div><\/div><\/div><\/div><div class=\"w-tabs-section\" id=\"gdf8\"><button class=\"w-tabs-section-header\" aria-controls=\"content-gdf8\" aria-expanded=\"false\"><h2 class=\"w-tabs-section-title\">Tengo curiosidad, pero no estoy seguro. \u00bfC\u00f3mo empiezo?<\/h2><div class=\"w-tabs-section-control\"><\/div><\/button><div  class=\"w-tabs-section-content\" id=\"content-gdf8\"><div class=\"w-tabs-section-content-h i-cf\"><div class=\"wpb_text_column us_custom_6e74c4b0\"><div class=\"wpb_wrapper\"><p style=\"font-weight: 400;\">Una primera reuni\u00f3n es siempre gratuita y sin compromiso.<br \/>\nReserva una reuni\u00f3n en nuestra sala de exposiciones para que podamos conocernos.<br \/>\nDespu\u00e9s, podremos ser m\u00e1s concretos y podr\u00e1s decidir con toda tranquilidad si somos los adecuados para tu proyecto.  <\/p>\n<\/div><\/div><\/div><\/div><\/div><div class=\"w-tabs-section\" id=\"kf96\"><button class=\"w-tabs-section-header\" aria-controls=\"content-kf96\" aria-expanded=\"false\"><h2 class=\"w-tabs-section-title\">Vamos a construir una casa. \u00bfPuedes enviarme un presupuesto para un sistema completo de iluminaci\u00f3n\/m\u00fasica\/control?<\/h2><div class=\"w-tabs-section-control\"><\/div><\/button><div  class=\"w-tabs-section-content\" id=\"content-kf96\"><div class=\"w-tabs-section-content-h i-cf\"><div class=\"wpb_text_column us_custom_6e74c4b0\"><div class=\"wpb_wrapper\"><p style=\"font-weight: 400;\">Cada proyecto es \u00fanico y necesita un dise\u00f1o personalizado.<br \/>\nTienes que contratarnos primero para este proceso de dise\u00f1o, que luego da lugar a un presupuesto. <\/p>\n<\/div><\/div><\/div><\/div><\/div><\/div><\/div><\/div><\/div><\/div><\/div><\/section>\n","protected":false},"excerpt":{"rendered":"Preguntas y respuestas: \u00bfEs caro utilizar tus servicios?Nuestras tarifas por hora se ajustan a las tarifas normales del mercado y var\u00edan en funci\u00f3n del servicio que prestemos. Prep\u00e1rate para que te cueste m\u00e1s que un fontanero, pero menos que un abogado. \u00bfVendes productos?Pues s\u00ed. Vendemos pantallas de TV, altavoces, luminarias, sistemas de control, automatismos James...","protected":false},"author":1,"featured_media":0,"parent":0,"menu_order":0,"comment_status":"closed","ping_status":"closed","template":"","meta":{"footnotes":""},"class_list":["post-2948","page","type-page","status-publish","hentry"],"yoast_head":"<!-- This site is optimized with the Yoast SEO plugin v27.4 - https:\/\/yoast.com\/product\/yoast-seo-wordpress\/ -->\n<title>Preguntas y respuestas - Integration design<\/title>\n<meta name=\"robots\" content=\"index, follow, max-snippet:-1, max-image-preview:large, max-video-preview:-1\" \/>\n<link rel=\"canonical\" href=\"https:\/\/integrationdesign.se\/es\/preguntas-y-respuestas\/\" \/>\n<meta property=\"og:locale\" content=\"es_ES\" \/>\n<meta property=\"og:type\" content=\"article\" \/>\n<meta property=\"og:title\" content=\"Preguntas y respuestas - Integration design\" \/>\n<meta property=\"og:url\" content=\"https:\/\/integrationdesign.se\/es\/preguntas-y-respuestas\/\" \/>\n<meta property=\"og:site_name\" content=\"Integration design\" \/>\n<meta property=\"article:modified_time\" content=\"2024-09-05T09:57:58+00:00\" \/>\n<meta name=\"twitter:card\" content=\"summary_large_image\" \/>\n<meta name=\"twitter:label1\" content=\"Tiempo de lectura\" \/>\n\t<meta name=\"twitter:data1\" content=\"2 minutos\" \/>\n<script type=\"application\/ld+json\" class=\"yoast-schema-graph\">{\"@context\":\"https:\\\/\\\/schema.org\",\"@graph\":[{\"@type\":\"WebPage\",\"@id\":\"https:\\\/\\\/integrationdesign.se\\\/es\\\/preguntas-y-respuestas\\\/\",\"url\":\"https:\\\/\\\/integrationdesign.se\\\/es\\\/preguntas-y-respuestas\\\/\",\"name\":\"Preguntas y respuestas - Integration design\",\"isPartOf\":{\"@id\":\"https:\\\/\\\/integrationdesign.se\\\/es\\\/#website\"},\"datePublished\":\"2023-02-24T08:38:23+00:00\",\"dateModified\":\"2024-09-05T09:57:58+00:00\",\"breadcrumb\":{\"@id\":\"https:\\\/\\\/integrationdesign.se\\\/es\\\/preguntas-y-respuestas\\\/#breadcrumb\"},\"inLanguage\":\"es\",\"potentialAction\":[{\"@type\":\"ReadAction\",\"target\":[\"https:\\\/\\\/integrationdesign.se\\\/es\\\/preguntas-y-respuestas\\\/\"]}]},{\"@type\":\"BreadcrumbList\",\"@id\":\"https:\\\/\\\/integrationdesign.se\\\/es\\\/preguntas-y-respuestas\\\/#breadcrumb\",\"itemListElement\":[{\"@type\":\"ListItem\",\"position\":1,\"name\":\"Hem\",\"item\":\"https:\\\/\\\/integrationdesign.se\\\/es\\\/transformar-espacios\\\/\"},{\"@type\":\"ListItem\",\"position\":2,\"name\":\"Preguntas y respuestas\"}]},{\"@type\":\"WebSite\",\"@id\":\"https:\\\/\\\/integrationdesign.se\\\/es\\\/#website\",\"url\":\"https:\\\/\\\/integrationdesign.se\\\/es\\\/\",\"name\":\"Integration design\",\"description\":\"Release your senses\",\"potentialAction\":[{\"@type\":\"SearchAction\",\"target\":{\"@type\":\"EntryPoint\",\"urlTemplate\":\"https:\\\/\\\/integrationdesign.se\\\/es\\\/?s={search_term_string}\"},\"query-input\":{\"@type\":\"PropertyValueSpecification\",\"valueRequired\":true,\"valueName\":\"search_term_string\"}}],\"inLanguage\":\"es\"}]}<\/script>\n<!-- \/ Yoast SEO plugin. -->","yoast_head_json":{"title":"Preguntas y respuestas - Integration design","robots":{"index":"index","follow":"follow","max-snippet":"max-snippet:-1","max-image-preview":"max-image-preview:large","max-video-preview":"max-video-preview:-1"},"canonical":"https:\/\/integrationdesign.se\/es\/preguntas-y-respuestas\/","og_locale":"es_ES","og_type":"article","og_title":"Preguntas y respuestas - Integration design","og_url":"https:\/\/integrationdesign.se\/es\/preguntas-y-respuestas\/","og_site_name":"Integration design","article_modified_time":"2024-09-05T09:57:58+00:00","twitter_card":"summary_large_image","twitter_misc":{"Tiempo de lectura":"2 minutos"},"schema":{"@context":"https:\/\/schema.org","@graph":[{"@type":"WebPage","@id":"https:\/\/integrationdesign.se\/es\/preguntas-y-respuestas\/","url":"https:\/\/integrationdesign.se\/es\/preguntas-y-respuestas\/","name":"Preguntas y respuestas - Integration design","isPartOf":{"@id":"https:\/\/integrationdesign.se\/es\/#website"},"datePublished":"2023-02-24T08:38:23+00:00","dateModified":"2024-09-05T09:57:58+00:00","breadcrumb":{"@id":"https:\/\/integrationdesign.se\/es\/preguntas-y-respuestas\/#breadcrumb"},"inLanguage":"es","potentialAction":[{"@type":"ReadAction","target":["https:\/\/integrationdesign.se\/es\/preguntas-y-respuestas\/"]}]},{"@type":"BreadcrumbList","@id":"https:\/\/integrationdesign.se\/es\/preguntas-y-respuestas\/#breadcrumb","itemListElement":[{"@type":"ListItem","position":1,"name":"Hem","item":"https:\/\/integrationdesign.se\/es\/transformar-espacios\/"},{"@type":"ListItem","position":2,"name":"Preguntas y respuestas"}]},{"@type":"WebSite","@id":"https:\/\/integrationdesign.se\/es\/#website","url":"https:\/\/integrationdesign.se\/es\/","name":"Integration design","description":"Release your senses","potentialAction":[{"@type":"SearchAction","target":{"@type":"EntryPoint","urlTemplate":"https:\/\/integrationdesign.se\/es\/?s={search_term_string}"},"query-input":{"@type":"PropertyValueSpecification","valueRequired":true,"valueName":"search_term_string"}}],"inLanguage":"es"}]}},"_links":{"self":[{"href":"https:\/\/integrationdesign.se\/es\/wp-json\/wp\/v2\/pages\/2948","targetHints":{"allow":["GET"]}}],"collection":[{"href":"https:\/\/integrationdesign.se\/es\/wp-json\/wp\/v2\/pages"}],"about":[{"href":"https:\/\/integrationdesign.se\/es\/wp-json\/wp\/v2\/types\/page"}],"author":[{"embeddable":true,"href":"https:\/\/integrationdesign.se\/es\/wp-json\/wp\/v2\/users\/1"}],"replies":[{"embeddable":true,"href":"https:\/\/integrationdesign.se\/es\/wp-json\/wp\/v2\/comments?post=2948"}],"version-history":[{"count":6,"href":"https:\/\/integrationdesign.se\/es\/wp-json\/wp\/v2\/pages\/2948\/revisions"}],"predecessor-version":[{"id":3094,"href":"https:\/\/integrationdesign.se\/es\/wp-json\/wp\/v2\/pages\/2948\/revisions\/3094"}],"wp:attachment":[{"href":"https:\/\/integrationdesign.se\/es\/wp-json\/wp\/v2\/media?parent=2948"}],"curies":[{"name":"wp","href":"https:\/\/api.w.org\/{rel}","templated":true}]}}